{"id":413,"date":"2023-03-13T15:52:34","date_gmt":"2023-03-13T15:52:34","guid":{"rendered":"http:\/\/s884785026.mialojamiento.es\/?page_id=413"},"modified":"2023-07-28T14:48:25","modified_gmt":"2023-07-28T14:48:25","slug":"contact","status":"publish","type":"page","link":"https:\/\/mantacatalog.org\/es\/contact\/","title":{"rendered":"P\u00f3ngase en contacto con nosotros"},"content":{"rendered":"[et_pb_section fb_built=\"1\u2033 admin_label=\"section\" _builder_version=\"3.22\u2033][et_pb_row _builder_version=\"4.4.3\u2033 custom_margin=\"|449px||342px|||\" custom_padding=\"21px|63px||||\"][et_pb_column type=\"4_4\u2033 _builder_version=\"4.4.3\u2033][et_pb_text _builder_version=\"4.4.3\u2033 min_height=\"119.6px\" custom_margin=\"||-31px|||\" hover_enabled=\"0\u2033 custom_padding=\"|127px||0px||\"]\n<h1><strong>P\u00f3ngase en contacto con nosotros<\/strong><\/h1>\n<p>&nbsp;<\/p>\n<h4 style=\"text-align: justify;\">Si tiene alguna consulta, p\u00f3ngase en contacto con nosotros a trav\u00e9s del siguiente formulario o por correo electr\u00f3nico\u00a0<strong><a href=\"mailto:info@mantacatalog.org\">info@mantacatalog.org<\/a><\/strong><\/h4>\n<p><strong><\/strong><\/p>\n<h4 style=\"text-align: left;\">Recibimos varias consultas por correo electr\u00f3nico al d\u00eda y somos un equipo peque\u00f1o, por lo que, aunque intentamos responder lo antes posible, le pedimos su comprensi\u00f3n si no podemos contestarle enseguida.<\/h4>\n<p>&nbsp;<\/p>\n<p>&nbsp;<\/p>\n[\/et_pb_text][\/et_pb_column][\/et_pb_row][et_pb_row admin_label=&#8221;row&#8221; _builder_version=&#8221;3.25&#8243; background_size=&#8221;initial&#8221; background_position=&#8221;top_left&#8221; background_repeat=&#8221;repeat&#8221;][et_pb_column type=&#8221;4_4&#8243; _builder_version=&#8221;3.25&#8243; custom_padding=&#8221;|||&#8221; custom_padding__hover=&#8221;|||&#8221;][et_pb_contact_form _builder_version=&#8221;4.4.3&#8243; hover_enabled=&#8221;0&#8243; form_field_text_color=&#8221;#0c71c3&#8243; captcha_text_color=&#8221;#0c71c3&#8243;][et_pb_contact_field field_id=&#8221;Name&#8221; field_title=&#8221;Name&#8221; _builder_version=&#8221;3.16&#8243; button_text_size__hover_enabled=&#8221;off&#8221; button_one_text_size__hover_enabled=&#8221;off&#8221; button_two_text_size__hover_enabled=&#8221;off&#8221; button_text_color__hover_enabled=&#8221;off&#8221; button_one_text_color__hover_enabled=&#8221;off&#8221; button_two_text_color__hover_enabled=&#8221;off&#8221; button_border_width__hover_enabled=&#8221;off&#8221; button_one_border_width__hover_enabled=&#8221;off&#8221; button_two_border_width__hover_enabled=&#8221;off&#8221; button_border_color__hover_enabled=&#8221;off&#8221; button_one_border_color__hover_enabled=&#8221;off&#8221; button_two_border_color__hover_enabled=&#8221;off&#8221; button_border_radius__hover_enabled=&#8221;off&#8221; button_one_border_radius__hover_enabled=&#8221;off&#8221; button_two_border_radius__hover_enabled=&#8221;off&#8221; button_letter_spacing__hover_enabled=&#8221;off&#8221; button_one_letter_spacing__hover_enabled=&#8221;off&#8221; button_two_letter_spacing__hover_enabled=&#8221;off&#8221; button_bg_color__hover_enabled=&#8221;off&#8221; button_one_bg_color__hover_enabled=&#8221;off&#8221; button_two_bg_color__hover_enabled=&#8221;off&#8221;][\/et_pb_contact_field][et_pb_contact_field field_id=&#8221;Email&#8221; field_title=&#8221;Email Address&#8221; field_type=&#8221;email&#8221; _builder_version=&#8221;4.4.3&#8243; button_text_size__hover_enabled=&#8221;off&#8221; button_one_text_size__hover_enabled=&#8221;off&#8221; button_two_text_size__hover_enabled=&#8221;off&#8221; button_text_color__hover_enabled=&#8221;off&#8221; button_one_text_color__hover_enabled=&#8221;off&#8221; button_two_text_color__hover_enabled=&#8221;off&#8221; button_border_width__hover_enabled=&#8221;off&#8221; button_one_border_width__hover_enabled=&#8221;off&#8221; button_two_border_width__hover_enabled=&#8221;off&#8221; button_border_color__hover_enabled=&#8221;off&#8221; button_one_border_color__hover_enabled=&#8221;off&#8221; button_two_border_color__hover_enabled=&#8221;off&#8221; button_border_radius__hover_enabled=&#8221;off&#8221; button_one_border_radius__hover_enabled=&#8221;off&#8221; button_two_border_radius__hover_enabled=&#8221;off&#8221; button_letter_spacing__hover_enabled=&#8221;off&#8221; button_one_letter_spacing__hover_enabled=&#8221;off&#8221; button_two_letter_spacing__hover_enabled=&#8221;off&#8221; button_bg_color__hover_enabled=&#8221;off&#8221; button_one_bg_color__hover_enabled=&#8221;off&#8221; button_two_bg_color__hover_enabled=&#8221;off&#8221;][\/et_pb_contact_field][et_pb_contact_field field_id=&#8221;Subject&#8221; field_title=&#8221;Subject&#8221; field_type=&#8221;select&#8221; select_options=&#8221;%91{%22value%22:%22General Inquiry%22,%22checked%22:0,%22dragID%22:-1},{%22value%22:%22Manta Catalog Azores%22,%22checked%22:0,%22dragID%22:0},{%22value%22:%22Manta Catalog Canary Islands%22,%22checked%22:0,%22dragID%22:1},{%22value%22:%22Internships &#038; Volunteering%22,%22checked%22:0,%22dragID%22:2},{%22value%22:%22Donations%22,%22checked%22:0,%22dragID%22:3}%93&#8243; fullwidth_field=&#8221;on&#8221; _builder_version=&#8221;4.4.3&#8243; hover_enabled=&#8221;0&#8243;][\/et_pb_contact_field][et_pb_contact_field field_id=&#8221;Message&#8221; field_title=&#8221;Message&#8221; field_type=&#8221;text&#8221; fullwidth_field=&#8221;on&#8221; _builder_version=&#8221;3.16&#8243; button_text_size__hover_enabled=&#8221;off&#8221; button_one_text_size__hover_enabled=&#8221;off&#8221; button_two_text_size__hover_enabled=&#8221;off&#8221; button_text_color__hover_enabled=&#8221;off&#8221; button_one_text_color__hover_enabled=&#8221;off&#8221; button_two_text_color__hover_enabled=&#8221;off&#8221; button_border_width__hover_enabled=&#8221;off&#8221; button_one_border_width__hover_enabled=&#8221;off&#8221; button_two_border_width__hover_enabled=&#8221;off&#8221; button_border_color__hover_enabled=&#8221;off&#8221; button_one_border_color__hover_enabled=&#8221;off&#8221; button_two_border_color__hover_enabled=&#8221;off&#8221; button_border_radius__hover_enabled=&#8221;off&#8221; button_one_border_radius__hover_enabled=&#8221;off&#8221; button_two_border_radius__hover_enabled=&#8221;off&#8221; button_letter_spacing__hover_enabled=&#8221;off&#8221; button_one_letter_spacing__hover_enabled=&#8221;off&#8221; button_two_letter_spacing__hover_enabled=&#8221;off&#8221; button_bg_color__hover_enabled=&#8221;off&#8221; button_one_bg_color__hover_enabled=&#8221;off&#8221; button_two_bg_color__hover_enabled=&#8221;off&#8221;][\/et_pb_contact_field][\/et_pb_contact_form][\/et_pb_column][\/et_pb_row][\/et_pb_section]","protected":false},"excerpt":{"rendered":"<p>[et_pb_section fb_built=\"1\u2033 admin_label=\"section\" _builder_version=\"3.22\u2033][et_pb_row _builder_version=\"4.4.3\u2033 custom_margin=\"|449px||342px|||\" custom_padding=\"21px|63px||||\"][et_pb_column type=\"4_4\u2033 _builder_version=\"4.4.3\u2033][et_pb_text _builder_version=\"4.4.3\u2033 min_height=\"119.6px\" custom_margin=\"||-31px|||\" hover_enabled=\"0\u2033 custom_padding=\"|127px||0px||\"] Contacto Si tiene alguna consulta, p\u00f3ngase en contacto con nosotros a trav\u00e9s del siguiente formulario o por correo electr\u00f3nico info@mantacatalog.org Recibimos varias consultas por correo electr\u00f3nico al d\u00eda y somos un equipo peque\u00f1o por lo que, aunque intentamos responder lo antes posible [...]<\/p>","protected":false},"author":1,"featured_media":0,"parent":0,"menu_order":0,"comment_status":"closed","ping_status":"closed","template":"","meta":{"_et_pb_use_builder":"on","_et_pb_old_content":"","_et_gb_content_width":"","footnotes":""},"class_list":["post-413","page","type-page","status-publish","hentry"],"yoast_head":"<!-- This site is optimized with the Yoast SEO plugin v26.2 - https:\/\/yoast.com\/wordpress\/plugins\/seo\/ -->\n<title>Contact us - Manta Catalog<\/title>\n<meta name=\"robots\" content=\"index, follow, max-snippet:-1, max-image-preview:large, max-video-preview:-1\" \/>\n<link rel=\"canonical\" href=\"https:\/\/mantacatalog.org\/es\/contact\/\" \/>\n<meta property=\"og:locale\" content=\"es_ES\" \/>\n<meta property=\"og:type\" content=\"article\" \/>\n<meta property=\"og:title\" content=\"Contact us - Manta Catalog\" \/>\n<meta property=\"og:description\" content=\"[et_pb_section fb_built=&#8221;1&#8243; admin_label=&#8221;section&#8221; _builder_version=&#8221;3.22&#8243;][et_pb_row _builder_version=&#8221;4.4.3&#8243; custom_margin=&#8221;|449px||342px||&#8221; custom_padding=&#8221;21px|63px||||&#8221;][et_pb_column type=&#8221;4_4&#8243; _builder_version=&#8221;4.4.3&#8243;][et_pb_text _builder_version=&#8221;4.4.3&#8243; min_height=&#8221;119.6px&#8221; custom_margin=&#8221;||-31px|||&#8221; hover_enabled=&#8221;0&#8243; custom_padding=&#8221;|127px||0px||&#8221;] Contact Us &nbsp; If you have an inquiry, please contact us through the form below or by email\u00a0info@mantacatalog.org We receive several email inquiries a day and we are a small team so, even though we try to answer as soon as [&hellip;]\" \/>\n<meta property=\"og:url\" content=\"https:\/\/mantacatalog.org\/es\/contact\/\" \/>\n<meta property=\"og:site_name\" content=\"Manta Catalog\" \/>\n<meta property=\"article:modified_time\" content=\"2023-07-28T14:48:25+00:00\" \/>\n<meta name=\"twitter:card\" content=\"summary_large_image\" \/>\n<meta name=\"twitter:label1\" content=\"Tiempo de lectura\" \/>\n\t<meta name=\"twitter:data1\" content=\"4 minutos\" \/>\n<script type=\"application\/ld+json\" class=\"yoast-schema-graph\">{\"@context\":\"https:\/\/schema.org\",\"@graph\":[{\"@type\":\"WebPage\",\"@id\":\"https:\/\/mantacatalog.org\/contact\/\",\"url\":\"https:\/\/mantacatalog.org\/contact\/\",\"name\":\"Contact us - Manta Catalog\",\"isPartOf\":{\"@id\":\"https:\/\/mantacatalog.org\/en\/#website\"},\"datePublished\":\"2023-03-13T15:52:34+00:00\",\"dateModified\":\"2023-07-28T14:48:25+00:00\",\"breadcrumb\":{\"@id\":\"https:\/\/mantacatalog.org\/contact\/#breadcrumb\"},\"inLanguage\":\"es\",\"potentialAction\":[{\"@type\":\"ReadAction\",\"target\":[\"https:\/\/mantacatalog.org\/contact\/\"]}]},{\"@type\":\"BreadcrumbList\",\"@id\":\"https:\/\/mantacatalog.org\/contact\/#breadcrumb\",\"itemListElement\":[{\"@type\":\"ListItem\",\"position\":1,\"name\":\"Home\",\"item\":\"https:\/\/mantacatalog.org\/en\/\"},{\"@type\":\"ListItem\",\"position\":2,\"name\":\"Contact us\"}]},{\"@type\":\"WebSite\",\"@id\":\"https:\/\/mantacatalog.org\/en\/#website\",\"url\":\"https:\/\/mantacatalog.org\/en\/\",\"name\":\"Manta Catalog\",\"description\":\"Research &amp; Conservation\",\"potentialAction\":[{\"@type\":\"SearchAction\",\"target\":{\"@type\":\"EntryPoint\",\"urlTemplate\":\"https:\/\/mantacatalog.org\/en\/?s={search_term_string}\"},\"query-input\":{\"@type\":\"PropertyValueSpecification\",\"valueRequired\":true,\"valueName\":\"search_term_string\"}}],\"inLanguage\":\"es\"}]}<\/script>\n<!-- \/ Yoast SEO plugin. -->","yoast_head_json":{"title":"Cont\u00e1ctenos - Manta Catalog","robots":{"index":"index","follow":"follow","max-snippet":"max-snippet:-1","max-image-preview":"max-image-preview:large","max-video-preview":"max-video-preview:-1"},"canonical":"https:\/\/mantacatalog.org\/es\/contact\/","og_locale":"es_ES","og_type":"article","og_title":"Contact us - Manta Catalog","og_description":"[et_pb_section fb_built=&#8221;1&#8243; admin_label=&#8221;section&#8221; _builder_version=&#8221;3.22&#8243;][et_pb_row _builder_version=&#8221;4.4.3&#8243; custom_margin=&#8221;|449px||342px||&#8221; custom_padding=&#8221;21px|63px||||&#8221;][et_pb_column type=&#8221;4_4&#8243; _builder_version=&#8221;4.4.3&#8243;][et_pb_text _builder_version=&#8221;4.4.3&#8243; min_height=&#8221;119.6px&#8221; custom_margin=&#8221;||-31px|||&#8221; hover_enabled=&#8221;0&#8243; custom_padding=&#8221;|127px||0px||&#8221;] Contact Us &nbsp; If you have an inquiry, please contact us through the form below or by email\u00a0info@mantacatalog.org We receive several email inquiries a day and we are a small team so, even though we try to answer as soon as [&hellip;]","og_url":"https:\/\/mantacatalog.org\/es\/contact\/","og_site_name":"Manta Catalog","article_modified_time":"2023-07-28T14:48:25+00:00","twitter_card":"summary_large_image","twitter_misc":{"Tiempo de lectura":"4 minutos"},"schema":{"@context":"https:\/\/schema.org","@graph":[{"@type":"WebPage","@id":"https:\/\/mantacatalog.org\/contact\/","url":"https:\/\/mantacatalog.org\/contact\/","name":"Cont\u00e1ctenos - Manta Catalog","isPartOf":{"@id":"https:\/\/mantacatalog.org\/en\/#website"},"datePublished":"2023-03-13T15:52:34+00:00","dateModified":"2023-07-28T14:48:25+00:00","breadcrumb":{"@id":"https:\/\/mantacatalog.org\/contact\/#breadcrumb"},"inLanguage":"es","potentialAction":[{"@type":"ReadAction","target":["https:\/\/mantacatalog.org\/contact\/"]}]},{"@type":"BreadcrumbList","@id":"https:\/\/mantacatalog.org\/contact\/#breadcrumb","itemListElement":[{"@type":"ListItem","position":1,"name":"Home","item":"https:\/\/mantacatalog.org\/en\/"},{"@type":"ListItem","position":2,"name":"Contact us"}]},{"@type":"WebSite","@id":"https:\/\/mantacatalog.org\/en\/#website","url":"https:\/\/mantacatalog.org\/en\/","name":"Cat\u00e1logo Manta","description":"Investigaci\u00f3n y conservaci\u00f3n","potentialAction":[{"@type":"SearchAction","target":{"@type":"EntryPoint","urlTemplate":"https:\/\/mantacatalog.org\/en\/?s={search_term_string}"},"query-input":{"@type":"PropertyValueSpecification","valueRequired":true,"valueName":"search_term_string"}}],"inLanguage":"es"}]}},"_links":{"self":[{"href":"https:\/\/mantacatalog.org\/es\/wp-json\/wp\/v2\/pages\/413","targetHints":{"allow":["GET"]}}],"collection":[{"href":"https:\/\/mantacatalog.org\/es\/wp-json\/wp\/v2\/pages"}],"about":[{"href":"https:\/\/mantacatalog.org\/es\/wp-json\/wp\/v2\/types\/page"}],"author":[{"embeddable":true,"href":"https:\/\/mantacatalog.org\/es\/wp-json\/wp\/v2\/users\/1"}],"replies":[{"embeddable":true,"href":"https:\/\/mantacatalog.org\/es\/wp-json\/wp\/v2\/comments?post=413"}],"version-history":[{"count":7,"href":"https:\/\/mantacatalog.org\/es\/wp-json\/wp\/v2\/pages\/413\/revisions"}],"predecessor-version":[{"id":763,"href":"https:\/\/mantacatalog.org\/es\/wp-json\/wp\/v2\/pages\/413\/revisions\/763"}],"wp:attachment":[{"href":"https:\/\/mantacatalog.org\/es\/wp-json\/wp\/v2\/media?parent=413"}],"curies":[{"name":"wp","href":"https:\/\/api.w.org\/{rel}","templated":true}]}}