{"id":445,"date":"2023-03-15T01:51:37","date_gmt":"2023-03-15T01:51:37","guid":{"rendered":"http:\/\/s884785026.mialojamiento.es\/?page_id=445"},"modified":"2023-07-29T18:55:21","modified_gmt":"2023-07-29T18:55:21","slug":"manta-catalog-azores","status":"publish","type":"page","link":"https:\/\/mantacatalog.org\/es\/manta-catalog-azores\/","title":{"rendered":"Cat\u00e1logo Manta Azores"},"content":{"rendered":"[et_pb_section fb_built=\"1\u2033 _builder_version=\"4.4.3\u2033 custom_margin=\"||-66px|||\" custom_padding=\"13px|||||\"][et_pb_row _builder_version=\"4.4.3\u2033][et_pb_column type=\"4_4\u2033 _builder_version=\"4.4.3\u2033][et_pb_image src=\"https:\/\/mantacatalog.org\/wp-content\/uploads\/2023\/03\/Logo_MC_Final_01.png\" align=\"center\" _builder_version=\"4.4.3\u2033 background_color=\"rgba(0,0,0,0)\" module_alignment=\"center\" min_height=\"242px\" max_height=\"300px\"][\/et_pb_image][\/et_pb_column][\/et_pb_row][\/et_pb_section][et_pb_section fb_built=\"1\u2033 _builder_version=\"4.4.3\u2033 min_height=\"249px\" custom_padding=\"0px||11px|||\"][et_pb_row _builder_version=\"4.4.3\u2033 min_height=\"234px\"][et_pb_column type=\"4_4\u2033 _builder_version=\"4.4.3\u2033][et_pb_text _builder_version=\"4.4.3\u2033 text_orientation=\"justified\"]<h1><strong>Cat\u00e1logo Manta Azores<\/strong><\/h1>\n<h3><em><\/em><\/h3>\n<h3><em>Fundada en 2012<\/em><\/h3>\n<p><em><\/em><\/p>\n<h3><em><strong>Las Azores es donde empez\u00f3 todo...<\/strong><\/em><\/h3>\n<p>&nbsp;<\/p>\n<h4>Fundado por Ana Filipa Sobral, el Proyecto Azores del Cat\u00e1logo Manta (MCA) es nuestro principal proyecto de investigaci\u00f3n. Tras m\u00e1s de una d\u00e9cada de investigaci\u00f3n, MCA ha crecido y su \u00e9xito ha inspirado la expansi\u00f3n del proyecto a otros lugares.<\/h4>[\/et_pb_text][\/et_pb_column][\/et_pb_row][\/et_pb_section][et_pb_section fb_built=\"1\u2033 _builder_version=\"4.4.3\u2033 min_height=\"305.3px\" custom_padding=\"13px|||||\"][et_pb_row column_structure=\"1_2,1_2\u2033 _builder_version=\"4.4.3\u2033 min_height=\"338.4px\"][et_pb_column type=\"1_2\u2033 _builder_version=\"4.4.3\u2033][et_pb_image src=\"https:\/\/mantacatalog.org\/wp-content\/uploads\/2023\/05\/Filling-the-gap_-e1690556431866.png\" _builder_version=\"4.4.3\u2033 min_height=\"427.4px\" custom_padding=\"|0px|0px|||\"][\/et_pb_image][\/et_pb_column][et_pb_column type=\"1_2\u2033 _builder_version=\"4.4.3\u2033][et_pb_text _builder_version=\"4.4.3\u2033 min_height=\"360.6px\" custom_margin=\"||95px|||\" custom_padding=\"17px|23px|116px|||\"]<h3><strong><\/strong><\/h3>\n<h3><strong>Islas Azores<\/strong><\/h3>\n<p><strong><\/strong><\/p>\n<p><strong><\/strong><\/p>\n<h5 style=\"text-align: justify;\"><strong>Uno de los pocos lugares del planeta donde las rayas diablo (Mobula tarapacana) se re\u00fanen en grandes grupos.<\/strong><\/h5>\n<p style=\"text-align: justify;\"><strong><\/strong><\/p>\n<p style=\"text-align: justify;\"><strong><\/strong><\/p>\n<h5 style=\"text-align: justify;\">Situadas en medio del oc\u00e9ano Atl\u00e1ntico, las Azores son un archipi\u00e9lago formado por nueve islas volc\u00e1nicas, las m\u00e1s aisladas del Atl\u00e1ntico Nordeste. El hecho de ser la \u00fanica masa de tierra entre dos continentes y de estar asentada sobre la dorsal atl\u00e1ntica media, junto con la fuerte influencia de la corriente del Golfo, hace que su entorno sea \u00fanico, un verdadero oasis de biodiversidad.<\/h5>\n<p>&nbsp;<\/p>\n<h5 style=\"text-align: justify;\">Desde las costas de las islas hasta las profundidades marinas, el archipi\u00e9lago abarca importantes y diversos ecosistemas, desde arrecifes costeros hasta montes submarinos, respiraderos hidrotermales y jardines de coral de aguas profundas.<\/h5>[\/et_pb_text][\/et_pb_column][\/et_pb_row][et_pb_row _builder_version=\"4.4.3\u2033 custom_padding=\"0px|||||\"][et_pb_column type=\"4_4\u2033 _builder_version=\"4.4.3\u2033][et_pb_text _builder_version=\"4.4.3\u2033]<h3>Resumen del proyecto<\/h3>\n<p><strong>La manta raya es la \u00fanica especie de manta raya que presenta marcas ventrales \u00fanicas, similares a las de las mantas.<\/strong><\/p>\n<p>De hecho, esta caracter\u00edstica llev\u00f3 a la g\u00e9nesis de este proyecto y al establecimiento de la primera base de datos de foto-ID para la manta raya en el mundo y, posteriormente, para la manta oce\u00e1nica en el Atl\u00e1ntico. Con el tiempo, estas bases de datos pueden revelar informaci\u00f3n sobre la composici\u00f3n de las poblaciones, los patrones de migraci\u00f3n y los movimientos alrededor de las Azores, al tiempo que descubren la posible conectividad con otras regiones del Atl\u00e1ntico y proporcionan pistas sobre la importancia de esta regi\u00f3n para las diferentes especies. Esta informaci\u00f3n es crucial para gestionar y conservar eficazmente estas rayas.<\/p>\n<p>La presencia de agregaciones predecibles en los montes submarinos del archipi\u00e9lago es, por tanto, muy significativa, ya que ofrece una oportunidad \u00fanica para estudiar estos animales. La mayor parte del trabajo del MCA se ha llevado a cabo en colaboraci\u00f3n con operadores de buceo locales y sus clientes, que apoyan el proyecto como \"ciudadanos cient\u00edficos\". Los clientes aportan fotos de identificaci\u00f3n tomadas durante sus inmersiones, y los operadores de buceo informan de cualquier avistamiento de mobulas que se produzca a lo largo de la temporada. M\u00e1s recientemente, los pescadores recreativos locales tambi\u00e9n han empezado a informar de sus encuentros con estos animales.<\/p>\n<p>Junto con la fotoidentificaci\u00f3n, el proyecto tambi\u00e9n ha recopilado datos mediante estaciones de v\u00eddeo remotas en los principales lugares de agregaci\u00f3n. Recientemente se han establecido colaboraciones en otras regiones para el uso de nuevas metodolog\u00edas y la recogida de muestras gen\u00e9ticas. Se han utilizado t\u00e9cnicas de gen\u00e9tica y gen\u00f3mica para estudiar la estructura poblacional de las rayas diablo y la conectividad de las poblaciones entre las Azores y diferentes regiones del planeta.<\/p>\n<p>Es necesario comprender el papel ecol\u00f3gico de estos lugares de agregaci\u00f3n tan espec\u00edficos y evaluar c\u00f3mo pueden evitarse mediante la regulaci\u00f3n los posibles impactos negativos en estos lugares.<\/p>\n<p>El proyecto espera aumentar en el futuro la cantidad de datos de identificaci\u00f3n que recoge de los buceadores visitantes y sensibilizar a la comunidad local en general sobre la conservaci\u00f3n y la importancia econ\u00f3mica de las rayas mobula que visitan la regi\u00f3n.<\/p>[\/et_pb_text][\/et_pb_column][\/et_pb_row][et_pb_row column_structure=\"1_2,1_2\u2033 _builder_version=\"4.4.3\u2033][et_pb_column type=\"1_2\u2033 _builder_version=\"4.4.3\u2033][et_pb_image src=\"https:\/\/mantacatalog.org\/wp-content\/uploads\/2020\/10\/manta_sample_EN_02.jpg\" _builder_version=\"4.4.3\u2033][\/et_pb_image][et_pb_image src=\"https:\/\/mantacatalog.org\/wp-content\/uploads\/2020\/10\/manta_sample_EN_01.jpg\" _builder_version=\"4.4.3\u2033][\/et_pb_image][et_pb_image src=\"https:\/\/mantacatalog.org\/wp-content\/uploads\/2020\/10\/manta_sample_EN_03.jpg\" _builder_version=\"4.4.3\u2033][\/et_pb_image][\/et_pb_column][et_pb_column type=\"1_2\u2033 _builder_version=\"4.4.3\u2033][et_pb_text _builder_version=\"4.4.3\u2033 min_height=\"583.1px\" custom_margin=\"||50px|||\"]<h3>Mantas y rayas diablo en las Azores<\/h3>\n<p>Entre junio y octubre de cada a\u00f1o, una especie de manta (<em><a href=\"https:\/\/www.mantatrust.org\/mobula-birostris\">Mobula birostris<\/a><\/em>) y dos especies de rayas diablo (<em><a href=\"https:\/\/www.mantatrust.org\/mobula-tarapacana\">Mobula tarapacana<\/a><\/em> y <em><a href=\"https:\/\/www.mantatrust.org\/mobula-mobular\">Mobula mobular<\/a><\/em>) en las aguas que rodean estas islas.<\/p>\n<p>El m\u00e1s com\u00fan es el grande y carism\u00e1tico <a href=\"https:\/\/www.mantatrust.org\/mobula-tarapacana\">Rayas diablo<\/a> (<em>M. tarapacana<\/em>). Esta especie es muy conocida por su color dorado y es una de las especies m\u00e1s grandes de rayas diablo, alcanzando una envergadura de casi cuatro metros.<\/p>\n<p>En <a href=\"https:\/\/www.mantatrust.org\/mobula-tarapacana\">Rayas diablo<\/a> Las rayas pueden verse en todo el archipi\u00e9lago durante los meses de verano, pero es en los montes submarinos de Ambr\u00f3sio, cerca de Santa Mar\u00eda, y Princesa Alice, cerca de Faial y Pico, donde se concentran en mayor n\u00famero. Todas las rayas que las visitan son adultos maduros, y muchas hembras est\u00e1n muy pre\u00f1adas. Sin embargo, la raz\u00f3n exacta de sus visitas sigue siendo un misterio. Lo que s\u00ed sabemos es que estas rayas no son t\u00edmidas a la hora de interactuar con los buceadores. Sus grandes agregaciones, su sorprendente tama\u00f1o y su evidente curiosidad hacen que el encuentro sea incre\u00edble y, por ello, muchos submarinistas de todo el mundo visitan las Azores espec\u00edficamente para verlas.<\/p>[\/et_pb_text][\/et_pb_column][\/et_pb_row][et_pb_row _builder_version=\"4.4.3\u2033 custom_padding=\"26px|||||\"][et_pb_column type=\"4_4\u2033 _builder_version=\"4.4.3\u2033][et_pb_text _builder_version=\"4.4.3\u2033]\n<div class=\"wp-block-qi-blocks-timeline qodef-block-container qodef-block-ac73573d\"><div class=\"qi-block-timeline qodef-block qodef-m qodef-timeline--horizontal qodef-timeline-layout--horizontal-alternating qodef--has-appear qodef-point--standard\" data-options=\"{&quot;colNum&quot;:3}\"><div class=\"qodef-nav-prev\"><svg xmlns=\"http:\/\/www.w3.org\/2000\/svg\" xmlns:xlink=\"http:\/\/www.w3.org\/1999\/xlink\" x=\"0px\" y=\"0px\" viewbox=\"0 0 34.2 32.3\" xml:space=\"preserve\" style=\"stroke-width: 2;\"><line x1=\"0.5\" y1=\"16\" x2=\"33.5\" y2=\"16\"\/><line x1=\"0.3\" y1=\"16.5\" x2=\"16.2\" y2=\"0.7\"\/><line x1=\"0\" y1=\"15.4\" x2=\"16.2\" y2=\"31.6\"\/><\/svg><\/div><div class=\"qodef-nav-next\"><svg xmlns=\"http:\/\/www.w3.org\/2000\/svg\" xmlns:xlink=\"http:\/\/www.w3.org\/1999\/xlink\" x=\"0px\" y=\"0px\" viewbox=\"0 0 34.2 32.3\" xml:space=\"preserve\" style=\"stroke-width: 2;\"><line x1=\"0\" y1=\"16\" x2=\"33\" y2=\"16\"\/><line x1=\"17.3\" y1=\"0.7\" x2=\"33.2\" y2=\"16.5\"\/><line x1=\"17.3\" y1=\"31.6\" x2=\"33.5\" y2=\"15.4\"\/><\/svg><\/div><div class=\"qodef-timeline-inner qodef-gutenberg-row\"><div class=\"qodef-e qodef-e-item qodef-gutenberg-column qodef-reverse\"><div class=\"qodef-e-line-holder\"><span class=\"qodef-e-line\"><\/span><\/div><div class=\"qodef-e-item-inner\"><div class=\"qodef-e-point-holder\"><div class=\"qodef-e-point\"><\/div><\/div><div class=\"qodef-e-top-holder\"><div class=\"qodef-e-image\"><img decoding=\"async\" src=\"https:\/\/mantacatalog.org\/wp-content\/uploads\/2023\/07\/1.png\" alt=\"\"\/><\/div><\/div><div class=\"qodef-e-content-holder\"><h4 class=\"qodef-e-title\">Creaci\u00f3n de la primera base de datos de fotoidentificaci\u00f3n de la raya hoz<\/h4><p class=\"qodef-e-text\">Creaci\u00f3n de la primera base de datos portuguesa de fotoidentificaci\u00f3n de mob\u00falidos y rayas falciformes que, hasta la fecha, ha documentado m\u00e1s de 300 mob\u00falidos.<\/p><div class=\"qodef-e-date\">2012<\/div><\/div><\/div><\/div><div class=\"qodef-e qodef-e-item qodef-gutenberg-column qodef-obverse\"><div class=\"qodef-e-line-holder\"><span class=\"qodef-e-line\"><\/span><\/div><div class=\"qodef-e-item-inner\"><div class=\"qodef-e-point-holder\"><div class=\"qodef-e-point\"><\/div><\/div><div class=\"qodef-e-top-holder\"><div class=\"qodef-e-image\"><img decoding=\"async\" src=\"https:\/\/mantacatalog.org\/wp-content\/uploads\/2023\/07\/Tane-Sinclair-Taylor_Mobula-tarapacana_09_noCR_icon.png\" alt=\"\"\/><\/div><\/div><div class=\"qodef-e-content-holder\"><h4 class=\"qodef-e-title\">Confirmada la presencia de tres especies de mob\u00falidos en las Azores<\/h4><p class=\"qodef-e-text\">Confirmada la presencia de tres especies de mob\u00falidos en el archipi\u00e9lago de las Azores gracias a la ciencia ciudadana<\/p><div class=\"qodef-e-date\">2013<\/div><\/div><\/div><\/div><div class=\"qodef-e qodef-e-item qodef-gutenberg-column qodef-reverse\"><div class=\"qodef-e-line-holder\"><span class=\"qodef-e-line\"><\/span><\/div><div class=\"qodef-e-item-inner\"><div class=\"qodef-e-point-holder\"><div class=\"qodef-e-point\"><\/div><\/div><div class=\"qodef-e-top-holder\"><div class=\"qodef-e-image\"><img decoding=\"async\" src=\"https:\/\/mantacatalog.org\/wp-content\/uploads\/2023\/07\/test_9977011.png\" alt=\"\"\/><\/div><\/div><div class=\"qodef-e-content-holder\"><h4 class=\"qodef-e-title\">Estudio de gen\u00e9tica y gen\u00f3mica<\/h4><p class=\"qodef-e-text\">Se recogieron y analizaron muestras de biopsias de tejidos para estudiar la estructura de la poblaci\u00f3n y evaluar la conectividad entre las Azores y otras regiones del mundo.<\/p><div class=\"qodef-e-date\">2018-2023<\/div><\/div><\/div><\/div><\/div><\/div><\/div>\n[\/et_pb_text][\/et_pb_column][\/et_pb_row][\/et_pb_section]","protected":false},"excerpt":{"rendered":"<p>[et_pb_section fb_built=\"1\u2033 _builder_version=\"4.4.3\u2033 custom_margin=\"||-66px|||\" custom_padding=\"13px|||||\"][et_pb_row _builder_version=\"4.4.3\u2033][et_pb_column type=\"4_4\u2033 _builder_version=\"4.4.3\u2033][et_pb_image src=\"https:\/\/mantacatalog.org\/wp-content\/uploads\/2023\/03\/Logo_MC_Final_01.png\" align=\"center\" _builder_version=\"4.4.3\u2033 background_color=\"rgba(0,0,0,0)\" module_alignment=\"center\" min_height=\"242px\" max_height=\"300px\"][\/et_pb_image][\/et_pb_column][\/et_pb_row][\/et_pb_section][et_pb_section fb_built=\"1\u2033 _builder_version=\"4.4.3\u2033 min_height=\"249px\" custom_padding=\"0px||11px|||\"][et_pb_row _builder_version=\"4.4.3\u2033 min_height=\"234px\"][et_pb_column type=\"4_4\u2033 _builder_version=\"4.4.3\u2033][et_pb_text _builder_version=\"4.4.3\u2033 text_orientation=\"justified\"] Manta Catalog Azores Fundada en 2012 Las Azores es donde empez\u00f3 todo... Fundado por Ana Filipa Sobral, el Proyecto Manta Catalog Azores (MCA) es nuestro principal proyecto de investigaci\u00f3n. [...]<\/p>","protected":false},"author":3,"featured_media":0,"parent":0,"menu_order":0,"comment_status":"closed","ping_status":"closed","template":"","meta":{"_et_pb_use_builder":"on","_et_pb_old_content":"","_et_gb_content_width":"","footnotes":""},"class_list":["post-445","page","type-page","status-publish","hentry"],"yoast_head":"<!-- This site is optimized with the Yoast SEO plugin v26.2 - https:\/\/yoast.com\/wordpress\/plugins\/seo\/ -->\n<title>Manta Catalog Azores - Manta Catalog<\/title>\n<meta name=\"robots\" content=\"index, follow, max-snippet:-1, max-image-preview:large, max-video-preview:-1\" \/>\n<link rel=\"canonical\" href=\"https:\/\/mantacatalog.org\/es\/manta-catalog-azores\/\" \/>\n<meta property=\"og:locale\" content=\"es_ES\" \/>\n<meta property=\"og:type\" content=\"article\" \/>\n<meta property=\"og:title\" content=\"Manta Catalog Azores - Manta Catalog\" \/>\n<meta property=\"og:description\" content=\"[et_pb_section fb_built=&#8221;1&#8243; _builder_version=&#8221;4.4.3&#8243; custom_margin=&#8221;||-66px|||&#8221; custom_padding=&#8221;13px|||||&#8221;][et_pb_row _builder_version=&#8221;4.4.3&#8243;][et_pb_column type=&#8221;4_4&#8243; _builder_version=&#8221;4.4.3&#8243;][et_pb_image src=&#8221;https:\/\/mantacatalog.org\/wp-content\/uploads\/2023\/03\/Logo_MC_Final_01.png&#8221; align=&#8221;center&#8221; _builder_version=&#8221;4.4.3&#8243; background_color=&#8221;rgba(0,0,0,0)&#8221; module_alignment=&#8221;center&#8221; min_height=&#8221;242px&#8221; max_height=&#8221;300px&#8221;][\/et_pb_image][\/et_pb_column][\/et_pb_row][\/et_pb_section][et_pb_section fb_built=&#8221;1&#8243; _builder_version=&#8221;4.4.3&#8243; min_height=&#8221;249px&#8221; custom_padding=&#8221;0px||11px|||&#8221;][et_pb_row _builder_version=&#8221;4.4.3&#8243; min_height=&#8221;234px&#8221;][et_pb_column type=&#8221;4_4&#8243; _builder_version=&#8221;4.4.3&#8243;][et_pb_text _builder_version=&#8221;4.4.3&#8243; text_orientation=&#8221;justified&#8221;] Manta Catalog Azores Founded in 2012 The Azores is where it all began&#8230; &nbsp; Founded by Ana Filipa Sobral, the Manta Catalog Azores Project (MCA) is our main research project. [&hellip;]\" \/>\n<meta property=\"og:url\" content=\"https:\/\/mantacatalog.org\/es\/manta-catalog-azores\/\" \/>\n<meta property=\"og:site_name\" content=\"Manta Catalog\" \/>\n<meta property=\"article:modified_time\" content=\"2023-07-29T18:55:21+00:00\" \/>\n<meta property=\"og:image\" content=\"https:\/\/mantacatalog.org\/wp-content\/uploads\/2023\/07\/1.png\" \/>\n<meta name=\"twitter:card\" content=\"summary_large_image\" \/>\n<meta name=\"twitter:label1\" content=\"Tiempo de lectura\" \/>\n\t<meta name=\"twitter:data1\" content=\"6 minutos\" \/>\n<script type=\"application\/ld+json\" class=\"yoast-schema-graph\">{\"@context\":\"https:\/\/schema.org\",\"@graph\":[{\"@type\":\"WebPage\",\"@id\":\"https:\/\/mantacatalog.org\/manta-catalog-azores\/\",\"url\":\"https:\/\/mantacatalog.org\/manta-catalog-azores\/\",\"name\":\"Manta Catalog Azores - Manta Catalog\",\"isPartOf\":{\"@id\":\"https:\/\/mantacatalog.org\/en\/#website\"},\"primaryImageOfPage\":{\"@id\":\"https:\/\/mantacatalog.org\/manta-catalog-azores\/#primaryimage\"},\"image\":{\"@id\":\"https:\/\/mantacatalog.org\/manta-catalog-azores\/#primaryimage\"},\"thumbnailUrl\":\"https:\/\/mantacatalog.org\/wp-content\/uploads\/2023\/07\/1.png\",\"datePublished\":\"2023-03-15T01:51:37+00:00\",\"dateModified\":\"2023-07-29T18:55:21+00:00\",\"breadcrumb\":{\"@id\":\"https:\/\/mantacatalog.org\/manta-catalog-azores\/#breadcrumb\"},\"inLanguage\":\"es\",\"potentialAction\":[{\"@type\":\"ReadAction\",\"target\":[\"https:\/\/mantacatalog.org\/manta-catalog-azores\/\"]}]},{\"@type\":\"ImageObject\",\"inLanguage\":\"es\",\"@id\":\"https:\/\/mantacatalog.org\/manta-catalog-azores\/#primaryimage\",\"url\":\"https:\/\/mantacatalog.org\/wp-content\/uploads\/2023\/07\/1.png\",\"contentUrl\":\"https:\/\/mantacatalog.org\/wp-content\/uploads\/2023\/07\/1.png\"},{\"@type\":\"BreadcrumbList\",\"@id\":\"https:\/\/mantacatalog.org\/manta-catalog-azores\/#breadcrumb\",\"itemListElement\":[{\"@type\":\"ListItem\",\"position\":1,\"name\":\"Home\",\"item\":\"https:\/\/mantacatalog.org\/en\/\"},{\"@type\":\"ListItem\",\"position\":2,\"name\":\"Manta Catalog Azores\"}]},{\"@type\":\"WebSite\",\"@id\":\"https:\/\/mantacatalog.org\/en\/#website\",\"url\":\"https:\/\/mantacatalog.org\/en\/\",\"name\":\"Manta Catalog\",\"description\":\"Research &amp; Conservation\",\"potentialAction\":[{\"@type\":\"SearchAction\",\"target\":{\"@type\":\"EntryPoint\",\"urlTemplate\":\"https:\/\/mantacatalog.org\/en\/?s={search_term_string}\"},\"query-input\":{\"@type\":\"PropertyValueSpecification\",\"valueRequired\":true,\"valueName\":\"search_term_string\"}}],\"inLanguage\":\"es\"}]}<\/script>\n<!-- \/ Yoast SEO plugin. -->","yoast_head_json":{"title":"Cat\u00e1logo Manta Azores - Cat\u00e1logo Manta","robots":{"index":"index","follow":"follow","max-snippet":"max-snippet:-1","max-image-preview":"max-image-preview:large","max-video-preview":"max-video-preview:-1"},"canonical":"https:\/\/mantacatalog.org\/es\/manta-catalog-azores\/","og_locale":"es_ES","og_type":"article","og_title":"Manta Catalog Azores - Manta Catalog","og_description":"[et_pb_section fb_built=&#8221;1&#8243; _builder_version=&#8221;4.4.3&#8243; custom_margin=&#8221;||-66px|||&#8221; custom_padding=&#8221;13px|||||&#8221;][et_pb_row _builder_version=&#8221;4.4.3&#8243;][et_pb_column type=&#8221;4_4&#8243; _builder_version=&#8221;4.4.3&#8243;][et_pb_image src=&#8221;https:\/\/mantacatalog.org\/wp-content\/uploads\/2023\/03\/Logo_MC_Final_01.png&#8221; align=&#8221;center&#8221; _builder_version=&#8221;4.4.3&#8243; background_color=&#8221;rgba(0,0,0,0)&#8221; module_alignment=&#8221;center&#8221; min_height=&#8221;242px&#8221; max_height=&#8221;300px&#8221;][\/et_pb_image][\/et_pb_column][\/et_pb_row][\/et_pb_section][et_pb_section fb_built=&#8221;1&#8243; _builder_version=&#8221;4.4.3&#8243; min_height=&#8221;249px&#8221; custom_padding=&#8221;0px||11px|||&#8221;][et_pb_row _builder_version=&#8221;4.4.3&#8243; min_height=&#8221;234px&#8221;][et_pb_column type=&#8221;4_4&#8243; _builder_version=&#8221;4.4.3&#8243;][et_pb_text _builder_version=&#8221;4.4.3&#8243; text_orientation=&#8221;justified&#8221;] Manta Catalog Azores Founded in 2012 The Azores is where it all began&#8230; &nbsp; Founded by Ana Filipa Sobral, the Manta Catalog Azores Project (MCA) is our main research project. [&hellip;]","og_url":"https:\/\/mantacatalog.org\/es\/manta-catalog-azores\/","og_site_name":"Manta Catalog","article_modified_time":"2023-07-29T18:55:21+00:00","og_image":[{"url":"https:\/\/mantacatalog.org\/wp-content\/uploads\/2023\/07\/1.png","type":"","width":"","height":""}],"twitter_card":"summary_large_image","twitter_misc":{"Tiempo de lectura":"6 minutos"},"schema":{"@context":"https:\/\/schema.org","@graph":[{"@type":"WebPage","@id":"https:\/\/mantacatalog.org\/manta-catalog-azores\/","url":"https:\/\/mantacatalog.org\/manta-catalog-azores\/","name":"Cat\u00e1logo Manta Azores - Cat\u00e1logo Manta","isPartOf":{"@id":"https:\/\/mantacatalog.org\/en\/#website"},"primaryImageOfPage":{"@id":"https:\/\/mantacatalog.org\/manta-catalog-azores\/#primaryimage"},"image":{"@id":"https:\/\/mantacatalog.org\/manta-catalog-azores\/#primaryimage"},"thumbnailUrl":"https:\/\/mantacatalog.org\/wp-content\/uploads\/2023\/07\/1.png","datePublished":"2023-03-15T01:51:37+00:00","dateModified":"2023-07-29T18:55:21+00:00","breadcrumb":{"@id":"https:\/\/mantacatalog.org\/manta-catalog-azores\/#breadcrumb"},"inLanguage":"es","potentialAction":[{"@type":"ReadAction","target":["https:\/\/mantacatalog.org\/manta-catalog-azores\/"]}]},{"@type":"ImageObject","inLanguage":"es","@id":"https:\/\/mantacatalog.org\/manta-catalog-azores\/#primaryimage","url":"https:\/\/mantacatalog.org\/wp-content\/uploads\/2023\/07\/1.png","contentUrl":"https:\/\/mantacatalog.org\/wp-content\/uploads\/2023\/07\/1.png"},{"@type":"BreadcrumbList","@id":"https:\/\/mantacatalog.org\/manta-catalog-azores\/#breadcrumb","itemListElement":[{"@type":"ListItem","position":1,"name":"Home","item":"https:\/\/mantacatalog.org\/en\/"},{"@type":"ListItem","position":2,"name":"Manta Catalog Azores"}]},{"@type":"WebSite","@id":"https:\/\/mantacatalog.org\/en\/#website","url":"https:\/\/mantacatalog.org\/en\/","name":"Cat\u00e1logo Manta","description":"Investigaci\u00f3n y conservaci\u00f3n","potentialAction":[{"@type":"SearchAction","target":{"@type":"EntryPoint","urlTemplate":"https:\/\/mantacatalog.org\/en\/?s={search_term_string}"},"query-input":{"@type":"PropertyValueSpecification","valueRequired":true,"valueName":"search_term_string"}}],"inLanguage":"es"}]}},"_links":{"self":[{"href":"https:\/\/mantacatalog.org\/es\/wp-json\/wp\/v2\/pages\/445","targetHints":{"allow":["GET"]}}],"collection":[{"href":"https:\/\/mantacatalog.org\/es\/wp-json\/wp\/v2\/pages"}],"about":[{"href":"https:\/\/mantacatalog.org\/es\/wp-json\/wp\/v2\/types\/page"}],"author":[{"embeddable":true,"href":"https:\/\/mantacatalog.org\/es\/wp-json\/wp\/v2\/users\/3"}],"replies":[{"embeddable":true,"href":"https:\/\/mantacatalog.org\/es\/wp-json\/wp\/v2\/comments?post=445"}],"version-history":[{"count":30,"href":"https:\/\/mantacatalog.org\/es\/wp-json\/wp\/v2\/pages\/445\/revisions"}],"predecessor-version":[{"id":816,"href":"https:\/\/mantacatalog.org\/es\/wp-json\/wp\/v2\/pages\/445\/revisions\/816"}],"wp:attachment":[{"href":"https:\/\/mantacatalog.org\/es\/wp-json\/wp\/v2\/media?parent=445"}],"curies":[{"name":"wp","href":"https:\/\/api.w.org\/{rel}","templated":true}]}}