{"id":448,"date":"2023-03-15T01:52:33","date_gmt":"2023-03-15T01:52:33","guid":{"rendered":"http:\/\/s884785026.mialojamiento.es\/?page_id=448"},"modified":"2023-07-29T18:32:52","modified_gmt":"2023-07-29T18:32:52","slug":"manta-catalog-canarias","status":"publish","type":"page","link":"https:\/\/mantacatalog.org\/es\/manta-catalog-canarias\/","title":{"rendered":"Cat\u00e1logo Manta Canarias"},"content":{"rendered":"[et_pb_section fb_built=\"1\u2033 _builder_version=\"4.4.3\u2033][et_pb_row _builder_version=\"4.4.3\u2033][et_pb_column type=\"4_4\u2033 _builder_version=\"4.4.3\u2033][et_pb_image src=\"https:\/\/mantacatalog.org\/wp-content\/uploads\/2023\/03\/MCC_Logo-text-under-color.png\" _builder_version=\"4.4.3\u2033 max_width=\"19%\" module_alignment=\"center\" max_height=\"210px\"][\/et_pb_image][\/et_pb_column][\/et_pb_row][\/et_pb_section][et_pb_section fb_built=\"1\u2033 _builder_version=\"4.4.3\u2033 hover_enabled=\"0\u2033 custom_padding=\"||0px|||\"][et_pb_row _builder_version=\"4.4.3\u2033 custom_margin=\"-20px|auto||auto||\"][et_pb_column type=\"4_4\u2033 _builder_version=\"4.4.3\u2033][et_pb_text _builder_version=\"4.4.3\u2033]\n<h1><strong>Cat\u00e1logo Manta Canarias<\/strong><\/h1>\n<h3>\u00a0<\/h3>\n<h3><em>Fundada en 2021<\/em><\/h3>\n<p>\u00a0<\/p>\n<h3><strong>Las Islas Canarias fueron las siguientes...<\/strong><\/h3>\n<p>\u00a0<\/p>\n<h4>Cofundado por Alicia Rodr\u00edguez Junc\u00e1 y Ana Filipa Sobral, Manta Catalog Canarias (MCC) es nuestro segundo proyecto de investigaci\u00f3n. Tras casi una d\u00e9cada de investigaci\u00f3n, nuestro trabajo se ampli\u00f3 al archipi\u00e9lago vecino.<\/h4>\n[\/et_pb_text][\/et_pb_column][\/et_pb_row][et_pb_row column_structure=\"1_2,1_2\u2033 _builder_version=\"4.4.3\u2033 min_height=\"676.5px\"][et_pb_column type=\"1_2\u2033 _builder_version=\"4.4.3\u2033][et_pb_image src=\"https:\/\/mantacatalog.org\/wp-content\/uploads\/2023\/06\/map-canary-islands-world-e1690593876961.png\u201d _builder_version=\u201d4.4.3\u2033 min_height=\u201d559.3px\" custom_padding=\"||0px|||\"][\/et_pb_image][\/et_pb_column][et_pb_column type=\"1_2\u2033 _builder_version=\"4.4.3\u2033][et_pb_text _builder_version=\"4.4.3\u2033]\n<h3>\u00a0<\/h3>\n<h3>\u00a0<\/h3>\n<h3>\u00a0<\/h3>\n<h3>\u00a0<\/h3>\n<h3>\u00a0<\/h3>\n<h3>\u00a0<\/h3>\n<h3>Las Islas Canarias<\/h3>\n<p>Archipi\u00e9lago de 8 islas situado frente a la costa africana, ba\u00f1ado por la corriente del mismo nombre. La naturaleza volc\u00e1nica y oce\u00e1nica de las islas les confiere su caracter\u00edstica topograf\u00eda submarina, con presencia de grandes profundidades cerca de una costa muy accidentada, peque\u00f1as plataformas insulares y fondos marinos con formaciones rocosas. La corriente de Canarias produce afloramientos de aguas profundas ricas en nutrientes, generando una elevada productividad, fuente de la riqueza de las redes tr\u00f3ficas.<\/p>\n[\/et_pb_text][\/et_pb_column][\/et_pb_row][et_pb_row _builder_version=\u201d4.4.3\u2033][et_pb_column type=\u201d4_4\u2033 _builder_version=\u201d4.4.3\u2033][et_pb_text _builder_version=\u201d4.4.3\u2033 width=\u201d100%\u201d]\n<h3>Resumen del proyecto<\/h3>\n<p>Este proyecto es el primer esfuerzo de investigaci\u00f3n centrado en los Mob\u00falidos en las Islas Canarias y tiene como objetivo llenar este vac\u00edo de conocimiento. Hemos creado la primera base de datos de fotoidentificaci\u00f3n de mob\u00falidos de Canarias. En colaboraci\u00f3n con los centros de buceo locales, la comunidad pesquera y el p\u00fablico en general, estamos recopilando datos sobre la presencia, abundancia, estacionalidad y preferencia de h\u00e1bitat de las especies que habitan en las aguas que rodean el archipi\u00e9lago.<\/p>\n<p>Partiendo del esfuerzo de Manta Catalog Azores por estudiar la conectividad potencial entre las islas oce\u00e1nicas del Atl\u00e1ntico, esta informaci\u00f3n es crucial para comprender la importancia de la Macaronesia para estas especies amenazadas.<\/p>\n[\/et_pb_text][\/et_pb_column][\/et_pb_row][et_pb_row column_structure=\"1_2,1_2\u2033 _builder_version=\"4.4.3\u2033 hover_enabled=\"0\u2033][et_pb_column type=\"1_2\u2033 _builder_version=\"4.4.3\u2033][et_pb_image src=\"https:\/\/mantacatalog.org\/wp-content\/uploads\/2020\/10\/manta_sample_EN_02.jpg\" _builder_version=\"4.4.3\u2033][\/et_pb_image][et_pb_image src=\"https:\/\/mantacatalog.org\/wp-content\/uploads\/2020\/10\/manta_sample_EN_01.jpg\" _builder_version=\"4.4.3\u2033][\/et_pb_image][et_pb_image src=\"https:\/\/mantacatalog.org\/wp-content\/uploads\/2020\/10\/manta_sample_EN_03.jpg\" _builder_version=\"4.4.3\u2033][\/et_pb_image][\/et_pb_column][et_pb_column type=\"1_2\u2033 _builder_version=\"4.4.3\u2033][et_pb_text _builder_version=\"4.4.3\u2033]\n<h3>\u00a0<\/h3>\n<h3>\u00a0<\/h3>\n<h3>\u00a0<\/h3>\n<h3>Manta y mantas diablo en Canarias<\/h3>\n<p>En las Islas Canarias se avistan mob\u00falidos durante todo el a\u00f1o, al contrario que en otras regiones, y grandes grupos de rayas diablo falciformes (<em>M. tarapacana<\/em>) se ven en las aguas que rodean la isla de El Hierro, en verano. Actualmente hay tres especies confirmadas para el archipi\u00e9lago (<em>Mobula birostris<\/em>, <em>Mobula tarapacana<\/em> y <em>Mobula mobular) <\/em>y estamos trabajando para actualizar esta informaci\u00f3n en breve.<\/p>\n<p>Nuestro conocimiento de estas especies en la regi\u00f3n es a\u00fan muy limitado y su importancia para cada especie es a\u00fan desconocida. El car\u00e1cter altamente migratorio y esquivo de estos animales dificulta su estudio, por lo que aumentar los esfuerzos de investigaci\u00f3n en los lugares donde se encuentran regularmente es crucial para su conservaci\u00f3n.<\/p>\n<p>Las Islas Canarias representan un \u00e1rea clave para el estudio de los Mob\u00falidos. La falta de esfuerzos previos de investigaci\u00f3n explican las lagunas de conocimiento existentes, que estamos trabajando para cubrir. A pesar del creciente inter\u00e9s de los buceadores por estos animales, a\u00fan existe una falta de concienciaci\u00f3n poblacional y gubernamental sobre la importancia de su conservaci\u00f3n, un \u00e1rea de acci\u00f3n igualmente importante para nuestro proyecto.<\/p>\n[\/et_pb_text][\/et_pb_column][\/et_pb_row][\/et_pb_section]","protected":false},"excerpt":{"rendered":"<p>[et_pb_section fb_built=\"1\u2033 _builder_version=\"4.4.3\u2033][et_pb_row _builder_version=\"4.4.3\u2033][et_pb_column type=\"4_4\u2033 _builder_version=\"4.4.3\u2033][et_pb_image src=\"https:\/\/mantacatalog.org\/wp-content\/uploads\/2023\/03\/MCC_Logo-text-under-color.png\" _builder_version=\"4.4.3\u2033 max_width=\"19%\" module_alignment=\"center\" max_height=\"210px\"][\/et_pb_image][\/et_pb_column][\/et_pb_row][\/et_pb_section][et_pb_section fb_built=\"1\u2033 _builder_version=\"4.4.3\u2033 hover_enabled=\"0\u2033 custom_padding=\"||0px|||\"][et_pb_row _builder_version=\"4.4.3\u2033 custom_margin=\"-20px|auto||auto||\"][et_pb_column type=\"4_4\u2033 _builder_version=\"4.4.3\u2033][et_pb_text _builder_version=\"4.4.3\u2033] Manta Catalog Canarias Fundada en 2021 Las Islas Canarias vinieron despu\u00e9s... Cofundada por Alicia Rodr\u00edguez Junc\u00e1 y Ana Filipa Sobral, Manta Catalog Canarias (MCC) es nuestro segundo proyecto de investigaci\u00f3n. Tras casi un [...]<\/p>","protected":false},"author":3,"featured_media":0,"parent":0,"menu_order":0,"comment_status":"closed","ping_status":"closed","template":"","meta":{"_et_pb_use_builder":"on","_et_pb_old_content":"","_et_gb_content_width":"","footnotes":""},"class_list":["post-448","page","type-page","status-publish","hentry"],"yoast_head":"<!-- This site is optimized with the Yoast SEO plugin v26.2 - https:\/\/yoast.com\/wordpress\/plugins\/seo\/ -->\n<title>Manta Catalog Canarias - Manta Catalog<\/title>\n<meta name=\"robots\" content=\"index, follow, max-snippet:-1, max-image-preview:large, max-video-preview:-1\" \/>\n<link rel=\"canonical\" href=\"https:\/\/mantacatalog.org\/es\/manta-catalog-canarias\/\" \/>\n<meta property=\"og:locale\" content=\"es_ES\" \/>\n<meta property=\"og:type\" content=\"article\" \/>\n<meta property=\"og:title\" content=\"Manta Catalog Canarias - Manta Catalog\" \/>\n<meta property=\"og:description\" content=\"[et_pb_section fb_built=&#8221;1&#8243; _builder_version=&#8221;4.4.3&#8243;][et_pb_row _builder_version=&#8221;4.4.3&#8243;][et_pb_column type=&#8221;4_4&#8243; _builder_version=&#8221;4.4.3&#8243;][et_pb_image src=&#8221;https:\/\/mantacatalog.org\/wp-content\/uploads\/2023\/03\/MCC_Logo-text-under-color.png&#8221; _builder_version=&#8221;4.4.3&#8243; max_width=&#8221;19%&#8221; module_alignment=&#8221;center&#8221; max_height=&#8221;210px&#8221;][\/et_pb_image][\/et_pb_column][\/et_pb_row][\/et_pb_section][et_pb_section fb_built=&#8221;1&#8243; _builder_version=&#8221;4.4.3&#8243; hover_enabled=&#8221;0&#8243; custom_padding=&#8221;||0px|||&#8221;][et_pb_row _builder_version=&#8221;4.4.3&#8243; custom_margin=&#8221;-20px|auto||auto||&#8221;][et_pb_column type=&#8221;4_4&#8243; _builder_version=&#8221;4.4.3&#8243;][et_pb_text _builder_version=&#8221;4.4.3&#8243;] Manta Catalog Canarias \u00a0 Founded in 2021 \u00a0 The Canary Islands came next&#8230; \u00a0 Co-founded by Alicia Rodr\u00edguez Junc\u00e1 and Ana Filipa Sobral, Manta Catalog Canarias (MCC) is our second research project. After almost a [&hellip;]\" \/>\n<meta property=\"og:url\" content=\"https:\/\/mantacatalog.org\/es\/manta-catalog-canarias\/\" \/>\n<meta property=\"og:site_name\" content=\"Manta Catalog\" \/>\n<meta property=\"article:modified_time\" content=\"2023-07-29T18:32:52+00:00\" \/>\n<meta name=\"twitter:card\" content=\"summary_large_image\" \/>\n<meta name=\"twitter:label1\" content=\"Tiempo de lectura\" \/>\n\t<meta name=\"twitter:data1\" content=\"3 minutos\" \/>\n<script type=\"application\/ld+json\" class=\"yoast-schema-graph\">{\"@context\":\"https:\/\/schema.org\",\"@graph\":[{\"@type\":\"WebPage\",\"@id\":\"https:\/\/mantacatalog.org\/manta-catalog-canarias\/\",\"url\":\"https:\/\/mantacatalog.org\/manta-catalog-canarias\/\",\"name\":\"Manta Catalog Canarias - Manta Catalog\",\"isPartOf\":{\"@id\":\"https:\/\/mantacatalog.org\/en\/#website\"},\"datePublished\":\"2023-03-15T01:52:33+00:00\",\"dateModified\":\"2023-07-29T18:32:52+00:00\",\"breadcrumb\":{\"@id\":\"https:\/\/mantacatalog.org\/manta-catalog-canarias\/#breadcrumb\"},\"inLanguage\":\"es\",\"potentialAction\":[{\"@type\":\"ReadAction\",\"target\":[\"https:\/\/mantacatalog.org\/manta-catalog-canarias\/\"]}]},{\"@type\":\"BreadcrumbList\",\"@id\":\"https:\/\/mantacatalog.org\/manta-catalog-canarias\/#breadcrumb\",\"itemListElement\":[{\"@type\":\"ListItem\",\"position\":1,\"name\":\"Home\",\"item\":\"https:\/\/mantacatalog.org\/en\/\"},{\"@type\":\"ListItem\",\"position\":2,\"name\":\"Manta Catalog Canarias\"}]},{\"@type\":\"WebSite\",\"@id\":\"https:\/\/mantacatalog.org\/en\/#website\",\"url\":\"https:\/\/mantacatalog.org\/en\/\",\"name\":\"Manta Catalog\",\"description\":\"Research &amp; Conservation\",\"potentialAction\":[{\"@type\":\"SearchAction\",\"target\":{\"@type\":\"EntryPoint\",\"urlTemplate\":\"https:\/\/mantacatalog.org\/en\/?s={search_term_string}\"},\"query-input\":{\"@type\":\"PropertyValueSpecification\",\"valueRequired\":true,\"valueName\":\"search_term_string\"}}],\"inLanguage\":\"es\"}]}<\/script>\n<!-- \/ Yoast SEO plugin. -->","yoast_head_json":{"title":"Cat\u00e1logo Manta Canarias - Cat\u00e1logo Manta","robots":{"index":"index","follow":"follow","max-snippet":"max-snippet:-1","max-image-preview":"max-image-preview:large","max-video-preview":"max-video-preview:-1"},"canonical":"https:\/\/mantacatalog.org\/es\/manta-catalog-canarias\/","og_locale":"es_ES","og_type":"article","og_title":"Manta Catalog Canarias - Manta Catalog","og_description":"[et_pb_section fb_built=&#8221;1&#8243; _builder_version=&#8221;4.4.3&#8243;][et_pb_row _builder_version=&#8221;4.4.3&#8243;][et_pb_column type=&#8221;4_4&#8243; _builder_version=&#8221;4.4.3&#8243;][et_pb_image src=&#8221;https:\/\/mantacatalog.org\/wp-content\/uploads\/2023\/03\/MCC_Logo-text-under-color.png&#8221; _builder_version=&#8221;4.4.3&#8243; max_width=&#8221;19%&#8221; module_alignment=&#8221;center&#8221; max_height=&#8221;210px&#8221;][\/et_pb_image][\/et_pb_column][\/et_pb_row][\/et_pb_section][et_pb_section fb_built=&#8221;1&#8243; _builder_version=&#8221;4.4.3&#8243; hover_enabled=&#8221;0&#8243; custom_padding=&#8221;||0px|||&#8221;][et_pb_row _builder_version=&#8221;4.4.3&#8243; custom_margin=&#8221;-20px|auto||auto||&#8221;][et_pb_column type=&#8221;4_4&#8243; _builder_version=&#8221;4.4.3&#8243;][et_pb_text _builder_version=&#8221;4.4.3&#8243;] Manta Catalog Canarias \u00a0 Founded in 2021 \u00a0 The Canary Islands came next&#8230; \u00a0 Co-founded by Alicia Rodr\u00edguez Junc\u00e1 and Ana Filipa Sobral, Manta Catalog Canarias (MCC) is our second research project. After almost a [&hellip;]","og_url":"https:\/\/mantacatalog.org\/es\/manta-catalog-canarias\/","og_site_name":"Manta Catalog","article_modified_time":"2023-07-29T18:32:52+00:00","twitter_card":"summary_large_image","twitter_misc":{"Tiempo de lectura":"3 minutos"},"schema":{"@context":"https:\/\/schema.org","@graph":[{"@type":"WebPage","@id":"https:\/\/mantacatalog.org\/manta-catalog-canarias\/","url":"https:\/\/mantacatalog.org\/manta-catalog-canarias\/","name":"Cat\u00e1logo Manta Canarias - Cat\u00e1logo Manta","isPartOf":{"@id":"https:\/\/mantacatalog.org\/en\/#website"},"datePublished":"2023-03-15T01:52:33+00:00","dateModified":"2023-07-29T18:32:52+00:00","breadcrumb":{"@id":"https:\/\/mantacatalog.org\/manta-catalog-canarias\/#breadcrumb"},"inLanguage":"es","potentialAction":[{"@type":"ReadAction","target":["https:\/\/mantacatalog.org\/manta-catalog-canarias\/"]}]},{"@type":"BreadcrumbList","@id":"https:\/\/mantacatalog.org\/manta-catalog-canarias\/#breadcrumb","itemListElement":[{"@type":"ListItem","position":1,"name":"Home","item":"https:\/\/mantacatalog.org\/en\/"},{"@type":"ListItem","position":2,"name":"Manta Catalog Canarias"}]},{"@type":"WebSite","@id":"https:\/\/mantacatalog.org\/en\/#website","url":"https:\/\/mantacatalog.org\/en\/","name":"Cat\u00e1logo Manta","description":"Investigaci\u00f3n y conservaci\u00f3n","potentialAction":[{"@type":"SearchAction","target":{"@type":"EntryPoint","urlTemplate":"https:\/\/mantacatalog.org\/en\/?s={search_term_string}"},"query-input":{"@type":"PropertyValueSpecification","valueRequired":true,"valueName":"search_term_string"}}],"inLanguage":"es"}]}},"_links":{"self":[{"href":"https:\/\/mantacatalog.org\/es\/wp-json\/wp\/v2\/pages\/448","targetHints":{"allow":["GET"]}}],"collection":[{"href":"https:\/\/mantacatalog.org\/es\/wp-json\/wp\/v2\/pages"}],"about":[{"href":"https:\/\/mantacatalog.org\/es\/wp-json\/wp\/v2\/types\/page"}],"author":[{"embeddable":true,"href":"https:\/\/mantacatalog.org\/es\/wp-json\/wp\/v2\/users\/3"}],"replies":[{"embeddable":true,"href":"https:\/\/mantacatalog.org\/es\/wp-json\/wp\/v2\/comments?post=448"}],"version-history":[{"count":17,"href":"https:\/\/mantacatalog.org\/es\/wp-json\/wp\/v2\/pages\/448\/revisions"}],"predecessor-version":[{"id":810,"href":"https:\/\/mantacatalog.org\/es\/wp-json\/wp\/v2\/pages\/448\/revisions\/810"}],"wp:attachment":[{"href":"https:\/\/mantacatalog.org\/es\/wp-json\/wp\/v2\/media?parent=448"}],"curies":[{"name":"wp","href":"https:\/\/api.w.org\/{rel}","templated":true}]}}