{"id":488,"date":"2023-04-13T10:43:12","date_gmt":"2023-04-13T10:43:12","guid":{"rendered":"http:\/\/s884785026.mialojamiento.es\/?page_id=488"},"modified":"2023-07-30T01:11:22","modified_gmt":"2023-07-30T01:11:22","slug":"photo-id-database","status":"publish","type":"page","link":"https:\/\/mantacatalog.org\/es\/photo-id-database\/","title":{"rendered":"Base de datos Photo-ID"},"content":{"rendered":"[et_pb_section fb_built=\"1\u2033 _builder_version=\"4.4.3\u2033][et_pb_row _builder_version=\"4.4.3\u2033][et_pb_column type=\"4_4\u2033 _builder_version=\"4.4.3\u2033][et_pb_text _builder_version=\"4.4.3\u2033 hover_enabled=\"0\u2033]\n<p>En otras partes del mundo, la investigaci\u00f3n centrada en las mantarrayas gira en torno a la recogida de fotos de identificaci\u00f3n, im\u00e1genes que captan los patrones y marcas \u00fanicos que se encuentran en la superficie ventral de cada animal. Cada foto se registra por fecha y lugar, lo que permite a los investigadores hacer un seguimiento de los individuos a lo largo del tiempo.<\/p>\n<p>Estas bases de datos pueden revelar informaci\u00f3n sobre la composici\u00f3n de las poblaciones, las pautas de migraci\u00f3n y los movimientos, al tiempo que descubren la posible conectividad entre regiones y ofrecen pistas sobre su importancia para las distintas especies. Esta informaci\u00f3n es crucial para gestionar y conservar eficazmente estas rayas.<\/p>\n<p>Ahora sabemos que las rayas diablo se encuentran entre los buceadores m\u00e1s profundos del oc\u00e9ano, pero por lo dem\u00e1s siguen siendo un misterio para nosotros. La presencia de agregaciones predecibles en determinados montes submarinos de las Azores es, por tanto, muy significativa, ya que ofrece una oportunidad \u00fanica para estudiar estos animales.<\/p>\n[\/et_pb_text][et_pb_code _builder_version=\"4.4.3\u2033]<iframe loading=\"lazy\" src=\"https:\/\/www.google.com\/maps\/d\/embed?mid=1dBNEoVsJGNffTC0vJO_WGKrTQYPt7dK3&#038;ehbc=2E312F\" width=\"100%\" height=\"480\"><\/iframe>[\/et_pb_code][\/et_pb_column][\/et_pb_row][et_pb_row _builder_version=\u201d4.4.3\u2033][et_pb_column type=\u201d4_4\u2033 _builder_version=\u201d4.4.3\u2033][\/et_pb_column][\/et_pb_row][\/et_pb_section]","protected":false},"excerpt":{"rendered":"<p>[et_pb_section fb_built=\"1\u2033 _builder_version=\"4.4.3\u2033][et_pb_row _builder_version=\"4.4.3\u2033][et_pb_column type=\"4_4\u2033 _builder_version=\"4.4.3\u2033][et_pb_text _builder_version=\"4.4.3\u2033 hover_enabled=\"0\u2033] En otras partes del mundo, la investigaci\u00f3n centrada en las mantarrayas gira en torno a la recopilaci\u00f3n de fotos de identificaci\u00f3n, im\u00e1genes que capturan los patrones y marcas \u00fanicos que se encuentran en la superficie ventral de cada animal. Cada foto se registra por fecha y ubicaci\u00f3n, permitiendo as\u00ed a los investigadores [...]<\/p>","protected":false},"author":3,"featured_media":0,"parent":0,"menu_order":0,"comment_status":"closed","ping_status":"closed","template":"","meta":{"_et_pb_use_builder":"on","_et_pb_old_content":"","_et_gb_content_width":"","footnotes":""},"class_list":["post-488","page","type-page","status-publish","hentry"],"yoast_head":"<!-- This site is optimized with the Yoast SEO plugin v26.2 - https:\/\/yoast.com\/wordpress\/plugins\/seo\/ -->\n<title>Photo-ID database - Manta Catalog<\/title>\n<meta name=\"robots\" content=\"index, follow, max-snippet:-1, max-image-preview:large, max-video-preview:-1\" \/>\n<link rel=\"canonical\" href=\"https:\/\/mantacatalog.org\/es\/photo-id-database\/\" \/>\n<meta property=\"og:locale\" content=\"es_ES\" \/>\n<meta property=\"og:type\" content=\"article\" \/>\n<meta property=\"og:title\" content=\"Photo-ID database - Manta Catalog\" \/>\n<meta property=\"og:description\" content=\"[et_pb_section fb_built=&#8221;1&#8243; _builder_version=&#8221;4.4.3&#8243;][et_pb_row _builder_version=&#8221;4.4.3&#8243;][et_pb_column type=&#8221;4_4&#8243; _builder_version=&#8221;4.4.3&#8243;][et_pb_text _builder_version=&#8221;4.4.3&#8243; hover_enabled=&#8221;0&#8243;] In other parts of the world, research focused on manta rays revolves around the collection of ID photos \u2013 images that capture the unique patterns and markings found on the ventral surface of each animal. Each photo is registered by date and location, thereby allowing researchers to [&hellip;]\" \/>\n<meta property=\"og:url\" content=\"https:\/\/mantacatalog.org\/es\/photo-id-database\/\" \/>\n<meta property=\"og:site_name\" content=\"Manta Catalog\" \/>\n<meta property=\"article:modified_time\" content=\"2023-07-30T01:11:22+00:00\" \/>\n<meta name=\"twitter:card\" content=\"summary_large_image\" \/>\n<meta name=\"twitter:label1\" content=\"Tiempo de lectura\" \/>\n\t<meta name=\"twitter:data1\" content=\"1 minuto\" \/>\n<script type=\"application\/ld+json\" class=\"yoast-schema-graph\">{\"@context\":\"https:\/\/schema.org\",\"@graph\":[{\"@type\":\"WebPage\",\"@id\":\"https:\/\/mantacatalog.org\/photo-id-database\/\",\"url\":\"https:\/\/mantacatalog.org\/photo-id-database\/\",\"name\":\"Photo-ID database - Manta Catalog\",\"isPartOf\":{\"@id\":\"https:\/\/mantacatalog.org\/en\/#website\"},\"datePublished\":\"2023-04-13T10:43:12+00:00\",\"dateModified\":\"2023-07-30T01:11:22+00:00\",\"breadcrumb\":{\"@id\":\"https:\/\/mantacatalog.org\/photo-id-database\/#breadcrumb\"},\"inLanguage\":\"es\",\"potentialAction\":[{\"@type\":\"ReadAction\",\"target\":[\"https:\/\/mantacatalog.org\/photo-id-database\/\"]}]},{\"@type\":\"BreadcrumbList\",\"@id\":\"https:\/\/mantacatalog.org\/photo-id-database\/#breadcrumb\",\"itemListElement\":[{\"@type\":\"ListItem\",\"position\":1,\"name\":\"Home\",\"item\":\"https:\/\/mantacatalog.org\/en\/\"},{\"@type\":\"ListItem\",\"position\":2,\"name\":\"Photo-ID database\"}]},{\"@type\":\"WebSite\",\"@id\":\"https:\/\/mantacatalog.org\/en\/#website\",\"url\":\"https:\/\/mantacatalog.org\/en\/\",\"name\":\"Manta Catalog\",\"description\":\"Research &amp; Conservation\",\"potentialAction\":[{\"@type\":\"SearchAction\",\"target\":{\"@type\":\"EntryPoint\",\"urlTemplate\":\"https:\/\/mantacatalog.org\/en\/?s={search_term_string}\"},\"query-input\":{\"@type\":\"PropertyValueSpecification\",\"valueRequired\":true,\"valueName\":\"search_term_string\"}}],\"inLanguage\":\"es\"}]}<\/script>\n<!-- \/ Yoast SEO plugin. -->","yoast_head_json":{"title":"Base de datos Photo-ID - Cat\u00e1logo Manta","robots":{"index":"index","follow":"follow","max-snippet":"max-snippet:-1","max-image-preview":"max-image-preview:large","max-video-preview":"max-video-preview:-1"},"canonical":"https:\/\/mantacatalog.org\/es\/photo-id-database\/","og_locale":"es_ES","og_type":"article","og_title":"Photo-ID database - Manta Catalog","og_description":"[et_pb_section fb_built=&#8221;1&#8243; _builder_version=&#8221;4.4.3&#8243;][et_pb_row _builder_version=&#8221;4.4.3&#8243;][et_pb_column type=&#8221;4_4&#8243; _builder_version=&#8221;4.4.3&#8243;][et_pb_text _builder_version=&#8221;4.4.3&#8243; hover_enabled=&#8221;0&#8243;] In other parts of the world, research focused on manta rays revolves around the collection of ID photos \u2013 images that capture the unique patterns and markings found on the ventral surface of each animal. Each photo is registered by date and location, thereby allowing researchers to [&hellip;]","og_url":"https:\/\/mantacatalog.org\/es\/photo-id-database\/","og_site_name":"Manta Catalog","article_modified_time":"2023-07-30T01:11:22+00:00","twitter_card":"summary_large_image","twitter_misc":{"Tiempo de lectura":"1 minuto"},"schema":{"@context":"https:\/\/schema.org","@graph":[{"@type":"WebPage","@id":"https:\/\/mantacatalog.org\/photo-id-database\/","url":"https:\/\/mantacatalog.org\/photo-id-database\/","name":"Base de datos Photo-ID - Cat\u00e1logo Manta","isPartOf":{"@id":"https:\/\/mantacatalog.org\/en\/#website"},"datePublished":"2023-04-13T10:43:12+00:00","dateModified":"2023-07-30T01:11:22+00:00","breadcrumb":{"@id":"https:\/\/mantacatalog.org\/photo-id-database\/#breadcrumb"},"inLanguage":"es","potentialAction":[{"@type":"ReadAction","target":["https:\/\/mantacatalog.org\/photo-id-database\/"]}]},{"@type":"BreadcrumbList","@id":"https:\/\/mantacatalog.org\/photo-id-database\/#breadcrumb","itemListElement":[{"@type":"ListItem","position":1,"name":"Home","item":"https:\/\/mantacatalog.org\/en\/"},{"@type":"ListItem","position":2,"name":"Photo-ID database"}]},{"@type":"WebSite","@id":"https:\/\/mantacatalog.org\/en\/#website","url":"https:\/\/mantacatalog.org\/en\/","name":"Cat\u00e1logo Manta","description":"Investigaci\u00f3n y conservaci\u00f3n","potentialAction":[{"@type":"SearchAction","target":{"@type":"EntryPoint","urlTemplate":"https:\/\/mantacatalog.org\/en\/?s={search_term_string}"},"query-input":{"@type":"PropertyValueSpecification","valueRequired":true,"valueName":"search_term_string"}}],"inLanguage":"es"}]}},"_links":{"self":[{"href":"https:\/\/mantacatalog.org\/es\/wp-json\/wp\/v2\/pages\/488","targetHints":{"allow":["GET"]}}],"collection":[{"href":"https:\/\/mantacatalog.org\/es\/wp-json\/wp\/v2\/pages"}],"about":[{"href":"https:\/\/mantacatalog.org\/es\/wp-json\/wp\/v2\/types\/page"}],"author":[{"embeddable":true,"href":"https:\/\/mantacatalog.org\/es\/wp-json\/wp\/v2\/users\/3"}],"replies":[{"embeddable":true,"href":"https:\/\/mantacatalog.org\/es\/wp-json\/wp\/v2\/comments?post=488"}],"version-history":[{"count":5,"href":"https:\/\/mantacatalog.org\/es\/wp-json\/wp\/v2\/pages\/488\/revisions"}],"predecessor-version":[{"id":818,"href":"https:\/\/mantacatalog.org\/es\/wp-json\/wp\/v2\/pages\/488\/revisions\/818"}],"wp:attachment":[{"href":"https:\/\/mantacatalog.org\/es\/wp-json\/wp\/v2\/media?parent=488"}],"curies":[{"name":"wp","href":"https:\/\/api.w.org\/{rel}","templated":true}]}}