{"id":489,"date":"2023-04-13T10:43:12","date_gmt":"2023-04-13T10:43:12","guid":{"rendered":"http:\/\/s884785026.mialojamiento.es\/?page_id=489"},"modified":"2023-07-29T01:20:12","modified_gmt":"2023-07-29T01:20:12","slug":"citizen-science","status":"publish","type":"page","link":"https:\/\/mantacatalog.org\/es\/citizen-science\/","title":{"rendered":"Ciencia ciudadana"},"content":{"rendered":"[et_pb_section fb_built=\"1\u2033 _builder_version=\"4.4.3\u2033][et_pb_row column_structure=\"1_2,1_2\u2033 _builder_version=\"4.4.3\u2033 custom_padding=\"18px|||||\"][et_pb_column type=\"1_2\u2033 _builder_version=\"4.4.3\u2033][et_pb_text _builder_version=\"4.4.3\u2033 width=\"100%\" custom_padding=\"|0px||||\"]\n<h3 style=\"text-align: left;\"><strong>Ciencia ciudadana y participaci\u00f3n comunitaria<\/strong><\/h3>\n<p>&nbsp;<\/p>\n<p style=\"text-align: justify;\">La ciencia ciudadana -la participaci\u00f3n activa del p\u00fablico en la investigaci\u00f3n cient\u00edfica- es una importante fuente de conocimiento. La creciente asequibilidad de equipos como c\u00e1maras submarinas, ordenadores y tel\u00e9fonos inteligentes, ha dado lugar a una explosi\u00f3n de la participaci\u00f3n p\u00fablica en proyectos de ciencia ciudadana en todo el mundo. Manta Catalog se cre\u00f3 para aprovechar el poder de la ciencia ciudadana y contribuir a la investigaci\u00f3n y conservaci\u00f3n de las rayas mob\u00falidas del Atl\u00e1ntico oriental.<\/p>\n<p style=\"text-align: justify;\">El p\u00fablico en general puede compartir sus avistamientos y contribuir a nuestro\u00a0<a href=\"https:\/\/mantacatalog.org\/es\/photo-id-database\/\">foto-ID<\/a>\u00a0donde los individuos se identifican mediante fotograf\u00edas de sus marcas ventrales \u00fanicas. La informaci\u00f3n recopilada durante actividades como el buceo con tubo o el submarinismo puede proporcionar datos valiosos sobre el tama\u00f1o y la demograf\u00eda de las poblaciones, evaluaciones de las rutas migratorias y patrones temporales de presencia.<\/p>\n<p style=\"text-align: justify;\">El compromiso de la comunidad es crucial para hacer frente a las amenazas mundiales, como la sobrepesca, la contaminaci\u00f3n por pl\u00e1sticos y el cambio clim\u00e1tico. Los h\u00e1bitos de consumo determinan los flujos del mercado, y las elecciones conscientes pueden marcar la diferencia. Las campa\u00f1as de conservaci\u00f3n y las iniciativas de sensibilizaci\u00f3n tambi\u00e9n son pasos importantes para implicar activamente a los ciudadanos en la protecci\u00f3n de la manta raya.<\/p>\n<p style=\"text-align: justify;\">\n<p style=\"text-align: justify;\">\n<p style=\"text-align: justify;\">\n<p style=\"text-align: justify;\">\n<p style=\"text-align: justify;\">\n<p style=\"text-align: justify;\">La ciencia ciudadana aporta beneficios tanto cient\u00edficos (recogida de datos) como de participaci\u00f3n. Tambi\u00e9n se espera que la movilizaci\u00f3n de los ciudadanos conduzca a otros resultados como la educaci\u00f3n, la sensibilizaci\u00f3n y la acci\u00f3n.<\/p>\n<p style=\"text-align: justify;\">La mayor parte del trabajo de MCA se ha realizado en colaboraci\u00f3n con operadores de buceo locales y sus clientes, que apoyan el proyecto como \"ciudadanos cient\u00edficos\". Los clientes aportan fotos de identificaci\u00f3n tomadas durante sus inmersiones y los operadores de buceo informan de cualquier avistamiento de mobulas que se produzca a lo largo de la temporada. M\u00e1s recientemente, los pescadores recreativos locales tambi\u00e9n se han comprometido a informar de cualquier encuentro futuro que tengan con estos animales.<\/p>\n[\/et_pb_text][\/et_pb_column][et_pb_column type=\"1_2\u2033 _builder_version=\"4.4.3\u2033][et_pb_image src=\"https:\/\/mantacatalog.org\/wp-content\/uploads\/2023\/07\/P1080083-scaled.jpg\" _builder_version=\"4.4.3\u2033 min_height=\"532.6px\"][\/et_pb_image][et_pb_image src=\"https:\/\/mantacatalog.org\/wp-content\/uploads\/2023\/07\/IMG_2251-scaled.jpg\" _builder_version=\"4.4.3\u2033][\/et_pb_image][et_pb_image src=\"https:\/\/mantacatalog.org\/wp-content\/uploads\/2023\/07\/4as-mini-jornadas-do-ambiente-em-santa-maria-3_1.jpg\" _builder_version=\"4.4.3\u2033][\/et_pb_image][\/et_pb_column][\/et_pb_row][\/et_pb_section]","protected":false},"excerpt":{"rendered":"<p>[et_pb_section fb_built=\"1\u2033 _builder_version=\"4.4.3\u2033][et_pb_row column_structure=\"1_2,1_2\u2033 _builder_version=\"4.4.3\u2033 custom_padding=\"18px|||||\"][et_pb_column type=\"1_2\u2033 _builder_version=\"4.4.3\u2033][et_pb_text _builder_version=\"4.4.3\u2033 width=\"100%\" custom_padding=\"|0px||||\"] Ciencia ciudadana y participaci\u00f3n de la comunidad La ciencia ciudadana -la participaci\u00f3n activa del p\u00fablico en la investigaci\u00f3n cient\u00edfica- es una importante fuente de conocimiento. La creciente asequibilidad de equipos como c\u00e1maras submarinas, ordenadores y tel\u00e9fonos inteligentes, ha dado lugar a una explosi\u00f3n de [...]<\/p>","protected":false},"author":3,"featured_media":0,"parent":0,"menu_order":0,"comment_status":"closed","ping_status":"closed","template":"","meta":{"_et_pb_use_builder":"on","_et_pb_old_content":"","_et_gb_content_width":"","footnotes":""},"class_list":["post-489","page","type-page","status-publish","hentry"],"yoast_head":"<!-- This site is optimized with the Yoast SEO plugin v26.2 - https:\/\/yoast.com\/wordpress\/plugins\/seo\/ -->\n<title>Citizen Science - Manta Catalog<\/title>\n<meta name=\"robots\" content=\"index, follow, max-snippet:-1, max-image-preview:large, max-video-preview:-1\" \/>\n<link rel=\"canonical\" href=\"https:\/\/mantacatalog.org\/es\/citizen-science\/\" \/>\n<meta property=\"og:locale\" content=\"es_ES\" \/>\n<meta property=\"og:type\" content=\"article\" \/>\n<meta property=\"og:title\" content=\"Citizen Science - Manta Catalog\" \/>\n<meta property=\"og:description\" content=\"[et_pb_section fb_built=&#8221;1&#8243; _builder_version=&#8221;4.4.3&#8243;][et_pb_row column_structure=&#8221;1_2,1_2&#8243; _builder_version=&#8221;4.4.3&#8243; custom_padding=&#8221;18px|||||&#8221;][et_pb_column type=&#8221;1_2&#8243; _builder_version=&#8221;4.4.3&#8243;][et_pb_text _builder_version=&#8221;4.4.3&#8243; width=&#8221;100%&#8221; custom_padding=&#8221;|0px||||&#8221;] Citizen Science and Community Engagement &nbsp; Citizen science &#8211; the active involvement of the public in scientific research &#8211; is an important source of knowledge. The increasing affordability of equipment such as underwater cameras, computers and smartphones, has resulted in an explosion of public [&hellip;]\" \/>\n<meta property=\"og:url\" content=\"https:\/\/mantacatalog.org\/es\/citizen-science\/\" \/>\n<meta property=\"og:site_name\" content=\"Manta Catalog\" \/>\n<meta property=\"article:modified_time\" content=\"2023-07-29T01:20:12+00:00\" \/>\n<meta name=\"twitter:card\" content=\"summary_large_image\" \/>\n<meta name=\"twitter:label1\" content=\"Tiempo de lectura\" \/>\n\t<meta name=\"twitter:data1\" content=\"2 minutos\" \/>\n<script type=\"application\/ld+json\" class=\"yoast-schema-graph\">{\"@context\":\"https:\/\/schema.org\",\"@graph\":[{\"@type\":\"WebPage\",\"@id\":\"https:\/\/mantacatalog.org\/citizen-science\/\",\"url\":\"https:\/\/mantacatalog.org\/citizen-science\/\",\"name\":\"Citizen Science - Manta Catalog\",\"isPartOf\":{\"@id\":\"https:\/\/mantacatalog.org\/en\/#website\"},\"datePublished\":\"2023-04-13T10:43:12+00:00\",\"dateModified\":\"2023-07-29T01:20:12+00:00\",\"breadcrumb\":{\"@id\":\"https:\/\/mantacatalog.org\/citizen-science\/#breadcrumb\"},\"inLanguage\":\"es\",\"potentialAction\":[{\"@type\":\"ReadAction\",\"target\":[\"https:\/\/mantacatalog.org\/citizen-science\/\"]}]},{\"@type\":\"BreadcrumbList\",\"@id\":\"https:\/\/mantacatalog.org\/citizen-science\/#breadcrumb\",\"itemListElement\":[{\"@type\":\"ListItem\",\"position\":1,\"name\":\"Home\",\"item\":\"https:\/\/mantacatalog.org\/en\/\"},{\"@type\":\"ListItem\",\"position\":2,\"name\":\"Citizen Science\"}]},{\"@type\":\"WebSite\",\"@id\":\"https:\/\/mantacatalog.org\/en\/#website\",\"url\":\"https:\/\/mantacatalog.org\/en\/\",\"name\":\"Manta Catalog\",\"description\":\"Research &amp; Conservation\",\"potentialAction\":[{\"@type\":\"SearchAction\",\"target\":{\"@type\":\"EntryPoint\",\"urlTemplate\":\"https:\/\/mantacatalog.org\/en\/?s={search_term_string}\"},\"query-input\":{\"@type\":\"PropertyValueSpecification\",\"valueRequired\":true,\"valueName\":\"search_term_string\"}}],\"inLanguage\":\"es\"}]}<\/script>\n<!-- \/ Yoast SEO plugin. -->","yoast_head_json":{"title":"Ciencia ciudadana - Cat\u00e1logo de Manta","robots":{"index":"index","follow":"follow","max-snippet":"max-snippet:-1","max-image-preview":"max-image-preview:large","max-video-preview":"max-video-preview:-1"},"canonical":"https:\/\/mantacatalog.org\/es\/citizen-science\/","og_locale":"es_ES","og_type":"article","og_title":"Citizen Science - Manta Catalog","og_description":"[et_pb_section fb_built=&#8221;1&#8243; _builder_version=&#8221;4.4.3&#8243;][et_pb_row column_structure=&#8221;1_2,1_2&#8243; _builder_version=&#8221;4.4.3&#8243; custom_padding=&#8221;18px|||||&#8221;][et_pb_column type=&#8221;1_2&#8243; _builder_version=&#8221;4.4.3&#8243;][et_pb_text _builder_version=&#8221;4.4.3&#8243; width=&#8221;100%&#8221; custom_padding=&#8221;|0px||||&#8221;] Citizen Science and Community Engagement &nbsp; Citizen science &#8211; the active involvement of the public in scientific research &#8211; is an important source of knowledge. The increasing affordability of equipment such as underwater cameras, computers and smartphones, has resulted in an explosion of public [&hellip;]","og_url":"https:\/\/mantacatalog.org\/es\/citizen-science\/","og_site_name":"Manta Catalog","article_modified_time":"2023-07-29T01:20:12+00:00","twitter_card":"summary_large_image","twitter_misc":{"Tiempo de lectura":"2 minutos"},"schema":{"@context":"https:\/\/schema.org","@graph":[{"@type":"WebPage","@id":"https:\/\/mantacatalog.org\/citizen-science\/","url":"https:\/\/mantacatalog.org\/citizen-science\/","name":"Ciencia ciudadana - Cat\u00e1logo de Manta","isPartOf":{"@id":"https:\/\/mantacatalog.org\/en\/#website"},"datePublished":"2023-04-13T10:43:12+00:00","dateModified":"2023-07-29T01:20:12+00:00","breadcrumb":{"@id":"https:\/\/mantacatalog.org\/citizen-science\/#breadcrumb"},"inLanguage":"es","potentialAction":[{"@type":"ReadAction","target":["https:\/\/mantacatalog.org\/citizen-science\/"]}]},{"@type":"BreadcrumbList","@id":"https:\/\/mantacatalog.org\/citizen-science\/#breadcrumb","itemListElement":[{"@type":"ListItem","position":1,"name":"Home","item":"https:\/\/mantacatalog.org\/en\/"},{"@type":"ListItem","position":2,"name":"Citizen Science"}]},{"@type":"WebSite","@id":"https:\/\/mantacatalog.org\/en\/#website","url":"https:\/\/mantacatalog.org\/en\/","name":"Cat\u00e1logo Manta","description":"Investigaci\u00f3n y conservaci\u00f3n","potentialAction":[{"@type":"SearchAction","target":{"@type":"EntryPoint","urlTemplate":"https:\/\/mantacatalog.org\/en\/?s={search_term_string}"},"query-input":{"@type":"PropertyValueSpecification","valueRequired":true,"valueName":"search_term_string"}}],"inLanguage":"es"}]}},"_links":{"self":[{"href":"https:\/\/mantacatalog.org\/es\/wp-json\/wp\/v2\/pages\/489","targetHints":{"allow":["GET"]}}],"collection":[{"href":"https:\/\/mantacatalog.org\/es\/wp-json\/wp\/v2\/pages"}],"about":[{"href":"https:\/\/mantacatalog.org\/es\/wp-json\/wp\/v2\/types\/page"}],"author":[{"embeddable":true,"href":"https:\/\/mantacatalog.org\/es\/wp-json\/wp\/v2\/users\/3"}],"replies":[{"embeddable":true,"href":"https:\/\/mantacatalog.org\/es\/wp-json\/wp\/v2\/comments?post=489"}],"version-history":[{"count":8,"href":"https:\/\/mantacatalog.org\/es\/wp-json\/wp\/v2\/pages\/489\/revisions"}],"predecessor-version":[{"id":785,"href":"https:\/\/mantacatalog.org\/es\/wp-json\/wp\/v2\/pages\/489\/revisions\/785"}],"wp:attachment":[{"href":"https:\/\/mantacatalog.org\/es\/wp-json\/wp\/v2\/media?parent=489"}],"curies":[{"name":"wp","href":"https:\/\/api.w.org\/{rel}","templated":true}]}}