{"id":490,"date":"2023-04-13T10:43:12","date_gmt":"2023-04-13T10:43:12","guid":{"rendered":"http:\/\/s884785026.mialojamiento.es\/?page_id=490"},"modified":"2023-07-19T00:41:25","modified_gmt":"2023-07-19T00:41:25","slug":"genetics","status":"publish","type":"page","link":"https:\/\/mantacatalog.org\/es\/genetics\/","title":{"rendered":"Gen\u00e9tica y gen\u00f3mica"},"content":{"rendered":"[et_pb_section fb_built=\"1\u2033 admin_label=\"section\" _builder_version=\"3.22\u2033][et_pb_row column_structure=\"1_2,1_2\u2033 admin_label=\"fila\" _builder_version=\"3.25\u2033 background_size=\"initial\" background_position=\"top_left\" background_repeat=\"repetir\"][et_pb_column type=\"1_2\u2033 _builder_version=\"repetir25\u2033 background_size=\"initial\" background_position=\"top_left\" background_repeat=\"repeat\"][et_pb_column type=\"1_2\u2033 _builder_version=\"3.25\u2033 custom_padding=\"|||\" custom_padding__hover=\"|||\"][et_pb_text _builder_version=\"4.4.3\u2033]\n<h3>Gen\u00e9tica y gen\u00f3mica<\/h3>\n<p>&nbsp;<\/p>\n<p>En los \u00faltimos a\u00f1os, se ha desentra\u00f1ado mucho sobre la taxonom\u00eda del g\u00e9nero <em>Mobula<\/em>. Las t\u00e9cnicas moleculares emergentes tienen el potencial de aclarar a\u00fan m\u00e1s los aspectos taxon\u00f3micos, lo que repercute directamente en la gesti\u00f3n eficaz de especies y poblaciones.<\/p>\n<p>La gen\u00e9tica y la gen\u00f3mica permiten comprender mejor ciertos aspectos de la biolog\u00eda y la ecolog\u00eda de los mob\u00falidos, a diferentes escalas espaciales y temporales. Las muestras individuales de ADN pueden recogerse mediante puntas de biopsia en cabestrillos de mano o utilizando otras t\u00e9cnicas m\u00ednimamente invasivas, como la recogida de moco.<\/p>\n<p>\u00a0El ADN contenido en peque\u00f1as muestras de tejido puede utilizarse para arrojar luz sobre la diversidad gen\u00e9tica a nivel de poblaci\u00f3n y ayudar a evaluar la estructura y la conectividad de las poblaciones. Las firmas de ADN tambi\u00e9n se utilizan para la identificaci\u00f3n de especies, crucial para controlar las capturas y el comercio y para ayudar a la regulaci\u00f3n protectora y a la aplicaci\u00f3n de la ley.<\/p>\n<p>La estimaci\u00f3n del tama\u00f1o gen\u00e9tico efectivo de la poblaci\u00f3n tambi\u00e9n es valiosa <span>para la gesti\u00f3n y conservaci\u00f3n de poblaciones, ya que permite evaluar las tendencias de las poblaciones y estimar la p\u00e9rdida de diversidad gen\u00e9tica.<\/span><\/p>\n<p>Tambi\u00e9n son prometedores los m\u00e9todos de marcaje y recaptura de parientes cercanos, que utilizan firmas gen\u00f3micas para identificar a los parientes, incluidas las parejas de progenitores y cr\u00edas, as\u00ed como ADN ambiental que puede utilizarse para se\u00f1alar zonas clave para la conservaci\u00f3n, como las zonas de alimentaci\u00f3n, apareamiento y cr\u00eda.<\/p>\n<p>&nbsp;<\/p>\n[\/et_pb_text][\/et_pb_column][et_pb_column type=\"1_2\u2033 _builder_version=\"4.4.3\u2033][et_pb_image src=\"https:\/\/mantacatalog.org\/wp-content\/uploads\/2023\/05\/IMG_4022-scaled.jpeg\" _builder_version=\"4.4.3\u2033][\/et_pb_image][et_pb_image src=\u201dhttps:\/\/mantacatalog.org\/wp-content\/uploads\/2023\/05\/Screenshot-2022-10-05-at-17.52.26.png\u201d _builder_version=\u201d4.4.3\u2033][\/et_pb_image][\/et_pb_column][\/et_pb_row][\/et_pb_section]","protected":false},"excerpt":{"rendered":"<p>[et_pb_section fb_built=\"1\u2033 admin_label=\"section\" _builder_version=\"3.22\u2033][et_pb_row column_structure=\"1_2,1_2\u2033 admin_label=\"row\" _builder_version=\"3.25\u2033 background_size=\"initial\" background_position=\"top_left\" background_repeat=\"repeat\"][et_pb_column type=\"1_2\u2033 _builder_version=\"3.25\u2033 custom_padding=\"|||\" custom_padding__hover=\"|||\"][et_pb_text _builder_version=\"4.4.3\u2033] Gen\u00e9tica y gen\u00f3mica En los \u00faltimos a\u00f1os, se ha desentra\u00f1ado mucho sobre la taxonom\u00eda del g\u00e9nero Mobula. Las t\u00e9cnicas moleculares emergentes tienen el potencial de aclarar a\u00fan m\u00e1s los aspectos taxon\u00f3micos, lo que repercute directamente en la gesti\u00f3n eficaz de las especies y [...]<\/p>","protected":false},"author":3,"featured_media":0,"parent":0,"menu_order":0,"comment_status":"closed","ping_status":"closed","template":"","meta":{"_et_pb_use_builder":"on","_et_pb_old_content":"","_et_gb_content_width":"","footnotes":""},"class_list":["post-490","page","type-page","status-publish","hentry"],"yoast_head":"<!-- This site is optimized with the Yoast SEO plugin v26.2 - https:\/\/yoast.com\/wordpress\/plugins\/seo\/ -->\n<title>Genetics and Genomics - Manta Catalog<\/title>\n<meta name=\"robots\" content=\"index, follow, max-snippet:-1, max-image-preview:large, max-video-preview:-1\" \/>\n<link rel=\"canonical\" href=\"https:\/\/mantacatalog.org\/es\/genetics\/\" \/>\n<meta property=\"og:locale\" content=\"es_ES\" \/>\n<meta property=\"og:type\" content=\"article\" \/>\n<meta property=\"og:title\" content=\"Genetics and Genomics - Manta Catalog\" \/>\n<meta property=\"og:description\" content=\"[et_pb_section fb_built=&#8221;1&#8243; admin_label=&#8221;section&#8221; _builder_version=&#8221;3.22&#8243;][et_pb_row column_structure=&#8221;1_2,1_2&#8243; admin_label=&#8221;row&#8221; _builder_version=&#8221;3.25&#8243; background_size=&#8221;initial&#8221; background_position=&#8221;top_left&#8221; background_repeat=&#8221;repeat&#8221;][et_pb_column type=&#8221;1_2&#8243; _builder_version=&#8221;3.25&#8243; custom_padding=&#8221;|||&#8221; custom_padding__hover=&#8221;|||&#8221;][et_pb_text _builder_version=&#8221;4.4.3&#8243;] Genetics and Genomics &nbsp; In recent years, a lot has been unraveled on the taxonomy of genus Mobula. Emerging molecular techniques have the potential to further clarify taxonomical aspects, having a direct impact on the effective management of species and [&hellip;]\" \/>\n<meta property=\"og:url\" content=\"https:\/\/mantacatalog.org\/es\/genetics\/\" \/>\n<meta property=\"og:site_name\" content=\"Manta Catalog\" \/>\n<meta property=\"article:modified_time\" content=\"2023-07-19T00:41:25+00:00\" \/>\n<meta name=\"twitter:card\" content=\"summary_large_image\" \/>\n<meta name=\"twitter:label1\" content=\"Tiempo de lectura\" \/>\n\t<meta name=\"twitter:data1\" content=\"2 minutos\" \/>\n<script type=\"application\/ld+json\" class=\"yoast-schema-graph\">{\"@context\":\"https:\/\/schema.org\",\"@graph\":[{\"@type\":\"WebPage\",\"@id\":\"https:\/\/mantacatalog.org\/genetics\/\",\"url\":\"https:\/\/mantacatalog.org\/genetics\/\",\"name\":\"Genetics and Genomics - Manta Catalog\",\"isPartOf\":{\"@id\":\"https:\/\/mantacatalog.org\/en\/#website\"},\"datePublished\":\"2023-04-13T10:43:12+00:00\",\"dateModified\":\"2023-07-19T00:41:25+00:00\",\"breadcrumb\":{\"@id\":\"https:\/\/mantacatalog.org\/genetics\/#breadcrumb\"},\"inLanguage\":\"es\",\"potentialAction\":[{\"@type\":\"ReadAction\",\"target\":[\"https:\/\/mantacatalog.org\/genetics\/\"]}]},{\"@type\":\"BreadcrumbList\",\"@id\":\"https:\/\/mantacatalog.org\/genetics\/#breadcrumb\",\"itemListElement\":[{\"@type\":\"ListItem\",\"position\":1,\"name\":\"Home\",\"item\":\"https:\/\/mantacatalog.org\/en\/\"},{\"@type\":\"ListItem\",\"position\":2,\"name\":\"Genetics and Genomics\"}]},{\"@type\":\"WebSite\",\"@id\":\"https:\/\/mantacatalog.org\/en\/#website\",\"url\":\"https:\/\/mantacatalog.org\/en\/\",\"name\":\"Manta Catalog\",\"description\":\"Research &amp; Conservation\",\"potentialAction\":[{\"@type\":\"SearchAction\",\"target\":{\"@type\":\"EntryPoint\",\"urlTemplate\":\"https:\/\/mantacatalog.org\/en\/?s={search_term_string}\"},\"query-input\":{\"@type\":\"PropertyValueSpecification\",\"valueRequired\":true,\"valueName\":\"search_term_string\"}}],\"inLanguage\":\"es\"}]}<\/script>\n<!-- \/ Yoast SEO plugin. -->","yoast_head_json":{"title":"Gen\u00e9tica y Gen\u00f3mica - Cat\u00e1logo Manta","robots":{"index":"index","follow":"follow","max-snippet":"max-snippet:-1","max-image-preview":"max-image-preview:large","max-video-preview":"max-video-preview:-1"},"canonical":"https:\/\/mantacatalog.org\/es\/genetics\/","og_locale":"es_ES","og_type":"article","og_title":"Genetics and Genomics - Manta Catalog","og_description":"[et_pb_section fb_built=&#8221;1&#8243; admin_label=&#8221;section&#8221; _builder_version=&#8221;3.22&#8243;][et_pb_row column_structure=&#8221;1_2,1_2&#8243; admin_label=&#8221;row&#8221; _builder_version=&#8221;3.25&#8243; background_size=&#8221;initial&#8221; background_position=&#8221;top_left&#8221; background_repeat=&#8221;repeat&#8221;][et_pb_column type=&#8221;1_2&#8243; _builder_version=&#8221;3.25&#8243; custom_padding=&#8221;|||&#8221; custom_padding__hover=&#8221;|||&#8221;][et_pb_text _builder_version=&#8221;4.4.3&#8243;] Genetics and Genomics &nbsp; In recent years, a lot has been unraveled on the taxonomy of genus Mobula. Emerging molecular techniques have the potential to further clarify taxonomical aspects, having a direct impact on the effective management of species and [&hellip;]","og_url":"https:\/\/mantacatalog.org\/es\/genetics\/","og_site_name":"Manta Catalog","article_modified_time":"2023-07-19T00:41:25+00:00","twitter_card":"summary_large_image","twitter_misc":{"Tiempo de lectura":"2 minutos"},"schema":{"@context":"https:\/\/schema.org","@graph":[{"@type":"WebPage","@id":"https:\/\/mantacatalog.org\/genetics\/","url":"https:\/\/mantacatalog.org\/genetics\/","name":"Gen\u00e9tica y Gen\u00f3mica - Cat\u00e1logo Manta","isPartOf":{"@id":"https:\/\/mantacatalog.org\/en\/#website"},"datePublished":"2023-04-13T10:43:12+00:00","dateModified":"2023-07-19T00:41:25+00:00","breadcrumb":{"@id":"https:\/\/mantacatalog.org\/genetics\/#breadcrumb"},"inLanguage":"es","potentialAction":[{"@type":"ReadAction","target":["https:\/\/mantacatalog.org\/genetics\/"]}]},{"@type":"BreadcrumbList","@id":"https:\/\/mantacatalog.org\/genetics\/#breadcrumb","itemListElement":[{"@type":"ListItem","position":1,"name":"Home","item":"https:\/\/mantacatalog.org\/en\/"},{"@type":"ListItem","position":2,"name":"Genetics and Genomics"}]},{"@type":"WebSite","@id":"https:\/\/mantacatalog.org\/en\/#website","url":"https:\/\/mantacatalog.org\/en\/","name":"Cat\u00e1logo Manta","description":"Investigaci\u00f3n y conservaci\u00f3n","potentialAction":[{"@type":"SearchAction","target":{"@type":"EntryPoint","urlTemplate":"https:\/\/mantacatalog.org\/en\/?s={search_term_string}"},"query-input":{"@type":"PropertyValueSpecification","valueRequired":true,"valueName":"search_term_string"}}],"inLanguage":"es"}]}},"_links":{"self":[{"href":"https:\/\/mantacatalog.org\/es\/wp-json\/wp\/v2\/pages\/490","targetHints":{"allow":["GET"]}}],"collection":[{"href":"https:\/\/mantacatalog.org\/es\/wp-json\/wp\/v2\/pages"}],"about":[{"href":"https:\/\/mantacatalog.org\/es\/wp-json\/wp\/v2\/types\/page"}],"author":[{"embeddable":true,"href":"https:\/\/mantacatalog.org\/es\/wp-json\/wp\/v2\/users\/3"}],"replies":[{"embeddable":true,"href":"https:\/\/mantacatalog.org\/es\/wp-json\/wp\/v2\/comments?post=490"}],"version-history":[{"count":7,"href":"https:\/\/mantacatalog.org\/es\/wp-json\/wp\/v2\/pages\/490\/revisions"}],"predecessor-version":[{"id":694,"href":"https:\/\/mantacatalog.org\/es\/wp-json\/wp\/v2\/pages\/490\/revisions\/694"}],"wp:attachment":[{"href":"https:\/\/mantacatalog.org\/es\/wp-json\/wp\/v2\/media?parent=490"}],"curies":[{"name":"wp","href":"https:\/\/api.w.org\/{rel}","templated":true}]}}