{"id":491,"date":"2023-04-13T10:43:12","date_gmt":"2023-04-13T10:43:12","guid":{"rendered":"http:\/\/s884785026.mialojamiento.es\/?page_id=491"},"modified":"2023-10-20T11:34:20","modified_gmt":"2023-10-20T11:34:20","slug":"mantas-and-devil-rays","status":"publish","type":"page","link":"https:\/\/mantacatalog.org\/es\/mantas-and-devil-rays\/","title":{"rendered":"Mantas y rayas diablo"},"content":{"rendered":"[et_pb_section fb_built=\"1\u2033 _builder_version=\"4.4.3\u2033][et_pb_row _builder_version=\"4.4.3\u2033][et_pb_column _builder_version=\"4.4.3\u2033 type=\"4_4\u2033][et_pb_text _builder_version=\"4.4.3\u2033 hover_enabled=\"0\u2033]\n<h1>Mantas y rayas diablo<\/h1>\n<p>&nbsp;<\/p>\n<p>El t\u00e9rmino \"manta\" corresponde a la palabra portuguesa o espa\u00f1ola utilizada para referirse a un manto similar a los mob\u00falidos en tama\u00f1o y forma.<\/p>\n<p><strong>Las rayas mob\u00falidas pertenecen a la familia Mobulidae, que cuenta con diez especies y comprende un g\u00e9nero: Mobula.<\/strong><\/p>\n<p><strong>Aunque se encuentran entre las especies marinas m\u00e1s carism\u00e1ticas, a\u00fan sabemos muy poco sobre su biolog\u00eda y ecolog\u00eda, y se enfrentan a graves amenazas. Estas rayas se ven afectadas por numerosas actividades humanas, como la pesca dirigida, las capturas accidentales, la destrucci\u00f3n del h\u00e1bitat, los desechos marinos, las colisiones con embarcaciones, los enredos y el turismo no regulado.<\/strong><\/p>\n<p><strong>Los mob\u00falidos maduran tarde, tienen una vida larga y paren una sola cr\u00eda cada 2 a 5 a\u00f1os, lo que limita la capacidad de las poblaciones para recuperarse del agotamiento causado por las actividades humanas u otros impactos. Por eso es cada vez m\u00e1s importante concienciar sobre la importancia de la conservaci\u00f3n de estos animales.<\/strong><\/p>\n<p>Parientes cercanos de todos los tiburones y rayas, estos peces cartilaginosos que se alimentan por filtraci\u00f3n viven en los oc\u00e9anos tropicales y subtropicales de todo el mundo. Estos peces deben mantener el flujo de agua a trav\u00e9s de sus branquias para respirar, lo que significa que nunca pueden dejar de moverse. Sus movimientos diarios y estacionales est\u00e1n sincronizados con las corrientes oce\u00e1nicas para poder perseguir el alimento planct\u00f3nico del que dependen.<\/p>\n<p>Varias diferencias morfol\u00f3gicas, como el tama\u00f1o y el color de su cuerpo, distinguen a estas especies. Las mantarrayas son las m\u00e1s grandes de todas las rayas, alcanzan un tama\u00f1o m\u00e1ximo de siete metros de punta a punta de las alas y pesan hasta dos toneladas. Su tama\u00f1o les permite aumentar su rango de b\u00fasqueda de alimento y su capacidad de almacenamiento de energ\u00eda, y la forma aplanada de su cuerpo se adapta perfectamente al planeo, mejorando la eficiencia natatoria de estos grandes peces.<\/p>\n<p>Las rayas diablo son sus parientes m\u00e1s peque\u00f1as, y la mayor\u00eda de las especies miden entre 1 y 1,8 metros de ancho de disco. La raya diablo de cola espinosa y la raya diablo falciforme son las especies m\u00e1s grandes, con anchuras de hasta 3,5 metros. A pesar de ser conocidas por su parte dorsal oscura y su parte ventral blanca, la coloraci\u00f3n y los patrones de manchas var\u00edan de una especie a otra.<\/p>\n<p>Las mantas y las rayas diablo utilizan unos ap\u00e9ndices especialmente modificados que se apoyan en cart\u00edlagos, llamados branquias, para filtrar el zooplancton y los peces peque\u00f1os de la columna de agua. Mientras nadan, la boca se mantiene abierta y los l\u00f3bulos cef\u00e1licos se utilizan como una cuchara para facilitar la ingesti\u00f3n de alimento. Una vez ingerido, el alimento es filtrado por las placas branquiales antes de ser procesado por el aparato digestivo. Aunque se alimentan por filtraci\u00f3n, la mayor\u00eda de las especies tienen 300 filas de peque\u00f1os dientes en forma de pinza, cada uno del tama\u00f1o de la cabeza de un alfiler, que utilizan en el cortejo y el apareamiento.<\/p>\n<p>Las rayas mob\u00falidas tienen un cerebro de gran tama\u00f1o, con la mayor proporci\u00f3n cerebro\/masa corporal de todos los peces y una fisiolog\u00eda cerebral m\u00e1s parecida a la de los mam\u00edferos que a la de otros peces. El gran tama\u00f1o de su cerebro podr\u00eda estar relacionado con sus comportamientos complejos y su aparente \"inteligencia social\". Su curiosidad frente a los buceadores hace que cualquier encuentro con una manta o una manta diablo sea una experiencia realmente m\u00e1gica. Adem\u00e1s de tener un cerebro de gran tama\u00f1o, las rayas mob\u00falidas poseen una enorme red de arterias alrededor del cerebro, similar a una esponja, denominada rete mirable cranica. Esta red forma un sistema contracorriente que facilita el intercambio de calor entre los vasos sangu\u00edneos. Se trata de una importante adaptaci\u00f3n que les permite mantener el cerebro bien caliente y activo mientras bucean en busca de peque\u00f1os peces y otras especies de zooplancton que abundan en las capas m\u00e1s profundas del oc\u00e9ano.<\/p>\n<p>Haga clic en <a href=\"https:\/\/www.mantatrust.org\/manta-and-devil-ray-species\" target=\"_blank\" rel=\"noopener noreferrer\">aqu\u00ed<\/a> para saber m\u00e1s sobre las especies de rayas mob\u00falidas que se encuentran en todo el mundo.<\/p>\n[\/et_pb_text][\/et_pb_column][\/et_pb_row][et_pb_row _builder_version=\"4.4.3\u2033][et_pb_column _builder_version=\"4.4.3\u2033 type=\"4_4\u2033][et_pb_image src=\"https:\/\/mantacatalog.org\/wp-content\/uploads\/2023\/10\/\u00a9-Nuno-Sa-scaled.jpg\" _builder_version=\"4.4.3\u2033 hover_enabled=\"0\u2033][\/et_pb_image][\/et_pb_column][\/et_pb_row][\/et_pb_section]","protected":false},"excerpt":{"rendered":"<p>[et_pb_section fb_built=\"1\u2033 _builder_version=\"4.4.3\u2033][et_pb_row _builder_version=\"4.4.3\u2033][et_pb_column _builder_version=\"4.4.3\u2033 type=\"4_4\u2033][et_pb_text _builder_version=\"4.4.3\u2033 hover_enabled=\"0\u2033] Mantas y rayas diablo El t\u00e9rmino \"manta\" corresponde a la palabra portuguesa o espa\u00f1ola utilizada para referirse a un manto similar a los mob\u00falidos en tama\u00f1o y forma. Las rayas mob\u00falidas pertenecen a la familia Mobulidae, que cuenta con diez especies y comprende un g\u00e9nero: Mobula. Aunque [...]<\/p>","protected":false},"author":3,"featured_media":0,"parent":0,"menu_order":0,"comment_status":"closed","ping_status":"closed","template":"","meta":{"_et_pb_use_builder":"on","_et_pb_old_content":"","_et_gb_content_width":"","footnotes":""},"class_list":["post-491","page","type-page","status-publish","hentry"],"yoast_head":"<!-- This site is optimized with the Yoast SEO plugin v26.2 - https:\/\/yoast.com\/wordpress\/plugins\/seo\/ -->\n<title>Mantas and Devil rays - Manta Catalog<\/title>\n<meta name=\"robots\" content=\"index, follow, max-snippet:-1, max-image-preview:large, max-video-preview:-1\" \/>\n<link rel=\"canonical\" href=\"https:\/\/mantacatalog.org\/es\/mantas-and-devil-rays\/\" \/>\n<meta property=\"og:locale\" content=\"es_ES\" \/>\n<meta property=\"og:type\" content=\"article\" \/>\n<meta property=\"og:title\" content=\"Mantas and Devil rays - Manta Catalog\" \/>\n<meta property=\"og:description\" content=\"[et_pb_section fb_built=&#8221;1&#8243; _builder_version=&#8221;4.4.3&#8243;][et_pb_row _builder_version=&#8221;4.4.3&#8243;][et_pb_column _builder_version=&#8221;4.4.3&#8243; type=&#8221;4_4&#8243;][et_pb_text _builder_version=&#8221;4.4.3&#8243; hover_enabled=&#8221;0&#8243;] Mantas and devil rays &nbsp; The term \u201cmanta\u201d corresponds to the Portuguese or Spanish word used to refer to a blanket-like cloak similar to mobulids in size and shape. Mobulid rays belong to the family Mobulidae, which has ten species and comprises one genus: Mobula. Even though [&hellip;]\" \/>\n<meta property=\"og:url\" content=\"https:\/\/mantacatalog.org\/es\/mantas-and-devil-rays\/\" \/>\n<meta property=\"og:site_name\" content=\"Manta Catalog\" \/>\n<meta property=\"article:modified_time\" content=\"2023-10-20T11:34:20+00:00\" \/>\n<meta name=\"twitter:card\" content=\"summary_large_image\" \/>\n<meta name=\"twitter:label1\" content=\"Tiempo de lectura\" \/>\n\t<meta name=\"twitter:data1\" content=\"3 minutos\" \/>\n<script type=\"application\/ld+json\" class=\"yoast-schema-graph\">{\"@context\":\"https:\/\/schema.org\",\"@graph\":[{\"@type\":\"WebPage\",\"@id\":\"https:\/\/mantacatalog.org\/mantas-and-devil-rays\/\",\"url\":\"https:\/\/mantacatalog.org\/mantas-and-devil-rays\/\",\"name\":\"Mantas and Devil rays - Manta Catalog\",\"isPartOf\":{\"@id\":\"https:\/\/mantacatalog.org\/en\/#website\"},\"datePublished\":\"2023-04-13T10:43:12+00:00\",\"dateModified\":\"2023-10-20T11:34:20+00:00\",\"breadcrumb\":{\"@id\":\"https:\/\/mantacatalog.org\/mantas-and-devil-rays\/#breadcrumb\"},\"inLanguage\":\"es\",\"potentialAction\":[{\"@type\":\"ReadAction\",\"target\":[\"https:\/\/mantacatalog.org\/mantas-and-devil-rays\/\"]}]},{\"@type\":\"BreadcrumbList\",\"@id\":\"https:\/\/mantacatalog.org\/mantas-and-devil-rays\/#breadcrumb\",\"itemListElement\":[{\"@type\":\"ListItem\",\"position\":1,\"name\":\"Home\",\"item\":\"https:\/\/mantacatalog.org\/en\/\"},{\"@type\":\"ListItem\",\"position\":2,\"name\":\"Mantas and Devil rays\"}]},{\"@type\":\"WebSite\",\"@id\":\"https:\/\/mantacatalog.org\/en\/#website\",\"url\":\"https:\/\/mantacatalog.org\/en\/\",\"name\":\"Manta Catalog\",\"description\":\"Research &amp; Conservation\",\"potentialAction\":[{\"@type\":\"SearchAction\",\"target\":{\"@type\":\"EntryPoint\",\"urlTemplate\":\"https:\/\/mantacatalog.org\/en\/?s={search_term_string}\"},\"query-input\":{\"@type\":\"PropertyValueSpecification\",\"valueRequired\":true,\"valueName\":\"search_term_string\"}}],\"inLanguage\":\"es\"}]}<\/script>\n<!-- \/ Yoast SEO plugin. -->","yoast_head_json":{"title":"Mantas y rayas diablo - Cat\u00e1logo de Manta","robots":{"index":"index","follow":"follow","max-snippet":"max-snippet:-1","max-image-preview":"max-image-preview:large","max-video-preview":"max-video-preview:-1"},"canonical":"https:\/\/mantacatalog.org\/es\/mantas-and-devil-rays\/","og_locale":"es_ES","og_type":"article","og_title":"Mantas and Devil rays - Manta Catalog","og_description":"[et_pb_section fb_built=&#8221;1&#8243; _builder_version=&#8221;4.4.3&#8243;][et_pb_row _builder_version=&#8221;4.4.3&#8243;][et_pb_column _builder_version=&#8221;4.4.3&#8243; type=&#8221;4_4&#8243;][et_pb_text _builder_version=&#8221;4.4.3&#8243; hover_enabled=&#8221;0&#8243;] Mantas and devil rays &nbsp; The term \u201cmanta\u201d corresponds to the Portuguese or Spanish word used to refer to a blanket-like cloak similar to mobulids in size and shape. Mobulid rays belong to the family Mobulidae, which has ten species and comprises one genus: Mobula. Even though [&hellip;]","og_url":"https:\/\/mantacatalog.org\/es\/mantas-and-devil-rays\/","og_site_name":"Manta Catalog","article_modified_time":"2023-10-20T11:34:20+00:00","twitter_card":"summary_large_image","twitter_misc":{"Tiempo de lectura":"3 minutos"},"schema":{"@context":"https:\/\/schema.org","@graph":[{"@type":"WebPage","@id":"https:\/\/mantacatalog.org\/mantas-and-devil-rays\/","url":"https:\/\/mantacatalog.org\/mantas-and-devil-rays\/","name":"Mantas y rayas diablo - Cat\u00e1logo de Manta","isPartOf":{"@id":"https:\/\/mantacatalog.org\/en\/#website"},"datePublished":"2023-04-13T10:43:12+00:00","dateModified":"2023-10-20T11:34:20+00:00","breadcrumb":{"@id":"https:\/\/mantacatalog.org\/mantas-and-devil-rays\/#breadcrumb"},"inLanguage":"es","potentialAction":[{"@type":"ReadAction","target":["https:\/\/mantacatalog.org\/mantas-and-devil-rays\/"]}]},{"@type":"BreadcrumbList","@id":"https:\/\/mantacatalog.org\/mantas-and-devil-rays\/#breadcrumb","itemListElement":[{"@type":"ListItem","position":1,"name":"Home","item":"https:\/\/mantacatalog.org\/en\/"},{"@type":"ListItem","position":2,"name":"Mantas and Devil rays"}]},{"@type":"WebSite","@id":"https:\/\/mantacatalog.org\/en\/#website","url":"https:\/\/mantacatalog.org\/en\/","name":"Cat\u00e1logo Manta","description":"Investigaci\u00f3n y conservaci\u00f3n","potentialAction":[{"@type":"SearchAction","target":{"@type":"EntryPoint","urlTemplate":"https:\/\/mantacatalog.org\/en\/?s={search_term_string}"},"query-input":{"@type":"PropertyValueSpecification","valueRequired":true,"valueName":"search_term_string"}}],"inLanguage":"es"}]}},"_links":{"self":[{"href":"https:\/\/mantacatalog.org\/es\/wp-json\/wp\/v2\/pages\/491","targetHints":{"allow":["GET"]}}],"collection":[{"href":"https:\/\/mantacatalog.org\/es\/wp-json\/wp\/v2\/pages"}],"about":[{"href":"https:\/\/mantacatalog.org\/es\/wp-json\/wp\/v2\/types\/page"}],"author":[{"embeddable":true,"href":"https:\/\/mantacatalog.org\/es\/wp-json\/wp\/v2\/users\/3"}],"replies":[{"embeddable":true,"href":"https:\/\/mantacatalog.org\/es\/wp-json\/wp\/v2\/comments?post=491"}],"version-history":[{"count":5,"href":"https:\/\/mantacatalog.org\/es\/wp-json\/wp\/v2\/pages\/491\/revisions"}],"predecessor-version":[{"id":835,"href":"https:\/\/mantacatalog.org\/es\/wp-json\/wp\/v2\/pages\/491\/revisions\/835"}],"wp:attachment":[{"href":"https:\/\/mantacatalog.org\/es\/wp-json\/wp\/v2\/media?parent=491"}],"curies":[{"name":"wp","href":"https:\/\/api.w.org\/{rel}","templated":true}]}}