{"id":100,"date":"2020-10-01T19:27:08","date_gmt":"2020-10-01T19:27:08","guid":{"rendered":"http:\/\/s884785026.mialojamiento.es\/?page_id=100"},"modified":"2023-03-15T02:46:37","modified_gmt":"2023-03-15T02:46:37","slug":"news","status":"publish","type":"page","link":"https:\/\/mantacatalog.org\/pt\/news\/","title":{"rendered":"Not\u00edcias"},"content":{"rendered":"[et_pb_section fb_built=\"1\u2033 _builder_version=\"4.4.3\u2033][et_pb_row _builder_version=\"4.4.3\u2033][et_pb_column type=\"4_4\u2033 _builder_version=\"4.4.3\u2033][et_pb_text _builder_version=\"4.4.3\u2033]\n<h1 class=\"font_9\"><span class=\"color_15\">Imprensa<\/span><\/h1>\n[\/et_pb_text][et_pb_text _builder_version=\"4.4.3\u2033]\n<h3>Nos media<\/h3>\n[\/et_pb_text][et_pb_text _builder_version=\"4.4.3\u2033 background_color=\"#f0f0f0\u2033 custom_padding=\"8px|0px|0px|8px|false|false\" hover_enabled=\"0\u2033 border_radii=\"off|4px|4px|4px|4px\" border_width_left=\"4px\" border_color_left=\"#0c71c3\u2033 box_shadow_style=\"preset3\u2033 box_shadow_spread=\"-23px\"]\n<h6><strong>Site Manta Cat\u00e1logo A\u00e7ores (MCA)<\/strong><\/h6>\n<h6><em><span style=\"font-weight: 400;\">Manta Trust<\/span><\/em><\/h6>\n<h6><a href=\"https:\/\/www.mantatrust.org\/azores\" target=\"_blank\" rel=\"noopener noreferrer\">https:\/\/www.mantatrust.org\/azores<\/a><\/h6>\n[\/et_pb_text][et_pb_text _builder_version=\"4.4.3\u2033 background_color=\"#f0f0f0\u2033 custom_padding=\"8px|0px|0px|8px|false|false\" border_radii=\"off|4px|4px|4px|4px|4px\" border_width_left=\"4px\" border_color_left=\"#0c71c3\u2033 box_shadow_style=\"preset3\u2033 box_shadow_spread=\"-23px\"]\n<h6 itemprop=\"name\" lang=\"en\" class=\"ixu-heading sel-doc-info-title ixu-heading--small\"><strong>Revista eletr\u00f3nica gratuita: Ocean People (#5)<\/strong><\/h6>\n<h6 itemprop=\"name\" lang=\"en\" class=\"ixu-heading sel-doc-info-title ixu-heading--small\"><em>Pessoas do Oceano<\/em><\/h6>\n<h6><a href=\"https:\/\/issuu.com\/oceanhab\/docs\/ocean_people_-_5\/15\" target=\"_blank\" rel=\"noopener noreferrer\">https:\/\/issuu.com\/oceanhab\/docs\/ocean_people_-_5\/15<\/a><\/h6>\n[\/et_pb_text][et_pb_text _builder_version=\"4.4.3\u2033 background_color=\"#f0f0f0\u2033 custom_padding=\"8px|0px|0px|8px|false|false\" border_radii=\"off|4px|4px|4px|4px|4px\" border_width_left=\"4px\" border_color_left=\"#0c71c3\u2033 box_shadow_style=\"preset3\u2033 box_shadow_spread=\"-23px\"]\n<h6><strong>Mini Mantas nos A\u00e7ores<\/strong><\/h6>\n<h6><em><span style=\"font-weight: 400;\">S\u00e9rie de Webinars do Manta Trust<\/span><\/em><\/h6>\n<h6><a href=\"https:\/\/www.youtube.com\/watch?v=NyGaLi37-L0\" target=\"_blank\" rel=\"noopener noreferrer\">https:\/\/www.youtube.com\/watch?v=NyGaLi37-L0<\/a><\/h6>\n[\/et_pb_text][et_pb_text _builder_version=\"4.4.3\u2033 background_color=\"#f0f0f0\u2033 custom_padding=\"8px|0px|0px|8px|false|false\" border_radii=\"off|4px|4px|4px|4px|4px\" border_width_left=\"4px\" border_color_left=\"#0c71c3\u2033 box_shadow_style=\"preset3\u2033 box_shadow_spread=\"-23px\" locked=\"off\"]\n<h6><strong>Entre o diabo e o azul profundo<\/strong><\/h6>\n<h6><em>Revista Save Our Seas, Edi\u00e7\u00e3o 7<\/em><\/h6>\n<h6><span><a href=\"https:\/\/www.saveourseasmagazine.com\/devils-deep-blue\/\" target=\"_blank\" rel=\"noopener noreferrer\">https:\/\/www.saveourseasmagazine.com\/devils-deep-blue\/<\/a><em><br \/> <\/em><\/span><\/h6>\n[\/et_pb_text][et_pb_text _builder_version=\"4.4.3\u2033 background_color=\"#f0f0f0\u2033 custom_padding=\"8px|0px|0px|8px|false|false\" border_radii=\"off|4px|4px|4px|4px|4px\" border_width_left=\"4px\" border_color_left=\"#0c71c3\u2033 box_shadow_style=\"preset3\u2033 box_shadow_spread=\"-23px\"]\n<h6><span><strong>Raias mobula virtualmente reais na CITES<\/strong><\/span><\/h6>\n<h6><span><em>Revista Save Our Seas, Edi\u00e7\u00e3o 6<\/em><\/span><\/h6>\n<h6><a href=\"https:\/\/www.saveourseasmagazine.com\/virtually-real-mobula-rays-cites\/\" target=\"_blank\" rel=\"noopener noreferrer\"><span><em>https:\/\/www.saveourseasmagazine.com\/virtually-real-mobula-rays-cites\/<\/em><\/span><\/a><\/h6>\n[\/et_pb_text][et_pb_text _builder_version=\"4.4.3\u2033 background_color=\"#f0f0f0\u2033 custom_padding=\"8px|0px|0px|8px|false|false\" border_radii=\"off|4px|4px|4px|4px|4px\" border_width_left=\"4px\" border_color_left=\"#0c71c3\u2033 box_shadow_style=\"preset3\u2033 box_shadow_spread=\"-23px\"]\n<h6><span><strong>Uma breve entrevista com Ana Sobral<\/strong><\/span><\/h6>\n<h6><span><em>Revista Save Our Seas, Edi\u00e7\u00e3o 6<\/em><\/span><\/h6>\n<h6><a href=\"http:\/\/www.saveourseasmagazine.com\/short-interview-ana-sobral\/\" target=\"_blank\" rel=\"noopener noreferrer\">http:\/\/www.saveourseasmagazine.com\/short-interview-ana-sobral\/<\/a><span style=\"color: #0c71c3;\"><a href=\"http:\/\/www.saveourseasmagazine.com\/short-interview-ana-sobral\/\" style=\"color: #0c71c3;\"><\/a><\/span><\/h6>\n[\/et_pb_text][et_pb_text _builder_version=\"4.4.3\u2033 background_color=\"#f0f0f0\u2033 custom_padding=\"8px|0px|0px|8px|false|false\" border_radii=\"off|4px|4px|4px|4px|4px\" border_width_left=\"4px\" border_color_left=\"#0c71c3\u2033 box_shadow_style=\"preset3\u2033 box_shadow_spread=\"-23px\"]\n<h6><span><strong>Identifica\u00e7\u00e3o de raias-do-mar chilenas no arquip\u00e9lago dos A\u00e7ores<\/strong><\/span><\/h6>\n<h6><span><em>S\u00edtio Web da Reef Divers<\/em><\/span><\/h6>\n<h6><span><a href=\"https:\/\/reefdivers.io\/identifying-chilean-devil-rays-azores-archipelago\/1444\" target=\"_blank\" rel=\"noopener noreferrer\">https:\/\/reefdivers.io\/identifying-chilean-devil-rays-azores-archipelago\/1444<\/a><\/span><\/h6>\n[\/et_pb_text][et_pb_text _builder_version=\"4.4.3\u2033 background_color=\"#f0f0f0\u2033 custom_padding=\"8px|0px|0px|8px|false|false\" border_radii=\"off|4px|4px|4px|4px|4px\" border_width_left=\"4px\" border_color_left=\"#0c71c3\u2033 box_shadow_style=\"preset3\u2033 box_shadow_spread=\"-23px\"]\n<h6><span><strong>Resolver os mist\u00e9rios do diabo<\/strong><\/span><\/h6>\n<h6><span><em>S\u00edtio Web da Funda\u00e7\u00e3o Save Our Seas<\/em><\/span><\/h6>\n<h6><span><a href=\"http:\/\/saveourseas.com\/update\/solving-devils-mysteries\/\" target=\"_blank\" rel=\"noopener noreferrer\">http:\/\/saveourseas.com\/update\/solving-devils-mysteries\/<\/a><\/span><\/h6>\n[\/et_pb_text][et_pb_text _builder_version=\"4.4.3\u2033 background_color=\"#f0f0f0\u2033 custom_padding=\"8px|0px|0px|8px|false|false\" border_radii=\"off|4px|4px|4px|4px|4px\" border_width_left=\"4px\" border_color_left=\"#0c71c3\u2033 box_shadow_style=\"preset3\u2033 box_shadow_spread=\"-23px\"]\n<h6><span><strong>Montes submarinos dos A\u00e7ores: Focos de raias do diabo no Chile<\/strong><\/span><\/h6>\n<h6><span><em>S\u00edtio Web da Funda\u00e7\u00e3o Save Our Seas<\/em><\/span><\/h6>\n<h6><span><a href=\"http:\/\/saveourseas.com\/update\/azores-sea-mounts-chilean-devil-ray-hotspots\/\" target=\"_blank\" rel=\"noopener noreferrer\">http:\/\/saveourseas.com\/update\/azores-sea-mounts-chilean-devil-ray-hotspots\/<\/a><\/span><\/h6>\n[\/et_pb_text][et_pb_text _builder_version=\"4.4.3\u2033]\n<h3>Media portugueses<\/h3>\n[\/et_pb_text][et_pb_text _builder_version=\"4.4.3\u2033 background_color=\"#f0f0f0\u2033 custom_padding=\"8px|0px|0px|8px|false|false\" border_radii=\"off|4px|4px|4px|4px|4px\" border_width_left=\"4px\" border_color_left=\"#0c71c3\u2033 box_shadow_style=\"preset3\u2033 box_shadow_spread=\"-23px\"]\n<h6><strong>Fomos nadar com as jamantas dos A\u00e7ores: h\u00e1 vida et\u00e9rea nas \u00e1guas de Santa Maria<\/strong><\/h6>\n<h6><em>Jornal P\u00fablico<\/em><\/h6>\n<h6><a href=\"https:\/\/www.publico.pt\/2021\/09\/11\/fugas\/reportagem\/nadar-jamantas-acores-ha-vida-eterea-aguas-santa-maria-1976420\" target=\"_blank\" rel=\"noopener noreferrer\">https:\/\/www.publico.pt\/2021\/09\/11\/fugas\/reportagem\/nadar-jamantas-acores-ha-vida-eterea-aguas-santa-maria-1976420<\/a><\/h6>\n[\/et_pb_text][et_pb_text _builder_version=\"4.4.3\u2033 background_color=\"#f0f0f0\u2033 custom_padding=\"8px|0px|0px|8px|false|false\" border_radii=\"off|4px|4px|4px|4px|4px\" border_width_left=\"4px\" border_color_left=\"#0c71c3\u2033 box_shadow_style=\"preset3\u2033 box_shadow_spread=\"-23px\"]\n<h6><strong>O papel dos mergulhadores no estudo das jamantas nos A\u00e7ores<\/strong><\/h6>\n<h6><em><span style=\"font-weight: 400;\">Divas do mergulho AO VIVO<\/span><\/em><\/h6>\n<h6><a href=\"https:\/\/www.youtube.com\/watch?v=VeQK2tO-HNo\" target=\"_blank\" rel=\"noopener noreferrer\">https:\/\/www.youtube.com\/watch?v=VeQK2tO-HNo<\/a><\/h6>\n[\/et_pb_text][et_pb_text _builder_version=\"4.4.3\u2033 background_color=\"#f0f0f0\u2033 custom_padding=\"8px|0px|0px|8px|false|false\" border_radii=\"off|4px|4px|4px|4px|4px\" border_width_left=\"4px\" border_color_left=\"#0c71c3\u2033 box_shadow_style=\"preset3\u2033 box_shadow_spread=\"-23px\"]\n<h6><strong>\u00c0 descoberta com...<\/strong><\/h6>\n<h6><em><span style=\"font-weight: 400;\">SIC<\/span><\/em><\/h6>\n<h6><a href=\"https:\/\/sic.pt\/Programas\/a-descoberta-com\/episodios\/2019-07-28-A-Descoberta-com.-Joao-Jesus\" target=\"_blank\" rel=\"noopener noreferrer\">https:\/\/sic.pt\/Programas\/a-descoberta-com\/episodios\/2019-07-28-A-Descoberta-com.-Joao-Jesus<\/a><\/h6>\n[\/et_pb_text][et_pb_text _builder_version=\"4.4.3\u2033 background_color=\"#f0f0f0\u2033 custom_padding=\"8px|0px|0px|8px|false|false\" border_radii=\"off|4px|4px|4px|4px|4px\" border_width_left=\"4px\" border_color_left=\"#0c71c3\u2033 box_shadow_style=\"preset3\u2033 box_shadow_spread=\"-23px\"]\n<h6><strong>Hist\u00f3rias da Terra e da Gente<\/strong><\/h6>\n<h6><em><span style=\"font-weight: 400;\">RTP<\/span><\/em><\/h6>\n<h6><a href=\"https:\/\/www.rtp.pt\/play\/p5737\/e426612\/historiasdaterraedagente\" target=\"_blank\" rel=\"noopener noreferrer\">https:\/\/www.rtp.pt\/play\/p5737\/e426612\/historiasdaterraedagente<\/a><\/h6>\n[\/et_pb_text][et_pb_text _builder_version=\"4.4.3\u2033 background_color=\"#f0f0f0\u2033 custom_padding=\"8px|0px|0px|8px|false|false\" border_radii=\"off|4px|4px|4px|4px|4px\" border_width_left=\"4px\" border_color_left=\"#0c71c3\u2033 box_shadow_style=\"preset3\u2033 box_shadow_spread=\"-23px\"]\n<h6><span><strong>Todas as jamantas e milhares de mergulhos, dos A\u00e7ores para o mundo<\/strong><\/span><\/h6>\n<h6><span><em>Jornal P\u00fablico<\/em><\/span><\/h6>\n<h6><span><a href=\"https:\/\/www.publico.pt\/2019\/03\/29\/p3\/noticia\/jamantas-1867034\" target=\"_blank\" rel=\"noopener noreferrer\">https:\/\/www.publico.pt\/2019\/03\/29\/p3\/noticia\/jamantas-1867034<\/a><\/span><\/h6>\n[\/et_pb_text][et_pb_text _builder_version=\"4.4.3\u2033 background_color=\"#f0f0f0\u2033 custom_padding=\"8px|0px|0px|8px|false|false\" border_radii=\"off|4px|4px|4px|4px|4px\" border_width_left=\"4px\" border_color_left=\"#0c71c3\u2033 box_shadow_style=\"preset3\u2033 box_shadow_spread=\"-23px\"]\n<h6><span><strong>Jamantas: a esp\u00e9cie sens\u00edvel que agora tem \"matriarca\"<\/strong><\/span><\/h6>\n<h6><span><em>Jornal da Economia do Mar<\/em><\/span><\/h6>\n<h6><span><a href=\"http:\/\/www.jornaldaeconomiadomar.com\/28290-2\/\" target=\"_blank\" rel=\"noopener noreferrer\">http:\/\/www.jornaldaeconomiadomar.com\/28290-2\/<\/a><\/span><\/h6>\n[\/et_pb_text][et_pb_text _builder_version=\"4.4.3\u2033 background_color=\"#f0f0f0\u2033 custom_padding=\"8px|0px|0px|8px|false|false\" border_radii=\"off|4px|4px|4px|4px|4px\" border_width_left=\"4px\" border_color_left=\"#0c71c3\u2033 box_shadow_style=\"preset3\u2033 box_shadow_spread=\"-23px\"]\n<h6><strong>Primeira base de dados fotogr\u00e1ficos de jamantas chilenas tem assinatura portuguesa e vence segundo lugar do Pr\u00e9mio Terre de Femmes<\/strong><\/h6>\n<h6><span><\/span><span><em>Revista Ambiente<\/em><\/span><\/h6>\n<h6><span><a href=\"https:\/\/www.ambientemagazine.com\/primeira-base-de-dados-fotografica-de-jamantas-chilenas-tem-assinatura-portuguesa-e-vence-segundo-lugar-do-premio-terre-de-femmes\/\" target=\"_blank\" rel=\"noopener noreferrer\">https:\/\/www.ambientemagazine.com\/primeira-base-de-dados-fotografica-de-jamantas-chilenas-tem-assinatura-portuguesa-e-vence-segundo-lugar-do-premio-terre-de-femmes\/<\/a><\/span><\/h6>\n[\/et_pb_text][et_pb_text _builder_version=\"4.4.3\u2033 background_color=\"#f0f0f0\u2033 custom_padding=\"8px|0px|0px|8px|false|false\" border_radii=\"off|4px|4px|4px|4px|4px\" border_width_left=\"4px\" border_color_left=\"#0c71c3\u2033 box_shadow_style=\"preset3\u2033 box_shadow_spread=\"-23px\"]\n<h6><span><strong>\"Manta Catalog Azores\" alcan\u00e7a pr\u00e9mio da Funda\u00e7\u00e3o Yves Rocher - Turistas e locais ajudaram a decifrar rotinas das jamantas que se agrupam no mar dos A\u00e7ores\"<\/strong><\/span><\/h6>\n<h6><span><em>Correio dos A\u00e7ores<\/em><\/span><\/h6>\n<h6><span><a href=\"http:\/\/www.correiodosacores.pt\/NewsDetail\/ArtMID\/383\/ArticleID\/13095\/Turistas-e-locais-ajudaram-a-decifrar-rotinas-das-jamantas-que-se-agrupam-no-mar-dos-A231ores\" target=\"_blank\" rel=\"noopener noreferrer\">http:\/\/www.correiodosacores.pt\/NewsDetail\/ArtMID\/383\/ArticleID\/13095\/Turistas-e-locais-ajudaram-a-decifrar-rotinas-das-jamantas-que-se-agrupam-no-mar-dos-A231ores<\/a><\/span><\/h6>\n[\/et_pb_text][et_pb_text _builder_version=\"4.4.3\u2033 background_color=\"#f0f0f0\u2033 custom_padding=\"8px|0px|0px|8px|false|false\" border_radii=\"off|4px|4px|4px|4px|4px\" border_width_left=\"4px\" border_color_left=\"#0c71c3\u2033 box_shadow_style=\"preset3\u2033 box_shadow_spread=\"-23px\"]\n<h6><span><strong>Projeto permite criar nos A\u00e7ores base de dados de jamantas chilenas<\/strong><\/span><\/h6>\n<h6><span><em>RTP Not\u00edcias<\/em><\/span><\/h6>\n<h6><span><a href=\"https:\/\/www.rtp.pt\/noticias\/cultura\/projeto-permite-criar-nos-acores-base-de-dados-de-jamantas-chilenas_n1139244\" target=\"_blank\" rel=\"noopener noreferrer\">https:\/\/www.rtp.pt\/noticias\/cultura\/projeto-permite-criar-nos-acores-base-de-dados-de-jamantas-chilenas_n1139244<\/a><\/span><\/h6>\n[\/et_pb_text][et_pb_text _builder_version=\"4.4.3\u2033 background_color=\"#f0f0f0\u2033 custom_padding=\"8px|0px|0px|8px|false|false\" border_radii=\"off|4px|4px|4px|4px|4px\" border_width_left=\"4px\" border_color_left=\"#0c71c3\u2033 box_shadow_style=\"preset3\u2033 box_shadow_spread=\"-23px\"]\n<h6><span><strong>Projeto permite criar nos A\u00e7ores base de dados de jamantas chilenas<\/strong><\/span><\/h6>\n<h6><span><em>A\u00e7oriano Oriental<\/em><\/span><span><\/span><\/h6>\n<h6><span><a href=\"https:\/\/www.acorianooriental.pt\/noticia\/projeto-permite-criar-nos-acores-base-de-dados-de-jamantas-chilenas-298691\" target=\"_blank\" rel=\"noopener noreferrer\">https:\/\/www.acorianooriental.pt\/noticia\/projeto-permite-criar-nos-acores-base-de-dados-de-jamantas-chilenas-298691<\/a><\/span><\/h6>\n[\/et_pb_text][et_pb_text _builder_version=\"4.4.3\u2033 background_color=\"#f0f0f0\u2033 custom_padding=\"8px|0px|0px|8px|false|false\" border_radii=\"off|4px|4px|4px|4px|4px\" border_width_left=\"4px\" border_color_left=\"#0c71c3\u2033 box_shadow_style=\"preset3\u2033 box_shadow_spread=\"-23px\"]\n<h6><span><strong>Filme sobre jamantas atrai curiosos em Santa Maria<\/strong><\/span><\/h6>\n<h6><span><em>RTP, Televis\u00e3o Nacional Portuguesa<\/em><\/span><span><\/span><\/h6>\n<h6><span><a href=\"https:\/\/www.rtp.pt\/acores\/local\/filme-sobre-jamantas-atrai-curiosos-em-santa-maria-video_56879\" target=\"_blank\" rel=\"noopener noreferrer\">https:\/\/www.rtp.pt\/acores\/local\/filme-sobre-jamantas-atrai-curiosos-em-santa-maria-video_56879<\/a><\/span><\/h6>\n[\/et_pb_text][\/et_pb_column][\/et_pb_row][\/et_pb_section][et_pb_section fb_built=\"1\u2033 _builder_version=\"4.4.3\u2033][\/et_pb_section][et_pb_section fb_built=\"1\u2033 _builder_version=\"4.4.3\u2033][\/et_pb_section][et_pb_section fb_built=\"1\u2033 _builder_version=\"4.4.3\u2033][\/et_pb_section][et_pb_section fb_built=\"1\u2033 _builder_version=\"4.4.3\u2033 background_color=\"#0474ac\" saved_tabs=\"all\"][et_pb_row column_structure=\"1_3,1_3,1_3\u2033 _builder_version=\"4.4.3\u2033][et_pb_column type=\"1_3\u2033 _builder_version=\"4.4.3\u2033][et_pb_image src=\"https:\/\/mantacatalog.org\/wp-content\/uploads\/2020\/10\/oceanariodelisboa.png\" url=\"https:\/\/www.oceanario.pt\/\" url_new_window=\"on\" align=\"center\" _builder_version=\"4.4.3\u2033][\/et_pb_image][\/et_pb_column][et_pb_column type=\"1_3\u2033 _builder_version=\"4.4.3\u2033][et_pb_image src=\"https:\/\/mantacatalog.org\/wp-content\/uploads\/2020\/10\/foundationyvesrocher.png\" url=\"https:\/\/www.yves-rocher-fondation.org\/\" url_new_window=\"on\" align=\"center\" _builder_version=\"4.4.3\u2033][\/et_pb_image][\/et_pb_column][et_pb_column type=\"1_3\u2033 _builder_version=\"4.4.3\u2033][et_pb_image src=\"https:\/\/mantacatalog.org\/wp-content\/uploads\/2020\/10\/saveourseasfoundation.png\" url=\"https:\/\/saveourseas.com\/\" url_new_window=\"on\" align=\"center\" _builder_version=\"4.4.3\u2033][\/et_pb_image][\/et_pb_column][\/et_pb_row][\/et_pb_section]","protected":false},"excerpt":{"rendered":"<p>[et_pb_section fb_built=\"1\u2033 _builder_version=\"4.4.3\u2033][et_pb_row _builder_version=\"4.4.3\u2033][et_pb_column type=\"4_4\u2033 _builder_version=\"4.4.3\u2033][et_pb_text _builder_version=\"4.4.3\u2033] Imprensa [\/et_pb_text][et_pb_text _builder_version=\"4.4.3\u2033] Nos meios de comunica\u00e7\u00e3o social [\/et_pb_text][et_pb_text _builder_version=\"4.4.3\u2033 background_color=\"#f0f0f0\u2033 custom_padding=\"8px|0px|0px|8px|false|false\" hover_enabled=\"0\u2033 border_radii=\"off|4px|4px|4px|4px|4px\" border_width_left=\"4px\" border_color_left=\"#0c71c3\u2033 box_shadow_style=\"preset3\u2033 box_shadow_spread=\"-23px\"] Site Manta Catalog Azores (MCA) Manta Trust https:\/\/www.mantatrust.org\/azores [\/et_pb_text][et_pb_text _builder_version=\"4.4.3\u2033 background_color=\"#f0f0f0\u2033 custom_padding=\"8px|0px|0px|8px|false|false\" border_radii=\"off|4px|4px|4px|4px|4px\" border_width_left=\"4px\" border_color_left=\"#0c71c3\u2033 box_shadow_style=\"preset3\u2033 box_shadow_spread=\"-23px\"] Revista eletr\u00f3nica gratuita: Ocean People (#5) Ocean People https:\/\/issuu.com\/oceanhab\/docs\/ocean_people_-_5\/15 [\/et_pb_text][et_pb_text _builder_version=\"4.4.3\u2033 background_color=\"#f0f0f0\u2033 custom_padding=\"8px|0px|0px|8px|false|false\" border_radii=\"off|4px|4px|4px|4px|4px\" border_width_left=\"4px\" border_color_left=\"#0c71c3\u2033 [...]<\/p>","protected":false},"author":1,"featured_media":0,"parent":0,"menu_order":0,"comment_status":"closed","ping_status":"closed","template":"","meta":{"_et_pb_use_builder":"on","_et_pb_old_content":"","_et_gb_content_width":"","footnotes":""},"class_list":["post-100","page","type-page","status-publish","hentry"],"yoast_head":"<!-- This site is optimized with the Yoast SEO plugin v26.2 - https:\/\/yoast.com\/wordpress\/plugins\/seo\/ -->\n<title>News - Manta Catalog<\/title>\n<meta name=\"robots\" content=\"index, follow, max-snippet:-1, max-image-preview:large, max-video-preview:-1\" \/>\n<link rel=\"canonical\" href=\"https:\/\/mantacatalog.org\/pt\/news\/\" \/>\n<meta property=\"og:locale\" content=\"pt_PT\" \/>\n<meta property=\"og:type\" content=\"article\" \/>\n<meta property=\"og:title\" content=\"News - Manta Catalog\" \/>\n<meta property=\"og:description\" content=\"[et_pb_section fb_built=&#8221;1&#8243; _builder_version=&#8221;4.4.3&#8243;][et_pb_row _builder_version=&#8221;4.4.3&#8243;][et_pb_column type=&#8221;4_4&#8243; _builder_version=&#8221;4.4.3&#8243;][et_pb_text _builder_version=&#8221;4.4.3&#8243;] Press [\/et_pb_text][et_pb_text _builder_version=&#8221;4.4.3&#8243;] In the media [\/et_pb_text][et_pb_text _builder_version=&#8221;4.4.3&#8243; background_color=&#8221;#f0f0f0&#8243; custom_padding=&#8221;8px|0px|0px|8px|false|false&#8221; hover_enabled=&#8221;0&#8243; border_radii=&#8221;off|4px|4px|4px|4px&#8221; border_width_left=&#8221;4px&#8221; border_color_left=&#8221;#0c71c3&#8243; box_shadow_style=&#8221;preset3&#8243; box_shadow_spread=&#8221;-23px&#8221;] Site Manta Catalog Azores (MCA) Manta Trust https:\/\/www.mantatrust.org\/azores [\/et_pb_text][et_pb_text _builder_version=&#8221;4.4.3&#8243; background_color=&#8221;#f0f0f0&#8243; custom_padding=&#8221;8px|0px|0px|8px|false|false&#8221; border_radii=&#8221;off|4px|4px|4px|4px&#8221; border_width_left=&#8221;4px&#8221; border_color_left=&#8221;#0c71c3&#8243; box_shadow_style=&#8221;preset3&#8243; box_shadow_spread=&#8221;-23px&#8221;] Free e-magazine: Ocean People (#5) Ocean People https:\/\/issuu.com\/oceanhab\/docs\/ocean_people_-_5\/15 [\/et_pb_text][et_pb_text _builder_version=&#8221;4.4.3&#8243; background_color=&#8221;#f0f0f0&#8243; custom_padding=&#8221;8px|0px|0px|8px|false|false&#8221; border_radii=&#8221;off|4px|4px|4px|4px&#8221; border_width_left=&#8221;4px&#8221; border_color_left=&#8221;#0c71c3&#8243; [&hellip;]\" \/>\n<meta property=\"og:url\" content=\"https:\/\/mantacatalog.org\/pt\/news\/\" \/>\n<meta property=\"og:site_name\" content=\"Manta Catalog\" \/>\n<meta property=\"article:modified_time\" content=\"2023-03-15T02:46:37+00:00\" \/>\n<meta name=\"twitter:card\" content=\"summary_large_image\" \/>\n<meta name=\"twitter:label1\" content=\"Tempo estimado de leitura\" \/>\n\t<meta name=\"twitter:data1\" content=\"8 minutos\" \/>\n<script type=\"application\/ld+json\" class=\"yoast-schema-graph\">{\"@context\":\"https:\/\/schema.org\",\"@graph\":[{\"@type\":\"WebPage\",\"@id\":\"https:\/\/mantacatalog.org\/news\/\",\"url\":\"https:\/\/mantacatalog.org\/news\/\",\"name\":\"News - Manta Catalog\",\"isPartOf\":{\"@id\":\"https:\/\/mantacatalog.org\/en\/#website\"},\"datePublished\":\"2020-10-01T19:27:08+00:00\",\"dateModified\":\"2023-03-15T02:46:37+00:00\",\"breadcrumb\":{\"@id\":\"https:\/\/mantacatalog.org\/news\/#breadcrumb\"},\"inLanguage\":\"pt-PT\",\"potentialAction\":[{\"@type\":\"ReadAction\",\"target\":[\"https:\/\/mantacatalog.org\/news\/\"]}]},{\"@type\":\"BreadcrumbList\",\"@id\":\"https:\/\/mantacatalog.org\/news\/#breadcrumb\",\"itemListElement\":[{\"@type\":\"ListItem\",\"position\":1,\"name\":\"Home\",\"item\":\"https:\/\/mantacatalog.org\/en\/\"},{\"@type\":\"ListItem\",\"position\":2,\"name\":\"News\"}]},{\"@type\":\"WebSite\",\"@id\":\"https:\/\/mantacatalog.org\/en\/#website\",\"url\":\"https:\/\/mantacatalog.org\/en\/\",\"name\":\"Manta Catalog\",\"description\":\"Research &amp; Conservation\",\"potentialAction\":[{\"@type\":\"SearchAction\",\"target\":{\"@type\":\"EntryPoint\",\"urlTemplate\":\"https:\/\/mantacatalog.org\/en\/?s={search_term_string}\"},\"query-input\":{\"@type\":\"PropertyValueSpecification\",\"valueRequired\":true,\"valueName\":\"search_term_string\"}}],\"inLanguage\":\"pt-PT\"}]}<\/script>\n<!-- \/ Yoast SEO plugin. -->","yoast_head_json":{"title":"Not\u00edcias - Cat\u00e1logo Manta","robots":{"index":"index","follow":"follow","max-snippet":"max-snippet:-1","max-image-preview":"max-image-preview:large","max-video-preview":"max-video-preview:-1"},"canonical":"https:\/\/mantacatalog.org\/pt\/news\/","og_locale":"pt_PT","og_type":"article","og_title":"News - Manta Catalog","og_description":"[et_pb_section fb_built=&#8221;1&#8243; _builder_version=&#8221;4.4.3&#8243;][et_pb_row _builder_version=&#8221;4.4.3&#8243;][et_pb_column type=&#8221;4_4&#8243; _builder_version=&#8221;4.4.3&#8243;][et_pb_text _builder_version=&#8221;4.4.3&#8243;] Press [\/et_pb_text][et_pb_text _builder_version=&#8221;4.4.3&#8243;] In the media [\/et_pb_text][et_pb_text _builder_version=&#8221;4.4.3&#8243; background_color=&#8221;#f0f0f0&#8243; custom_padding=&#8221;8px|0px|0px|8px|false|false&#8221; hover_enabled=&#8221;0&#8243; border_radii=&#8221;off|4px|4px|4px|4px&#8221; border_width_left=&#8221;4px&#8221; border_color_left=&#8221;#0c71c3&#8243; box_shadow_style=&#8221;preset3&#8243; box_shadow_spread=&#8221;-23px&#8221;] Site Manta Catalog Azores (MCA) Manta Trust https:\/\/www.mantatrust.org\/azores [\/et_pb_text][et_pb_text _builder_version=&#8221;4.4.3&#8243; background_color=&#8221;#f0f0f0&#8243; custom_padding=&#8221;8px|0px|0px|8px|false|false&#8221; border_radii=&#8221;off|4px|4px|4px|4px&#8221; border_width_left=&#8221;4px&#8221; border_color_left=&#8221;#0c71c3&#8243; box_shadow_style=&#8221;preset3&#8243; box_shadow_spread=&#8221;-23px&#8221;] Free e-magazine: Ocean People (#5) Ocean People https:\/\/issuu.com\/oceanhab\/docs\/ocean_people_-_5\/15 [\/et_pb_text][et_pb_text _builder_version=&#8221;4.4.3&#8243; background_color=&#8221;#f0f0f0&#8243; custom_padding=&#8221;8px|0px|0px|8px|false|false&#8221; border_radii=&#8221;off|4px|4px|4px|4px&#8221; border_width_left=&#8221;4px&#8221; border_color_left=&#8221;#0c71c3&#8243; [&hellip;]","og_url":"https:\/\/mantacatalog.org\/pt\/news\/","og_site_name":"Manta Catalog","article_modified_time":"2023-03-15T02:46:37+00:00","twitter_card":"summary_large_image","twitter_misc":{"Tempo estimado de leitura":"8 minutos"},"schema":{"@context":"https:\/\/schema.org","@graph":[{"@type":"WebPage","@id":"https:\/\/mantacatalog.org\/news\/","url":"https:\/\/mantacatalog.org\/news\/","name":"Not\u00edcias - Cat\u00e1logo Manta","isPartOf":{"@id":"https:\/\/mantacatalog.org\/en\/#website"},"datePublished":"2020-10-01T19:27:08+00:00","dateModified":"2023-03-15T02:46:37+00:00","breadcrumb":{"@id":"https:\/\/mantacatalog.org\/news\/#breadcrumb"},"inLanguage":"pt-PT","potentialAction":[{"@type":"ReadAction","target":["https:\/\/mantacatalog.org\/news\/"]}]},{"@type":"BreadcrumbList","@id":"https:\/\/mantacatalog.org\/news\/#breadcrumb","itemListElement":[{"@type":"ListItem","position":1,"name":"Home","item":"https:\/\/mantacatalog.org\/en\/"},{"@type":"ListItem","position":2,"name":"News"}]},{"@type":"WebSite","@id":"https:\/\/mantacatalog.org\/en\/#website","url":"https:\/\/mantacatalog.org\/en\/","name":"Cat\u00e1logo Manta","description":"Investiga\u00e7\u00e3o e conserva\u00e7\u00e3o","potentialAction":[{"@type":"SearchAction","target":{"@type":"EntryPoint","urlTemplate":"https:\/\/mantacatalog.org\/en\/?s={search_term_string}"},"query-input":{"@type":"PropertyValueSpecification","valueRequired":true,"valueName":"search_term_string"}}],"inLanguage":"pt-PT"}]}},"_links":{"self":[{"href":"https:\/\/mantacatalog.org\/pt\/wp-json\/wp\/v2\/pages\/100","targetHints":{"allow":["GET"]}}],"collection":[{"href":"https:\/\/mantacatalog.org\/pt\/wp-json\/wp\/v2\/pages"}],"about":[{"href":"https:\/\/mantacatalog.org\/pt\/wp-json\/wp\/v2\/types\/page"}],"author":[{"embeddable":true,"href":"https:\/\/mantacatalog.org\/pt\/wp-json\/wp\/v2\/users\/1"}],"replies":[{"embeddable":true,"href":"https:\/\/mantacatalog.org\/pt\/wp-json\/wp\/v2\/comments?post=100"}],"version-history":[{"count":29,"href":"https:\/\/mantacatalog.org\/pt\/wp-json\/wp\/v2\/pages\/100\/revisions"}],"predecessor-version":[{"id":461,"href":"https:\/\/mantacatalog.org\/pt\/wp-json\/wp\/v2\/pages\/100\/revisions\/461"}],"wp:attachment":[{"href":"https:\/\/mantacatalog.org\/pt\/wp-json\/wp\/v2\/media?parent=100"}],"curies":[{"name":"wp","href":"https:\/\/api.w.org\/{rel}","templated":true}]}}