{"id":112,"date":"2020-10-01T19:30:42","date_gmt":"2020-10-01T19:30:42","guid":{"rendered":"http:\/\/s884785026.mialojamiento.es\/?page_id=112"},"modified":"2026-02-19T00:48:21","modified_gmt":"2026-02-19T00:48:21","slug":"about","status":"publish","type":"page","link":"https:\/\/mantacatalog.org\/pt\/","title":{"rendered":"Sobre"},"content":{"rendered":"[et_pb_section fb_built=\"1\u2033 _builder_version=\"4.4.3\u2033 custom_padding=\"47px||47px|||true|\"][et_pb_row _builder_version=\"4.4.3\u2033 custom_padding=\"30px|||||\"][et_pb_column type=\"4_4\u2033 _builder_version=\"4.4.3\u2033][et_pb_text _builder_version=\"4.4.3\u2033 header_font_size=\"40px\" min_height=\"69px\" custom_margin=\"||3px||||\"]\n<h1 style=\"text-align: center;\"><strong><span style=\"color: #0c71c3;\">Tu podes ajudar!<\/span><\/strong><\/h1>\n<p><strong><span style=\"color: #0c71c3;\"><\/span><\/strong><\/p>\n[\/et_pb_text][et_pb_text _builder_version=\"4.4.3\u2033 min_height=\"75px\" custom_margin=\"||2px||||\"]\n<h4 class=\"text-align-center\" style=\"text-align: center;\">Se viste uma jamanta, podes contribuir diretamente para os nossos esfor\u00e7os de investiga\u00e7\u00e3o e conserva\u00e7\u00e3o.<\/h4>\n<h4 class=\"text-align-center\" style=\"text-align: center;\">Envia as tuas imagens e informa\u00e7\u00f5es sobre o avistamento atrav\u00e9s do nosso formul\u00e1rio.<\/h4>\n[\/et_pb_text][et_pb_button button_url=\"https:\/\/mantacatalog.org\/en\/report-a-sighting\/\" button_text=\"Submeter\" button_alignment=\"center\" _builder_version=\"4.4.3\u2033 custom_button=\"on\" button_text_color=\"#0c71c3\u2033 button_border_color=\"#0c71c3\u2033][\/et_pb_button][et_pb_video _builder_version=\"4.4.3\u2033][\/et_pb_video][et_pb_video _builder_version=\"4.4.3\u2033][\/et_pb_video][\/et_pb_column][\/et_pb_row][et_pb_row _builder_version=\"4.4.3\u2033][et_pb_column type=\u201d4_4\u2033 _builder_version=\u201d4.4.3\u2033][et_pb_text _builder_version=\u201d4.4.3\u2033]\n<h4 class=\"p1\" style=\"text-align: center;\">As jamantas t\u00eam padr\u00f5es \u00fanicos nas suas barrigas, que nos permitem identificar cada uma delas, como uma \"impress\u00e3o digital\".<\/h4>\n[\/et_pb_text][et_pb_number_counter title=&#8221;Manta and devil rays identified on our database&#8221; number=&#8221;339&#8243; percent_sign=&#8221;off&#8221; _builder_version=&#8221;4.4.3&#8243; number_text_color=&#8221;#0c71c3&#8243; min_height=&#8221;117px&#8221; hover_enabled=&#8221;0&#8243;][\/et_pb_number_counter][\/et_pb_column][\/et_pb_row][et_pb_row _builder_version=&#8221;4.4.3&#8243; background_image=&#8221;https:\/\/mantacatalog.org\/wp-content\/uploads\/2020\/10\/first.jpg&#8221; parallax=&#8221;on&#8221; width=&#8221;100%&#8221; max_width=&#8221;2560px&#8221; min_height=&#8221;600px&#8221; min_height_tablet=&#8221;400px&#8221; min_height_phone=&#8221;400px&#8221; min_height_last_edited=&#8221;on|desktop&#8221; custom_margin=&#8221;|auto|26px|auto||&#8221; custom_padding=&#8221;34px|||||&#8221; background__hover_enabled=&#8221;off|desktop&#8221; parallax__hover=&#8221;on&#8221;][et_pb_column type=&#8221;4_4&#8243; _builder_version=&#8221;4.4.3&#8243;][\/et_pb_column][\/et_pb_row][et_pb_row _builder_version=&#8221;4.4.3&#8243; custom_padding=&#8221;73px||||false|false&#8221; custom_css_main_element=&#8221;display:none;&#8221;][et_pb_column type=&#8221;4_4&#8243; _builder_version=&#8221;4.4.3&#8243;][et_pb_text _builder_version=&#8221;4.4.3&#8243;]\n<div id=\"comp-kdu472mz2\" class=\"_1Z_nJ\" data-testid=\"richTextElement\">\n<h1 class=\"font_6\" style=\"text-align: center;\"><span class=\"color_18\"><span>Alguns dos avistamentos<\/span><\/span><\/h1>\n<\/div>\n[\/et_pb_text][et_pb_text _builder_version=\"4.4.3\u2033]\n<div id=\"comp-kdu472mz3\" class=\"_1Z_nJ\" data-testid=\"richTextElement\">\n<p class=\"font_9\" style=\"text-align: center;\"><span class=\"color_15\">Estas s\u00e3o algumas das fotografias de avistamentos apresentados<\/span><\/p>\n<\/div>\n[\/et_pb_text][\/et_pb_column][\/et_pb_row][et_pb_row _builder_version=\"4.4.3\u2033 custom_css_main_element=\"display:none;\"][et_pb_column type=\"4_4\u2033 _builder_version=\"4.4.3\u2033][et_pb_mobulagallery _builder_version=\"4.4.3\u2033][\/et_pb_mobulagallery][\/et_pb_column][\/et_pb_row][et_pb_row use_custom_gutter=\"on\" gutter_width=\"1\u2033 _builder_version=\"4.4.3\u2033 width=\"100%\" max_width=\"2560px\" custom_margin=\"34px|auto|||auto||\"][et_pb_column type=\"4_4\u2033 _builder_version=\"4.4.3\u2033][et_pb_image src=\"https:\/\/mantacatalog.org\/wp-content\/uploads\/2020\/10\/third.png\" _builder_version=\"4.4.3\u2033][\/et_pb_image][\/et_pb_column][\/et_pb_row][et_pb_row column_structure=\"1_3,1_3,1_3\u2033 use_custom_gutter=\"on\" gutter_width=\"1\u2033 _builder_version=\"4.4.3\u2033 background_color=\"#f0f0f0\u2033 width=\"100%\" max_width=\"2560px\" custom_margin=\"-27px|auto|||auto||\"][et_pb_column type=\"1_3\u2033 _builder_version=\"4.4.3\u2033][et_pb_text _builder_version=\"4.4.3\u2033 custom_padding=\"|0px||||\"]\n<div id=\"bgLayers_comp-kdzwms591\" class=\"_3_wbk\">\n<h2 id=\"bgMedia_comp-kdzwms591\" class=\"_33YMf\" style=\"text-align: center;\">Avistamento 1<\/h2>\n<\/div>\n<div data-mesh-id=\"comp-kdzwms591inlineContent\" data-testid=\"inline-content\" class=\"\">\n<div data-mesh-id=\"comp-kdzwms591inlineContent-gridContainer\" data-testid=\"mesh-container-content\">\n<div id=\"comp-kdzwms5a1\" class=\"_1Z_nJ\" data-testid=\"richTextElement\">\n<p class=\"font_8\" style=\"text-align: center;\"><span class=\"color_15\"><span>14 de abril de 2017<\/span><\/span><\/p>\n<\/div>\n<\/div>\n<\/div>\n[\/et_pb_text][\/et_pb_column][et_pb_column type=\"1_3\u2033 _builder_version=\"4.4.3\u2033][et_pb_text _builder_version=\"4.4.3\u2033]\n<div id=\"bgLayers_comp-kdzwms5a2\" class=\"_3_wbk\">\n<h2 id=\"bgMedia_comp-kdzwms5a2\" class=\"_33YMf\" style=\"text-align: center;\">Avistamento 2<\/h2>\n<\/div>\n<div data-mesh-id=\"comp-kdzwms5a2inlineContent\" data-testid=\"inline-content\" class=\"\">\n<div data-mesh-id=\"comp-kdzwms5a2inlineContent-gridContainer\" data-testid=\"mesh-container-content\">\n<div id=\"comp-kdzwms5a4\" class=\"_1Z_nJ\" data-testid=\"richTextElement\">\n<p class=\"font_8\" style=\"text-align: center;\"><span class=\"color_15\"><span>12 de abril de 2011<\/span><\/span><\/p>\n<\/div>\n<\/div>\n<\/div>\n[\/et_pb_text][\/et_pb_column][et_pb_column type=\"1_3\u2033 _builder_version=\"4.4.3\u2033][et_pb_text _builder_version=\"4.4.3\u2033]\n<div id=\"bgLayers_comp-kdzwms5a5\" class=\"_3_wbk\">\n<h2 id=\"bgMedia_comp-kdzwms5a5\" class=\"_33YMf\" style=\"text-align: center;\">Avistamento 3<\/h2>\n<\/div>\n<div data-mesh-id=\"comp-kdzwms5a5inlineContent\" data-testid=\"inline-content\" class=\"\">\n<div data-mesh-id=\"comp-kdzwms5a5inlineContent-gridContainer\" data-testid=\"mesh-container-content\">\n<div id=\"comp-kdzwms5a7\" class=\"_1Z_nJ\" data-testid=\"richTextElement\">\n<p class=\"font_8\" style=\"text-align: center;\"><span class=\"color_15\"><span>14 de abril de 2017<\/span><\/span><\/p>\n<\/div>\n<\/div>\n<\/div>\n[\/et_pb_text][\/et_pb_column][\/et_pb_row][\/et_pb_section][et_pb_section fb_built=\"1\u2033 _builder_version=\"4.4.3\u2033 background_color=\"#0474ac\" global_module=\"338\u2033 saved_tabs=\"all\"][et_pb_row _builder_version=\"4.4.3\u2033][et_pb_column type=\"4_4\u2033 _builder_version=\"4.4.3\u2033][et_pb_text _builder_version=\"4.4.3\u2033]\n<p><strong><span style=\"color: #ffffff;\">Este trabalho \u00e9 poss\u00edvel gra\u00e7as ao apoio de:<\/span><\/strong><\/p>\n[\/et_pb_text][\/et_pb_column][\/et_pb_row][et_pb_row column_structure=\u201d1_5,1_5,1_5,1_5,1_5\u2033 _builder_version=\u201d4.4.3\u2033 min_height=\u201d162.1px\u201d custom_margin=\u201d|auto|56px|auto||\u201d][et_pb_column type=\u201d1_5\u2033 _builder_version=\u201d4.4.3\u2033][et_pb_image src=\"https:\/\/mantacatalog.org\/wp-content\/uploads\/2023\/07\/logo-oceana\u00a6urio_branco_sassin_1.png\" url=\"https:\/\/www.oceanario.pt\/\" url_new_window=\"on\" _builder_version=\"4.4.3\u2033][\/et_pb_image][\/et_pb_column][et_pb_column type=\"1_5\u2033 _builder_version=\"4.4.3\u2033][et_pb_image src=\"https:\/\/mantacatalog.org\/wp-content\/uploads\/2023\/07\/MantaLogo_White_3500px.png\" url=\"https:\/\/www.mantatrust.org\/\" url_new_window=\"on\" _builder_version=\"4.4.3\u2033 custom_margin=\"||22px||||\" custom_padding=\"|||1px|||\"][\/et_pb_image][\/et_pb_column][et_pb_column type=\"1_5\u2033 _builder_version=\"4.4.4.3\u2033][et_pb_image src=\"https:\/\/mantacatalog.org\/wp-content\/uploads\/2023\/07\/Logo-SOS-Animal-e-Claim-Branco.png\" url=\"https:\/\/sosanimal.com\/\" url_new_window=\"on\" _builder_version=\"4.4.3\u2033][\/et_pb_image][\/et_pb_column][et_pb_column type=\"1_5\u2033 _builder_version=\"4.4.3\u2033][et_pb_image src=\"https:\/\/mantacatalog.org\/wp-content\/uploads\/2023\/07\/Logo-Fundacao_BW-copy.png\" url=\"https:\/\/www.yves-rocher-fondation.org\/en\/the-foundation\/\" url_new_window=\"on\" _builder_version=\"4.4.3\u2033][\/et_pb_image][\/et_pb_column][et_pb_column type=\"1_5\u2033 _builder_version=\"4.4.3\u2033][et_pb_image src=\"https:\/\/mantacatalog.org\/wp-content\/uploads\/2023\/07\/SOSF-Save-Our-Seas-Foundation-Logo-white.png\" url=\"https:\/\/saveourseas.com\/\" url_new_window=\"on\" _builder_version=\"4.4.3\u2033][\/et_pb_image][\/et_pb_column][\/et_pb_row][\/et_pb_section]","protected":false},"excerpt":{"rendered":"<p>[et_pb_section fb_built=\"1\u2033 _builder_version=\"4.4.3\u2033 custom_padding=\"47px||47px|||true|\"][et_pb_row _builder_version=\"4.4.3\u2033 custom_padding=\"30px|||||\"][et_pb_column type=\"4_4\u2033 _builder_version=\"4.4.3\u2033][et_pb_text _builder_version=\"4.4.3\u2033 header_font_size=\"40px\" min_height=\"69px\" custom_margin=\"||3px||||\"] Pode ajudar! [\/et_pb_text][et_pb_text _builder_version=\"4.4.3\u2033 min_height=\"75px\" custom_margin=\"||2px|||\"] Se encontrou uma manta ou uma raia-do-diabo, pode contribuir diretamente para os nossos esfor\u00e7os de investiga\u00e7\u00e3o e conserva\u00e7\u00e3o. Envie as suas imagens e informa\u00e7\u00f5es sobre o avistamento atrav\u00e9s do nosso formul\u00e1rio. [\/et_pb_text][et_pb_button button_url=\"https:\/\/mantacatalog.org\/en\/report-a-sighting\/\" button_text=\"Enviar\" button_alignment=\"center\" _builder_version=\"4.4.3\u2033 custom_button=\"on\" [...]<\/p>","protected":false},"author":1,"featured_media":0,"parent":0,"menu_order":0,"comment_status":"closed","ping_status":"closed","template":"","meta":{"_et_pb_use_builder":"on","_et_pb_old_content":"","_et_gb_content_width":"","footnotes":""},"class_list":["post-112","page","type-page","status-publish","hentry"],"yoast_head":"<!-- This site is optimized with the Yoast SEO plugin v26.2 - https:\/\/yoast.com\/wordpress\/plugins\/seo\/ -->\n<title>About - Manta Catalog<\/title>\n<meta name=\"robots\" content=\"index, follow, max-snippet:-1, max-image-preview:large, max-video-preview:-1\" \/>\n<link rel=\"canonical\" href=\"https:\/\/mantacatalog.org\/pt\/\" \/>\n<meta property=\"og:locale\" content=\"pt_PT\" \/>\n<meta property=\"og:type\" content=\"article\" \/>\n<meta property=\"og:title\" content=\"About - Manta Catalog\" \/>\n<meta property=\"og:description\" content=\"[et_pb_section fb_built=&#8221;1&#8243; _builder_version=&#8221;4.4.3&#8243; custom_padding=&#8221;47px||47px||true|&#8221;][et_pb_row _builder_version=&#8221;4.4.3&#8243; custom_padding=&#8221;30px|||||&#8221;][et_pb_column type=&#8221;4_4&#8243; _builder_version=&#8221;4.4.3&#8243;][et_pb_text _builder_version=&#8221;4.4.3&#8243; header_font_size=&#8221;40px&#8221; min_height=&#8221;69px&#8221; custom_margin=&#8221;||3px|||&#8221;] You can help! [\/et_pb_text][et_pb_text _builder_version=&#8221;4.4.3&#8243; min_height=&#8221;75px&#8221; custom_margin=&#8221;||2px|||&#8221;] If you have encountered a manta or devil ray, you can contribute directly to our research and conservation efforts. Submit your images and information about the sighting through our form. [\/et_pb_text][et_pb_button button_url=&#8221;https:\/\/mantacatalog.org\/en\/report-a-sighting\/&#8221; button_text=&#8221;Submit&#8221; button_alignment=&#8221;center&#8221; _builder_version=&#8221;4.4.3&#8243; custom_button=&#8221;on&#8221; [&hellip;]\" \/>\n<meta property=\"og:url\" content=\"https:\/\/mantacatalog.org\/pt\/\" \/>\n<meta property=\"og:site_name\" content=\"Manta Catalog\" \/>\n<meta property=\"article:modified_time\" content=\"2026-02-19T00:48:21+00:00\" \/>\n<meta name=\"twitter:card\" content=\"summary_large_image\" \/>\n<meta name=\"twitter:label1\" content=\"Tempo estimado de leitura\" \/>\n\t<meta name=\"twitter:data1\" content=\"4 minutos\" \/>\n<script type=\"application\/ld+json\" class=\"yoast-schema-graph\">{\"@context\":\"https:\/\/schema.org\",\"@graph\":[{\"@type\":\"WebPage\",\"@id\":\"https:\/\/mantacatalog.org\/en\/\",\"url\":\"https:\/\/mantacatalog.org\/en\/\",\"name\":\"About - Manta Catalog\",\"isPartOf\":{\"@id\":\"https:\/\/mantacatalog.org\/en\/#website\"},\"datePublished\":\"2020-10-01T19:30:42+00:00\",\"dateModified\":\"2026-02-19T00:48:21+00:00\",\"breadcrumb\":{\"@id\":\"https:\/\/mantacatalog.org\/en\/#breadcrumb\"},\"inLanguage\":\"pt-PT\",\"potentialAction\":[{\"@type\":\"ReadAction\",\"target\":[\"https:\/\/mantacatalog.org\/en\/\"]}]},{\"@type\":\"BreadcrumbList\",\"@id\":\"https:\/\/mantacatalog.org\/en\/#breadcrumb\",\"itemListElement\":[{\"@type\":\"ListItem\",\"position\":1,\"name\":\"Home\",\"item\":\"https:\/\/mantacatalog.org\/en\/\"},{\"@type\":\"ListItem\",\"position\":2,\"name\":\"About\"}]},{\"@type\":\"WebSite\",\"@id\":\"https:\/\/mantacatalog.org\/en\/#website\",\"url\":\"https:\/\/mantacatalog.org\/en\/\",\"name\":\"Manta Catalog\",\"description\":\"Research &amp; Conservation\",\"potentialAction\":[{\"@type\":\"SearchAction\",\"target\":{\"@type\":\"EntryPoint\",\"urlTemplate\":\"https:\/\/mantacatalog.org\/en\/?s={search_term_string}\"},\"query-input\":{\"@type\":\"PropertyValueSpecification\",\"valueRequired\":true,\"valueName\":\"search_term_string\"}}],\"inLanguage\":\"pt-PT\"}]}<\/script>\n<!-- \/ Yoast SEO plugin. -->","yoast_head_json":{"title":"Sobre - Cat\u00e1logo Manta","robots":{"index":"index","follow":"follow","max-snippet":"max-snippet:-1","max-image-preview":"max-image-preview:large","max-video-preview":"max-video-preview:-1"},"canonical":"https:\/\/mantacatalog.org\/pt\/","og_locale":"pt_PT","og_type":"article","og_title":"About - Manta Catalog","og_description":"[et_pb_section fb_built=&#8221;1&#8243; _builder_version=&#8221;4.4.3&#8243; custom_padding=&#8221;47px||47px||true|&#8221;][et_pb_row _builder_version=&#8221;4.4.3&#8243; custom_padding=&#8221;30px|||||&#8221;][et_pb_column type=&#8221;4_4&#8243; _builder_version=&#8221;4.4.3&#8243;][et_pb_text _builder_version=&#8221;4.4.3&#8243; header_font_size=&#8221;40px&#8221; min_height=&#8221;69px&#8221; custom_margin=&#8221;||3px|||&#8221;] You can help! [\/et_pb_text][et_pb_text _builder_version=&#8221;4.4.3&#8243; min_height=&#8221;75px&#8221; custom_margin=&#8221;||2px|||&#8221;] If you have encountered a manta or devil ray, you can contribute directly to our research and conservation efforts. Submit your images and information about the sighting through our form. [\/et_pb_text][et_pb_button button_url=&#8221;https:\/\/mantacatalog.org\/en\/report-a-sighting\/&#8221; button_text=&#8221;Submit&#8221; button_alignment=&#8221;center&#8221; _builder_version=&#8221;4.4.3&#8243; custom_button=&#8221;on&#8221; [&hellip;]","og_url":"https:\/\/mantacatalog.org\/pt\/","og_site_name":"Manta Catalog","article_modified_time":"2026-02-19T00:48:21+00:00","twitter_card":"summary_large_image","twitter_misc":{"Tempo estimado de leitura":"4 minutos"},"schema":{"@context":"https:\/\/schema.org","@graph":[{"@type":"WebPage","@id":"https:\/\/mantacatalog.org\/en\/","url":"https:\/\/mantacatalog.org\/en\/","name":"Sobre - Cat\u00e1logo Manta","isPartOf":{"@id":"https:\/\/mantacatalog.org\/en\/#website"},"datePublished":"2020-10-01T19:30:42+00:00","dateModified":"2026-02-19T00:48:21+00:00","breadcrumb":{"@id":"https:\/\/mantacatalog.org\/en\/#breadcrumb"},"inLanguage":"pt-PT","potentialAction":[{"@type":"ReadAction","target":["https:\/\/mantacatalog.org\/en\/"]}]},{"@type":"BreadcrumbList","@id":"https:\/\/mantacatalog.org\/en\/#breadcrumb","itemListElement":[{"@type":"ListItem","position":1,"name":"Home","item":"https:\/\/mantacatalog.org\/en\/"},{"@type":"ListItem","position":2,"name":"About"}]},{"@type":"WebSite","@id":"https:\/\/mantacatalog.org\/en\/#website","url":"https:\/\/mantacatalog.org\/en\/","name":"Cat\u00e1logo Manta","description":"Investiga\u00e7\u00e3o e conserva\u00e7\u00e3o","potentialAction":[{"@type":"SearchAction","target":{"@type":"EntryPoint","urlTemplate":"https:\/\/mantacatalog.org\/en\/?s={search_term_string}"},"query-input":{"@type":"PropertyValueSpecification","valueRequired":true,"valueName":"search_term_string"}}],"inLanguage":"pt-PT"}]}},"_links":{"self":[{"href":"https:\/\/mantacatalog.org\/pt\/wp-json\/wp\/v2\/pages\/112","targetHints":{"allow":["GET"]}}],"collection":[{"href":"https:\/\/mantacatalog.org\/pt\/wp-json\/wp\/v2\/pages"}],"about":[{"href":"https:\/\/mantacatalog.org\/pt\/wp-json\/wp\/v2\/types\/page"}],"author":[{"embeddable":true,"href":"https:\/\/mantacatalog.org\/pt\/wp-json\/wp\/v2\/users\/1"}],"replies":[{"embeddable":true,"href":"https:\/\/mantacatalog.org\/pt\/wp-json\/wp\/v2\/comments?post=112"}],"version-history":[{"count":40,"href":"https:\/\/mantacatalog.org\/pt\/wp-json\/wp\/v2\/pages\/112\/revisions"}],"predecessor-version":[{"id":908,"href":"https:\/\/mantacatalog.org\/pt\/wp-json\/wp\/v2\/pages\/112\/revisions\/908"}],"wp:attachment":[{"href":"https:\/\/mantacatalog.org\/pt\/wp-json\/wp\/v2\/media?parent=112"}],"curies":[{"name":"wp","href":"https:\/\/api.w.org\/{rel}","templated":true}]}}