{"id":432,"date":"2023-03-14T23:59:46","date_gmt":"2023-03-14T23:59:46","guid":{"rendered":"http:\/\/s884785026.mialojamiento.es\/?page_id=432"},"modified":"2024-05-21T18:17:06","modified_gmt":"2024-05-21T18:17:06","slug":"team","status":"publish","type":"page","link":"https:\/\/mantacatalog.org\/pt\/team\/","title":{"rendered":"Conhece a equipa"},"content":{"rendered":"[et_pb_section fb_built=\"1\u2033 admin_label=\"section\" _builder_version=\"4.4.3\u2033 custom_padding=\"100px|||||\"][et_pb_row _builder_version=\"4.4.3\u2033 width=\"72.4%\" min_height=\"120px\" custom_margin=\"|auto||303px||\"][et_pb_column type=\"4_4\u2033 _builder_version=\"4.4.3\u2033][et_pb_text _builder_version=\"4.4.3\u2033]\n<h1><strong>Conhece a equipa<\/strong><\/h1>\n[\/et_pb_text][\/et_pb_column][\/et_pb_row][et_pb_row admin_label=\"row\" _builder_version=\"4.4.3\u2033 background_size=\"initial\" background_position=\"top_left\" background_repeat=\"repeat\" min_height=\"421.9px\" custom_padding=\"||0px||||\"][et_pb_column type=\"4_4\u2033 _builder_version=\"3.25\u2033 custom_padding=\"|||\" custom_padding__hover=\"|||\"][et_pb_team_member name=\"Ana Filipa Sobral \ud83c\uddf5\ud83c\uddf9\" position=\"Cientista Principal e Fundadora\" image_url=\"https:\/\/mantacatalog.org\/wp-content\/uploads\/2023\/03\/360vr-shoot-azores-\u00a9-danny-copeland_1-290\u00d7300.png\" module_class=\"Circular\" _builder_version=\"4.4.3\u2033 border_radii_image=\"on|100%|100%|100%|100%|100%\" border_style_all_image=\"none\" box_shadow_style_image=\"preset3\u2033]\n<p>O amor da Ana pela natureza, particularmente pelo oceano, come\u00e7ou aos cinco anos de idade. Isto levou-a a tornar-se bi\u00f3loga marinha e conservacionista. Em 2010, a Ana viajou para Mo\u00e7ambique para fazer parte de um projeto de conserva\u00e7\u00e3o de tubar\u00f5es-baleia e mantas. Foi aqui que o seu primeiro encontro com uma manta despertou o seu fasc\u00ednio por estes animais.<\/p>\n<p>Em 2011, perseguiu o seu velho sonho de se mudar para os A\u00e7ores. Uma vez\u00a0<span data-token-index=\"0\" class=\"notion-enable-hover\">l\u00e1, apercebeu-se de que este era um dos poucos locais do mundo onde as jamantas chilenas (<\/span><em><span data-token-index=\"1\" class=\"notion-enable-hover\">Mobula tarapacana<\/span><\/em><span data-token-index=\"2\" class=\"notion-enable-hover\">) se re\u00fanem em grandes grupos e<\/span>\u00a0por isso, fundou o Manta Catalog Azores. H\u00e1 mais de uma d\u00e9cada que tem vindo a recolher dados sobre Jamantas, com a ajuda de operadores de mergulho e cientistas cidad\u00e3os, atrav\u00e9s deste projeto.<\/p>\n<p>Atualmente aluna de Doutoramento, a sua investiga\u00e7\u00e3o centra-se na gen\u00e9tica populacional e conectividade de elasmobr\u00e2nquios migrat\u00f3rios em ilhas oce\u00e2nicas no Oceano Atl\u00e2ntico. O seu objetivo \u00e9 preencher as lacunas de conhecimento sobre a biologia e ecologia destes elasmobr\u00e2nquios para a concep\u00e7\u00e3o de planos de conserva\u00e7\u00e3o e gest\u00e3o eficazes para proteger as suas popula\u00e7\u00f5es na remota regi\u00e3o do Oceano Atl\u00e2ntico Norte.<\/p>\n[\/et_pb_team_member][et_pb_divider _builder_version=\"4.4.3\u2033 min_height=\"8.8px\"][\/et_pb_divider][\/et_pb_column][\/et_pb_row][et_pb_row admin_label=\"row\" _builder_version=\"4.4.3\u2033 background_size=\"initial\" background_position=\"top_left\" background_repeat=\"repeat\" min_height=\"824.4px\" custom_padding=\"||0px|||\"][et_pb_column type=\"4_4\u2033 _builder_version=\"3.25\u2033 custom_padding=\"|||\" custom_padding__hover=\"|||\"][et_pb_team_member name=\"Alicia Rodr\u00edguez Junc\u00e1 \ud83c\uddea\ud83c\uddf8\" position=\"Chefe de projeto e co-fundadora - Ilhas Can\u00e1rias\" image_url=\"https:\/\/mantacatalog.org\/wp-content\/uploads\/2023\/06\/editadas-14-e1690556801191.jpg\u201d module_class=\u201dCircular\u201d _builder_version=\u201d4.4.3\u2033 min_height=\u201d367.9px\" custom_margin=\"||76px|||\" custom_padding=\"17px|||3px|||\" border_radii_image=\"on|100%|100%|100%|100%|100%\" border_style_all_image=\"none\" box_shadow_style_image=\"preset3\u2033 border_radii_image__hover_enabled=\"off|desktop\"]\n<p>Alicia \u00e9 candidata a doutoramento no grupo de investiga\u00e7\u00e3o de cet\u00e1ceos BIOECOMAC, Universidad de la Laguna (Ilhas Can\u00e1rias, Espanha). Iniciou o Manta Catolog Canarias para recolher informa\u00e7\u00f5es sobre a presen\u00e7a de mobul\u00eddeos neste arquip\u00e9lago e avaliar a potencial conetividade entre as Can\u00e1rias e outras regi\u00f5es da Macaron\u00e9sia.<\/p>\n<p>Nos \u00faltimos anos, Alicia tem trabalhado em v\u00e1rios projectos no contexto da conserva\u00e7\u00e3o de cet\u00e1ceos nas Ilhas Can\u00e1rias. Atualmente, est\u00e1 a analisar as interac\u00e7\u00f5es entre a pesca artesanal e os cet\u00e1ceos, criando uma informa\u00e7\u00e3o de base para informar corretamente as estrat\u00e9gias de gest\u00e3o e mitigar os efeitos negativos.<\/p>\n<p>Entre um projeto e outro, a Alicia est\u00e1 na \u00e1gua. Alicia \u00e9 Divemaster e skipper. Adora fazer snorkeling e est\u00e1 a dar os seus primeiros passos desajeitados no surf. Tem algum plano que envolva estar na \u00e1gua? Ela est\u00e1 dentro!<\/p>\n[\/et_pb_team_member][et_pb_divider _builder_version=\"4.4.3\u2033 custom_margin=\"-60px|||||\"][\/et_pb_divider][et_pb_team_member name=\"Carla Louren\u00e7o \ud83c\uddf5\ud83c\uddf9\" position=\"Gestora de Comunica\u00e7\u00e3o\" image_url=\"https:\/\/mantacatalog.org\/wp-content\/uploads\/2023\/07\/WhatsApp-Image-2023-07-03-at-13.56.09-e1690623789704.jpeg\u201d module_class=\u201dCircular\u201d _builder_version=\u201d4.4.3\u2033 border_radii_image=\u201don|100%|100%|100%|100%\u201d border_style_all_image=\u201dnone\u201d box_shadow_style_image=\u201dpreset3\u2033]\n<p><span>Bi\u00f3loga marinha de forma\u00e7\u00e3o e de cora\u00e7\u00e3o. Amante e defensora dos oceanos, sereia a tempo parcial, conservacionista e ativista da Terra com base cient\u00edfica. Nascida a 354 ppm, a Carla tem mais de 30 anos de experi\u00eancia a passear \u00e0 beira-mar \u00e0 procura de vida marinha. Apaixonada por comunicar a forma como o oceano molda as nossas vidas e como cada indiv\u00edduo pode fazer a diferen\u00e7a na contribui\u00e7\u00e3o para um planeta saud\u00e1vel. Um cocktail intenso de criatividade, resolu\u00e7\u00e3o de problemas e loucura; cheia de intelig\u00eancia e atrevimento. Melhor servida com gelo, tem como miss\u00e3o ajudar a salvar os corais da extin\u00e7\u00e3o funcional - e as mantas tamb\u00e9m!<\/span><\/p>\n[\/et_pb_team_member][\/et_pb_column][\/et_pb_row][et_pb_row admin_label=\"row\" _builder_version=\"4.4.3\u2033 background_size=\"initial\" background_position=\"top_left\" background_repeat=\"repeat\"][et_pb_column type=\"4_4\u2033 _builder_version=\"3.25\u2033 custom_padding=\"|||\" custom_padding__hover=\"|||\"][et_pb_divider _builder_version=\"4.4.3\u2033][\/et_pb_divider][et_pb_team_member name=\"Joana Oliveira \ud83c\uddf5\ud83c\uddf9\" position=\"Respons\u00e1vel de Comunica\u00e7\u00e3o e Equipa de Foto-ID\" image_url=\"https:\/\/mantacatalog.org\/wp-content\/uploads\/2023\/03\/IMG_6302-2-e1690557105873.jpg\" _builder_version=\"4.4.3\u2033 border_radii_image=\"on|100%|100%|100%|100%\"]\n<p><span style=\"font-size: 14px;\">A Joana \u00e9 uma bi\u00f3loga marinha apaixonada. Tendo crescido junto \u00e0 praia, o oceano fez parte da maioria das suas mem\u00f3rias mais antigas. Sempre teve curiosidade pela vida marinha e sente-se mais feliz quando est\u00e1 na \u00e1gua!<\/span><\/p>\n<p><span style=\"font-weight: 400;\">Durante os seus estudos de licenciatura em Biologia,\u00a0<span>na Universidade de Lisboa,<\/span> esteve envolvida em diferentes projectos de conserva\u00e7\u00e3o e investiga\u00e7\u00e3o e deu os primeiros passos na \u00e1rea marinha. Nessa altura, come\u00e7ou a fazer voluntariado no Manta Catalog Azores e a aprender sobre Photo-ID e Citizen Science.\u00a0<\/span><\/p>\n<p><span style=\"font-weight: 400;\">Durante o seu mestrado em Recursos Biol\u00f3gicos Marinhos (IMBRSea), viajou quase tanto como uma Manta, mudando de universidade a cada semestre, mas agora est\u00e1 de volta a Portugal.<\/span><\/p>\n<p><span style=\"font-weight: 400;\">Aprender sobre a forma como a sociedade se pode envolver na conserva\u00e7\u00e3o e gest\u00e3o do meio marinho tem sido a sua prioridade nos \u00faltimos dois anos e o foco do seu projeto de tese de mestrado. No futuro, pretende continuar a ajudar a colmatar o fosso entre os cientistas e a sociedade!<\/span><\/p>\n<p><span style=\"font-weight: 400;\">Pode encontr\u00e1-la junto ao mar!<\/span><\/p>\n<p>&nbsp;<\/p>\n[\/et_pb_team_member][et_pb_divider _builder_version=\"4.4.3\u2033 locked=\"off\"][\/et_pb_divider][et_pb_team_member name=\"Chloe Flood \ud83c\uddec\ud83c\udde7\" position=\"Equipa de conte\u00fado de v\u00eddeo e de foto-identifica\u00e7\u00e3o\" image_url=\"https:\/\/mantacatalog.org\/wp-content\/uploads\/2023\/03\/Screenshot-2023-03-12-at-18.12.12-e1690557037566.png\u201d _builder_version=\u201d4.4.3\u2033 min_height=\u201d164.6px\u201d border_radii_image=\u201don|100%|100%|100%|100%\u201d]\n<p>A Chloe \u00e9 uma conservacionista marinha e uma nerd dos tubar\u00f5es!<br \/> Tendo crescido perto da costa, o oceano sempre foi uma grande parte da sua vida. Quer seja a nadar em \u00e1guas frias (o que acontece durante a maior parte do ano em Inglaterra), a fazer snorkelling, a dar um passeio pela costa, a mergulhar ou a tentar surfar, ela passa a maior parte do seu tempo livre na \u00e1gua ou perto dela. H\u00e1 pouco mais de um ano, mudou-se para Plymouth, no sudoeste do Reino Unido, para estudar o seu curso de sonho, MSc Marine Conservation. Para a sua disserta\u00e7\u00e3o, completou um projeto de investiga\u00e7\u00e3o, em parceria com o Shark Trust, centrado na comunica\u00e7\u00e3o da conserva\u00e7\u00e3o marinha. Atrav\u00e9s desta colabora\u00e7\u00e3o, foram-lhe oferecidas algumas oportunidades incr\u00edveis de voluntariado. Ap\u00f3s a sua recente gradua\u00e7\u00e3o, come\u00e7ou a trabalhar pela primeira vez na \u00e1rea da conserva\u00e7\u00e3o marinha e sente que est\u00e1 a viver o seu sonho - proteger o nosso oceano e a vida fant\u00e1stica que nele existe!<\/p>\n<p>Com uma licenciatura em jornalismo multim\u00e9dia, tem vindo a criar alguns dos conte\u00fados de v\u00eddeo para o Manta Catalog, e em breve dar\u00e1 os primeiros passos no mundo da foto-identifica\u00e7\u00e3o!<\/p>\n[\/et_pb_team_member][et_pb_divider _builder_version=\"4.4.3\u2033][\/et_pb_divider][et_pb_team_member name=\"In\u00eas Filipa Rodrigues \ud83c\uddf5\ud83c\uddf9\" position=\"Equipa de foto-identifica\u00e7\u00e3o\" image_url=\"https:\/\/mantacatalog.org\/wp-content\/uploads\/2023\/03\/DSC_1945-scaled-e1690557363297.jpg\u201d _builder_version=\u201d4.4.3\u2033 min_height=\u201d549.5px\u201d border_radii_image=\u201don|100%|100%|100%|100%\u201d]\n<p><span style=\"font-size: 14px;\">Desde crian\u00e7a que a sua principal motiva\u00e7\u00e3o era estar perto de animais, fossem eles formigas, ovelhas, c\u00e3es... tudo o que quisesse. A \u00fanica coisa que tinha a certeza era que queria que a sua vida adulta fosse rodeada por eles. Fez uma licenciatura em Biologia na FCUL (Lisboa) e, movida pelo desejo de estudar no estrangeiro, mergulhou no seu atual mestrado em Biologia na WUR (Holanda). Poder\u00e1 estar a pensar... Biologia duas vezes? N\u00e3o podia especializar-se? A realidade \u00e9 que \"Biologia\" tem sido o termo gen\u00e9rico para o seu percurso em Ecologia e Conserva\u00e7\u00e3o, mas \u00e9 de facto t\u00e3o vasto como os seus interesses. Nestes dom\u00ednios, centra-se tanto no reino marinho como no reino terrestre.\u00a0<\/span><\/p>\n<p><span style=\"font-weight: 400;\">No mundo marinho, tem uma enorme paix\u00e3o por Mam\u00edferos Marinhos e Elasmobr\u00e2nquios (insiste que os mam\u00edferos v\u00eam em primeiro lugar, estamos a trabalhar nisso), com um \"amor escondido\" por Cefal\u00f3podes e Corais, bem como uma pitada de abertura que permite que outros organismos tamb\u00e9m conquistem o seu cora\u00e7\u00e3o. Acredita que uma vis\u00e3o mais alargada pode ajudar a ligar pontos ainda por compreender e que, com conhecimentos em diversas \u00e1reas, a sua \"caixa de ferramentas\" est\u00e1 em constante expans\u00e3o e pronta a ser utilizada de forma criativa e interdisciplinar!\u00a0<\/span><\/p>\n<p><span style=\"font-weight: 400;\">A sua vontade intr\u00ednseca de estar constantemente envolvida em algo significativo levou-a a juntar-se ao Manta Catalog em outubro de 2019. Os seus passatempos s\u00e3o a observa\u00e7\u00e3o de aves (aves tamb\u00e9m? Sim...), fotografia da vida selvagem, m\u00fasica, viajar e, claro, mobula photo-ID \ud83d\ude09<\/span><\/p>\n<p><span style=\"font-weight: 400;\">Aspira a ajudar a preencher as lacunas de conhecimento sobre a biologia e ecologia de uma grande variedade de taxa, bem como as interac\u00e7\u00f5es entre eles e, em \u00faltima an\u00e1lise, utilizar essa informa\u00e7\u00e3o para a sua conserva\u00e7\u00e3o. A sua vida \u00e9 planeada de forma a ter espa\u00e7o suficiente para o inesperado, mantendo os p\u00e9s no ch\u00e3o tanto quanto poss\u00edvel, caminhando em dire\u00e7\u00e3o aos seus objectivos e tirando algumas fotografias pelo caminho.<\/span><\/p>\n[\/et_pb_team_member][et_pb_divider _builder_version=\"4.4.3\u2033 min_height=\"25.8px\"][\/et_pb_divider][et_pb_team_member name=\"Nuno Vasco Rodrigues \ud83c\uddf5\ud83c\uddf9\" position=\"Fot\u00f3grafo de Conserva\u00e7\u00e3o e Consultor Cient\u00edfico\" image_url=\"https:\/\/mantacatalog.org\/wp-content\/uploads\/2023\/04\/Manta-Conserva\u00e7\u00e3o-Experiece-Bio-Nuno-Vasco-Rodrigues.jpg\" module_class=\"Circular\" _builder_version=\"4.4.3\u2033 border_radii_image=\"on|100%|100%|100%|100%|100%\" border_style_all_image=\"none\" box_shadow_style_image=\"preset3\u2033]\n<p>\u00a0Nuno Vasco Rodrigues \u00e9 um bi\u00f3logo marinho com um mestrado em Estudos Integrados dos Oceanos. Ao longo da sua carreira, trabalhou em v\u00e1rias institui\u00e7\u00f5es de refer\u00eancia na \u00e1rea dos estudos e conserva\u00e7\u00e3o marinha, esteve envolvido em diversos projectos de conserva\u00e7\u00e3o e fez parte de muitas expedi\u00e7\u00f5es cient\u00edficas, o que lhe permitiu um conhecimento profundo da vida oce\u00e2nica. \u00c9 autor de dezenas de artigos cient\u00edficos e de tr\u00eas livros sobre fauna marinha, tendo contribu\u00eddo para muitos outros.<\/p>\n<p>Como fot\u00f3grafo, especializou-se em fotografia subaqu\u00e1tica, utilizando a imagem como ferramenta de estudo e comunica\u00e7\u00e3o, visando a conserva\u00e7\u00e3o. Contribui regularmente para v\u00e1rias institui\u00e7\u00f5es, nomeadamente para a National Geographic Portugal. As suas imagens t\u00eam sido amplamente publicadas em livros, jornais e revistas e tamb\u00e9m expostas a n\u00edvel mundial, tendo v\u00e1rias delas sido premiadas em concursos internacionais. Recentemente, foi considerado o fot\u00f3grafo de conserva\u00e7\u00e3o do ano 2021 pela Ocean Geographic e obteve o 2\u00ba lugar na categoria de fotojornalismo.<\/p>\n<p>Mergulhador certificado desde 2000, \u00e9 Assistant Instructor e tem mais de 1000 horas de mergulho em v\u00e1rios locais do mundo, a maioria das quais a estudar e fotografar a vida marinha.<\/p>\n[\/et_pb_team_member][\/et_pb_column][\/et_pb_row][\/et_pb_section]","protected":false},"excerpt":{"rendered":"<p>[et_pb_section fb_built=\"1\u2033 admin_label=\"section\" _builder_version=\"4.4.3\u2033 custom_padding=\"100px|||||\"][et_pb_row _builder_version=\"4.4.3\u2033 width=\"72.4%\" min_height=\"120px\" custom_margin=\"|auto||303px|||\"][et_pb_column type=\"4_4\u2033 _builder_version=\"4.4.3\u2033][et_pb_text _builder_version=\"4.4.3\u2033] Conhe\u00e7a a equipa [\/et_pb_text][\/et_pb_column][\/et_pb_row][et_pb_row admin_label=\"row\" _builder_version=\"4.4.3\u2033 background_size=\"initial\" background_position=\"top_left\" background_repeat=\"repeat\" min_height=\"421.9px\" custom_padding=\"||0px|||\"][et_pb_column type=\"4_4\u2033 _builder_version=\"3.25\u2033 custom_padding=\"|||\" custom_padding__hover=\"|||\"][et_pb_team_member name=\"Ana Filipa Sobral \ud83c\uddf5\ud83c\uddf9\" position=\"Cientista Principal e Fundadora\" image_url=\"https:\/\/mantacatalog.org\/wp-content\/uploads\/2023\/03\/360vr-shoot-azores-\u00a9-danny-copeland_1-290\u00d7300.png\" module_class=\"Circular\" _builder_version=\"4.4.3\u2033 border_radii_image=\"on|100%|100%|100%|100%|100%\" border_style_all_image=\"none\" box_shadow_style_image=\"preset3\u2033] O amor de Ana pela natureza, em particular pelo oceano, come\u00e7ou aos cinco anos de idade. [...]<\/p>","protected":false},"author":1,"featured_media":0,"parent":0,"menu_order":0,"comment_status":"closed","ping_status":"closed","template":"","meta":{"_et_pb_use_builder":"on","_et_pb_old_content":"","_et_gb_content_width":"","footnotes":""},"class_list":["post-432","page","type-page","status-publish","hentry"],"yoast_head":"<!-- This site is optimized with the Yoast SEO plugin v26.2 - https:\/\/yoast.com\/wordpress\/plugins\/seo\/ -->\n<title>Meet the Team - Manta Catalog<\/title>\n<meta name=\"robots\" content=\"index, follow, max-snippet:-1, max-image-preview:large, max-video-preview:-1\" \/>\n<link rel=\"canonical\" href=\"https:\/\/mantacatalog.org\/pt\/team\/\" \/>\n<meta property=\"og:locale\" content=\"pt_PT\" \/>\n<meta property=\"og:type\" content=\"article\" \/>\n<meta property=\"og:title\" content=\"Meet the Team - Manta Catalog\" \/>\n<meta property=\"og:description\" content=\"[et_pb_section fb_built=&#8221;1&#8243; admin_label=&#8221;section&#8221; _builder_version=&#8221;4.4.3&#8243; custom_padding=&#8221;100px|||||&#8221;][et_pb_row _builder_version=&#8221;4.4.3&#8243; width=&#8221;72.4%&#8221; min_height=&#8221;120px&#8221; custom_margin=&#8221;|auto||303px||&#8221;][et_pb_column type=&#8221;4_4&#8243; _builder_version=&#8221;4.4.3&#8243;][et_pb_text _builder_version=&#8221;4.4.3&#8243;] Meet the Team [\/et_pb_text][\/et_pb_column][\/et_pb_row][et_pb_row admin_label=&#8221;row&#8221; _builder_version=&#8221;4.4.3&#8243; background_size=&#8221;initial&#8221; background_position=&#8221;top_left&#8221; background_repeat=&#8221;repeat&#8221; min_height=&#8221;421.9px&#8221; custom_padding=&#8221;||0px|||&#8221;][et_pb_column type=&#8221;4_4&#8243; _builder_version=&#8221;3.25&#8243; custom_padding=&#8221;|||&#8221; custom_padding__hover=&#8221;|||&#8221;][et_pb_team_member name=&#8221;Ana Filipa Sobral \ud83c\uddf5\ud83c\uddf9&#8221; position=&#8221;Principal Scientist and Founder&#8221; image_url=&#8221;https:\/\/mantacatalog.org\/wp-content\/uploads\/2023\/03\/360vr-shoot-azores-\u00a9-danny-copeland_1-290&#215;300.png&#8221; module_class=&#8221;Circular&#8221; _builder_version=&#8221;4.4.3&#8243; border_radii_image=&#8221;on|100%|100%|100%|100%&#8221; border_style_all_image=&#8221;none&#8221; box_shadow_style_image=&#8221;preset3&#8243;] Ana&#8217;s love for nature, particularly the ocean, began at the young age of five. [&hellip;]\" \/>\n<meta property=\"og:url\" content=\"https:\/\/mantacatalog.org\/pt\/team\/\" \/>\n<meta property=\"og:site_name\" content=\"Manta Catalog\" \/>\n<meta property=\"article:modified_time\" content=\"2024-05-21T18:17:06+00:00\" \/>\n<meta name=\"twitter:card\" content=\"summary_large_image\" \/>\n<meta name=\"twitter:label1\" content=\"Tempo estimado de leitura\" \/>\n\t<meta name=\"twitter:data1\" content=\"9 minutos\" \/>\n<script type=\"application\/ld+json\" class=\"yoast-schema-graph\">{\"@context\":\"https:\/\/schema.org\",\"@graph\":[{\"@type\":\"WebPage\",\"@id\":\"https:\/\/mantacatalog.org\/en\/team\/\",\"url\":\"https:\/\/mantacatalog.org\/en\/team\/\",\"name\":\"Meet the Team - Manta Catalog\",\"isPartOf\":{\"@id\":\"https:\/\/mantacatalog.org\/en\/#website\"},\"datePublished\":\"2023-03-14T23:59:46+00:00\",\"dateModified\":\"2024-05-21T18:17:06+00:00\",\"breadcrumb\":{\"@id\":\"https:\/\/mantacatalog.org\/en\/team\/#breadcrumb\"},\"inLanguage\":\"pt-PT\",\"potentialAction\":[{\"@type\":\"ReadAction\",\"target\":[\"https:\/\/mantacatalog.org\/en\/team\/\"]}]},{\"@type\":\"BreadcrumbList\",\"@id\":\"https:\/\/mantacatalog.org\/en\/team\/#breadcrumb\",\"itemListElement\":[{\"@type\":\"ListItem\",\"position\":1,\"name\":\"Home\",\"item\":\"https:\/\/mantacatalog.org\/en\/\"},{\"@type\":\"ListItem\",\"position\":2,\"name\":\"Meet the Team\"}]},{\"@type\":\"WebSite\",\"@id\":\"https:\/\/mantacatalog.org\/en\/#website\",\"url\":\"https:\/\/mantacatalog.org\/en\/\",\"name\":\"Manta Catalog\",\"description\":\"Research &amp; Conservation\",\"potentialAction\":[{\"@type\":\"SearchAction\",\"target\":{\"@type\":\"EntryPoint\",\"urlTemplate\":\"https:\/\/mantacatalog.org\/en\/?s={search_term_string}\"},\"query-input\":{\"@type\":\"PropertyValueSpecification\",\"valueRequired\":true,\"valueName\":\"search_term_string\"}}],\"inLanguage\":\"pt-PT\"}]}<\/script>\n<!-- \/ Yoast SEO plugin. -->","yoast_head_json":{"title":"Conhe\u00e7a a equipa - Cat\u00e1logo Manta","robots":{"index":"index","follow":"follow","max-snippet":"max-snippet:-1","max-image-preview":"max-image-preview:large","max-video-preview":"max-video-preview:-1"},"canonical":"https:\/\/mantacatalog.org\/pt\/team\/","og_locale":"pt_PT","og_type":"article","og_title":"Meet the Team - Manta Catalog","og_description":"[et_pb_section fb_built=&#8221;1&#8243; admin_label=&#8221;section&#8221; _builder_version=&#8221;4.4.3&#8243; custom_padding=&#8221;100px|||||&#8221;][et_pb_row _builder_version=&#8221;4.4.3&#8243; width=&#8221;72.4%&#8221; min_height=&#8221;120px&#8221; custom_margin=&#8221;|auto||303px||&#8221;][et_pb_column type=&#8221;4_4&#8243; _builder_version=&#8221;4.4.3&#8243;][et_pb_text _builder_version=&#8221;4.4.3&#8243;] Meet the Team [\/et_pb_text][\/et_pb_column][\/et_pb_row][et_pb_row admin_label=&#8221;row&#8221; _builder_version=&#8221;4.4.3&#8243; background_size=&#8221;initial&#8221; background_position=&#8221;top_left&#8221; background_repeat=&#8221;repeat&#8221; min_height=&#8221;421.9px&#8221; custom_padding=&#8221;||0px|||&#8221;][et_pb_column type=&#8221;4_4&#8243; _builder_version=&#8221;3.25&#8243; custom_padding=&#8221;|||&#8221; custom_padding__hover=&#8221;|||&#8221;][et_pb_team_member name=&#8221;Ana Filipa Sobral \ud83c\uddf5\ud83c\uddf9&#8221; position=&#8221;Principal Scientist and Founder&#8221; image_url=&#8221;https:\/\/mantacatalog.org\/wp-content\/uploads\/2023\/03\/360vr-shoot-azores-\u00a9-danny-copeland_1-290&#215;300.png&#8221; module_class=&#8221;Circular&#8221; _builder_version=&#8221;4.4.3&#8243; border_radii_image=&#8221;on|100%|100%|100%|100%&#8221; border_style_all_image=&#8221;none&#8221; box_shadow_style_image=&#8221;preset3&#8243;] Ana&#8217;s love for nature, particularly the ocean, began at the young age of five. [&hellip;]","og_url":"https:\/\/mantacatalog.org\/pt\/team\/","og_site_name":"Manta Catalog","article_modified_time":"2024-05-21T18:17:06+00:00","twitter_card":"summary_large_image","twitter_misc":{"Tempo estimado de leitura":"9 minutos"},"schema":{"@context":"https:\/\/schema.org","@graph":[{"@type":"WebPage","@id":"https:\/\/mantacatalog.org\/en\/team\/","url":"https:\/\/mantacatalog.org\/en\/team\/","name":"Conhe\u00e7a a equipa - Cat\u00e1logo Manta","isPartOf":{"@id":"https:\/\/mantacatalog.org\/en\/#website"},"datePublished":"2023-03-14T23:59:46+00:00","dateModified":"2024-05-21T18:17:06+00:00","breadcrumb":{"@id":"https:\/\/mantacatalog.org\/en\/team\/#breadcrumb"},"inLanguage":"pt-PT","potentialAction":[{"@type":"ReadAction","target":["https:\/\/mantacatalog.org\/en\/team\/"]}]},{"@type":"BreadcrumbList","@id":"https:\/\/mantacatalog.org\/en\/team\/#breadcrumb","itemListElement":[{"@type":"ListItem","position":1,"name":"Home","item":"https:\/\/mantacatalog.org\/en\/"},{"@type":"ListItem","position":2,"name":"Meet the Team"}]},{"@type":"WebSite","@id":"https:\/\/mantacatalog.org\/en\/#website","url":"https:\/\/mantacatalog.org\/en\/","name":"Cat\u00e1logo Manta","description":"Investiga\u00e7\u00e3o e conserva\u00e7\u00e3o","potentialAction":[{"@type":"SearchAction","target":{"@type":"EntryPoint","urlTemplate":"https:\/\/mantacatalog.org\/en\/?s={search_term_string}"},"query-input":{"@type":"PropertyValueSpecification","valueRequired":true,"valueName":"search_term_string"}}],"inLanguage":"pt-PT"}]}},"_links":{"self":[{"href":"https:\/\/mantacatalog.org\/pt\/wp-json\/wp\/v2\/pages\/432","targetHints":{"allow":["GET"]}}],"collection":[{"href":"https:\/\/mantacatalog.org\/pt\/wp-json\/wp\/v2\/pages"}],"about":[{"href":"https:\/\/mantacatalog.org\/pt\/wp-json\/wp\/v2\/types\/page"}],"author":[{"embeddable":true,"href":"https:\/\/mantacatalog.org\/pt\/wp-json\/wp\/v2\/users\/1"}],"replies":[{"embeddable":true,"href":"https:\/\/mantacatalog.org\/pt\/wp-json\/wp\/v2\/comments?post=432"}],"version-history":[{"count":23,"href":"https:\/\/mantacatalog.org\/pt\/wp-json\/wp\/v2\/pages\/432\/revisions"}],"predecessor-version":[{"id":865,"href":"https:\/\/mantacatalog.org\/pt\/wp-json\/wp\/v2\/pages\/432\/revisions\/865"}],"wp:attachment":[{"href":"https:\/\/mantacatalog.org\/pt\/wp-json\/wp\/v2\/media?parent=432"}],"curies":[{"name":"wp","href":"https:\/\/api.w.org\/{rel}","templated":true}]}}