{"id":445,"date":"2023-03-15T01:51:37","date_gmt":"2023-03-15T01:51:37","guid":{"rendered":"http:\/\/s884785026.mialojamiento.es\/?page_id=445"},"modified":"2023-07-29T18:55:21","modified_gmt":"2023-07-29T18:55:21","slug":"manta-catalog-azores","status":"publish","type":"page","link":"https:\/\/mantacatalog.org\/pt\/manta-catalog-azores\/","title":{"rendered":"Cat\u00e1logo Manta A\u00e7ores"},"content":{"rendered":"[et_pb_section fb_built=\"1\u2033 _builder_version=\"4.4.3\u2033 custom_margin=\"||-66px||||\" custom_padding=\"13px|||||\"][et_pb_row _builder_version=\"4.4.3\u2033][et_pb_column type=\"4_4\u2033 _builder_version=\"4.4.3\u2033][et_pb_image src=\"https:\/\/mantacatalog.org\/wp-content\/uploads\/2023\/03\/Logo_MC_Final_01.png\" align=\"center\" _builder_version=\"4.4.3\u2033 background_color=\"rgba(0,0,0,0)\" module_alignment=\"center\" min_height=\"242px\" max_height=\"300px\"][\/et_pb_image][\/et_pb_column][\/et_pb_row][\/et_pb_section][et_pb_section fb_built=\"1\u2033 _builder_version=\"4.4.3\u2033 min_height=\"249px\" custom_padding=\"0px||11px||||\"][et_pb_row _builder_version=\"4.4.3\u2033 min_height=\"234px\"][et_pb_column type=\"4_4\u2033 _builder_version=\"4.4.3\u2033][et_pb_text _builder_version=\"4.4.3\u2033 text_orientation=\"justified\"]<h1><strong>Cat\u00e1logo Manta A\u00e7ores<\/strong><\/h1>\n<h3><em><\/em><\/h3>\n<h3><em>Fundado em 2012<\/em><\/h3>\n<p><em><\/em><\/p>\n<h3><em><strong>Foi nos A\u00e7ores que tudo come\u00e7ou...<\/strong><\/em><\/h3>\n<p>&nbsp;<\/p>\n<h4>Fundado por Ana Filipa Sobral, o projeto Manta Catalog Azores (MCA) \u00e9 o nosso principal projeto de investiga\u00e7\u00e3o. Ap\u00f3s mais de uma d\u00e9cada de investiga\u00e7\u00e3o, o MCA cresceu e o seu sucesso inspirou a expans\u00e3o do projeto para outros locais.<\/h4>[\/et_pb_text][\/et_pb_column][\/et_pb_row][\/et_pb_section][et_pb_section fb_built=\"1\u2033 _builder_version=\"4.4.3\u2033 min_height=\"305.3px\" custom_padding=\"13px|||||\"][et_pb_row column_structure=\"1_2,1_2\u2033 _builder_version=\"4.4.3\u2033 min_height=\"338.4px\"][et_pb_column type=\"1_2\u2033 _builder_version=\"4.4.3\u2033][et_pb_image src=\"https:\/\/mantacatalog.org\/wp-content\/uploads\/2023\/05\/Filling-the-gap_-e1690556431866.png\" _builder_version=\"4.4.3\u2033 min_height=\"427.4px\" custom_padding=\"|0px|0px|||\"][\/et_pb_image][\/et_pb_column][et_pb_column type=\"1_2\u2033 _builder_version=\"4.4.3\u2033][et_pb_text _builder_version=\"4.4.3\u2033 min_height=\"360.6px\" custom_margin=\"||95px|||\" custom_padding=\"17px|23px|116px||||\"]<h3><strong><\/strong><\/h3>\n<h3><strong>As ilhas dos A\u00e7ores<\/strong><\/h3>\n<p><strong><\/strong><\/p>\n<p><strong><\/strong><\/p>\n<h5 style=\"text-align: justify;\"><strong>Um dos poucos locais do planeta onde as jamantas chilenas (Mobula tarapacana) se re\u00fanem em grandes grupos.<\/strong><\/h5>\n<p style=\"text-align: justify;\"><strong><\/strong><\/p>\n<p style=\"text-align: justify;\"><strong><\/strong><\/p>\n<h5 style=\"text-align: justify;\">Situados no meio do Oceano Atl\u00e2ntico, os A\u00e7ores s\u00e3o um arquip\u00e9lago constitu\u00eddo por nove ilhas vulc\u00e2nicas, as mais isoladas do Atl\u00e2ntico Nordeste. O facto de ser a \u00fanica massa de terra entre dois continentes e de se situar no topo da Dorsal M\u00e9dio Atl\u00e2ntica, juntamente com a forte influ\u00eancia da corrente do Golfo, faz com que o seu ambiente seja \u00fanico, um verdadeiro o\u00e1sis de biodiversidade.<\/h5>\n<p>&nbsp;<\/p>\n<h5 style=\"text-align: justify;\">Desde a costa das ilhas at\u00e9 \u00e0s profundezas do mar profundo, o arquip\u00e9lago engloba ecossistemas importantes e diversificados, desde recifes costeiros a montes submarinos, fontes hidrotermais e jardins de corais de \u00e1guas profundas.<\/h5>[\/et_pb_text][\/et_pb_column][\/et_pb_row][et_pb_row _builder_version=\"4.4.3\u2033 custom_padding=\"0px|||||\"][et_pb_column type=\"4_4\u2033 _builder_version=\"4.4.3\u2033][et_pb_text _builder_version=\"4.4.3\u2033]<h3>O Projeto<\/h3>\n<p><strong>A jamanta chilena \u00e9 a \u00fanica esp\u00e9cie, al\u00e9m das mantas, que apresenta marcas ventrais \u00fanicas.<\/strong><\/p>\n<p>De facto, esta caracter\u00edstica levou \u00e0 g\u00e9nese deste projeto e \u00e0 cria\u00e7\u00e3o da primeira base de dados de foto-identifica\u00e7\u00e3o da jamanta chilena no mundo e, posteriormente, da manta oce\u00e2nica no Atl\u00e2ntico. Ao longo do tempo, estas bases de dados podem revelar informa\u00e7\u00f5es sobre a composi\u00e7\u00e3o das popula\u00e7\u00f5es, padr\u00f5es de migra\u00e7\u00e3o e movimentos em torno dos A\u00e7ores, ao mesmo tempo que revelam poss\u00edveis conectividades com outras regi\u00f5es do Atl\u00e2ntico e fornecem pistas sobre a import\u00e2ncia desta regi\u00e3o para as diferentes esp\u00e9cies. Esta informa\u00e7\u00e3o \u00e9 crucial para uma gest\u00e3o e conserva\u00e7\u00e3o eficazes destas esp\u00e9cies.<\/p>\n<p>A presen\u00e7a de agrega\u00e7\u00f5es previs\u00edveis nos montes submarinos do arquip\u00e9lago \u00e9, portanto, altamente significativa, proporcionando uma oportunidade \u00fanica para estudar estes animais. A maior parte do trabalho do MCA tem sido desenvolvido em colabora\u00e7\u00e3o com operadores de mergulho locais e os seus clientes, que apoiam o projeto como \"Cidad\u00e3os Cientistas\". Os clientes contribuem com fotografias para identifica\u00e7\u00e3o, captadas durante os seus mergulhos, e os operadores de mergulho comunicam quaisquer avistamentos de mobulas que tenham ocorrido ao longo da \u00e9poca. Mais recentemente, os pescadores recreativos locais tamb\u00e9m se t\u00eam envolvido comunicando os avistamentos destes animais.<\/p>\n<p>Juntamente com a foto-identifica\u00e7\u00e3o, o projeto tamb\u00e9m recolheu dados atrav\u00e9s de esta\u00e7\u00f5es de v\u00eddeo remotas nos principais locais de agrega\u00e7\u00e3o. Foram recentemente estabelecidas colabora\u00e7\u00f5es noutras regi\u00f5es para a utiliza\u00e7\u00e3o de novas metodologias e para a recolha de amostras gen\u00e9ticas. T\u00e9cnicas de gen\u00e9tica e gen\u00f3mica t\u00eam ainda sido utilizadas para estudar a estrutura populacional e a conetividade das popula\u00e7\u00f5es entre os A\u00e7ores e diferentes regi\u00f5es do globo.<\/p>\n<p>O papel ecol\u00f3gico destes locais de agrega\u00e7\u00e3o t\u00e3o espec\u00edficos deve ser compreendido e devem ser efectuadas avalia\u00e7\u00f5es sobre a forma como potenciais impactos negativos nestes locais podem ser evitados atrav\u00e9s de regulamenta\u00e7\u00e3o apropriada.<\/p>\n<p>O projeto espera aumentar a quantidade de dados de foto-identifica\u00e7\u00e3o que recolhe dos mergulhadores e sensibilizar a comunidade local em geral para a conserva\u00e7\u00e3o e a import\u00e2ncia econ\u00f3mica das jamantas que visitam a regi\u00e3o.<\/p>[\/et_pb_text][\/et_pb_column][\/et_pb_row][et_pb_row column_structure=\"1_2,1_2\u2033 _builder_version=\"4.4.3\u2033][et_pb_column type=\"1_2\u2033 _builder_version=\"4.4.3\u2033][et_pb_image src=\"https:\/\/mantacatalog.org\/wp-content\/uploads\/2020\/10\/manta_sample_EN_02.jpg\" _builder_version=\"4.4.3\u2033][\/et_pb_image][et_pb_image src=\"https:\/\/mantacatalog.org\/wp-content\/uploads\/2020\/10\/manta_sample_EN_01.jpg\" _builder_version=\"4.4.3\u2033][\/et_pb_image][et_pb_image src=\"https:\/\/mantacatalog.org\/wp-content\/uploads\/2020\/10\/manta_sample_EN_03.jpg\" _builder_version=\"4.4.3\u2033][\/et_pb_image][\/et_pb_column][et_pb_column type=\"1_2\u2033 _builder_version=\"4.4.3\u2033][et_pb_text _builder_version=\"4.4.3\u2033 min_height=\"583.1px\" custom_margin=\"||50px||||\"]<h3>Mantas e jamantas nos A\u00e7ores<\/h3>\n<p>Entre Junho e Outubro de cada ano, uma esp\u00e9cie de manta (<em><a href=\"https:\/\/www.mantatrust.org\/mobula-birostris\">Mobula birostris<\/a><\/em>) e duas esp\u00e9cies de jamantas (<em><a href=\"https:\/\/www.mantatrust.org\/mobula-tarapacana\">Mobula tarapacana<\/a><\/em> e <em><a href=\"https:\/\/www.mantatrust.org\/mobula-mobular\">Mobula mobular<\/a><\/em>) podem ser observadas nas \u00e1guas em redor destas ilhas.<\/p>\n<p>A mais frequentemente avistada \u00e9 a grande e carism\u00e1tica <a href=\"https:\/\/www.mantatrust.org\/mobula-tarapacana\">jamanta chilena<\/a> (<em>M. tarapacana<\/em>). Esta esp\u00e9cie \u00e9 bem conhecida pela sua cor dourada e \u00e9 uma das maiores esp\u00e9cies de jamantas, atingindo uma envergadura de asas superior a tr\u00eas metros.<\/p>\n<p>Enquanto <a href=\"https:\/\/www.mantatrust.org\/mobula-tarapacana\">as jamantas chilenas<\/a> podem ser observadas por todo o arquip\u00e9lago durante os meses de ver\u00e3o, s\u00e3o vistas de forma mais consistente em agrega\u00e7\u00f5es nos montes submarinos do Ambr\u00f3sio, perto de Santa Maria, e Princesa Alice, perto do Faial e do Pico. Todas as raias que visitam os montes submarinos s\u00e3o adultos maturos, e muitas f\u00eameas est\u00e3o gr\u00e1vidas. No entanto, a raz\u00e3o exacta das suas visitas a estes locais continua a ser um mist\u00e9rio. O que sabemos \u00e9 que estas raias n\u00e3o t\u00eam vergonha de interagir com os mergulhadores. As suas grandes agrega\u00e7\u00f5es, o seu tamanho surpreendente e a sua curiosidade \u00f3bvia tornam estes encontros incr\u00edveis e, por isso, muitos mergulhadores de todo o mundo visitam os A\u00e7ores especificamente para as ver.<\/p>[\/et_pb_text][\/et_pb_column][\/et_pb_row][et_pb_row _builder_version=\"4.4.3\u2033 custom_padding=\"26px|||||\"][et_pb_column type=\"4_4\u2033 _builder_version=\"4.4.3\u2033][et_pb_text _builder_version=\"4.4.3\u2033]\n<div class=\"wp-block-qi-blocks-timeline qodef-block-container qodef-block-ac73573d\"><div class=\"qi-block-timeline qodef-block qodef-m qodef-timeline--horizontal qodef-timeline-layout--horizontal-alternating qodef--has-appear qodef-point--standard\" data-options=\"{&quot;colNum&quot;:3}\"><div class=\"qodef-nav-prev\"><svg xmlns=\"http:\/\/www.w3.org\/2000\/svg\" xmlns:xlink=\"http:\/\/www.w3.org\/1999\/xlink\" x=\"0px\" y=\"0px\" viewbox=\"0 0 34.2 32.3\" xml:space=\"preserve\" style=\"stroke-width: 2;\"><line x1=\"0.5\" y1=\"16\" x2=\"33.5\" y2=\"16\"\/><line x1=\"0.3\" y1=\"16.5\" x2=\"16.2\" y2=\"0.7\"\/><line x1=\"0\" y1=\"15.4\" x2=\"16.2\" y2=\"31.6\"\/><\/svg><\/div><div class=\"qodef-nav-next\"><svg xmlns=\"http:\/\/www.w3.org\/2000\/svg\" xmlns:xlink=\"http:\/\/www.w3.org\/1999\/xlink\" x=\"0px\" y=\"0px\" viewbox=\"0 0 34.2 32.3\" xml:space=\"preserve\" style=\"stroke-width: 2;\"><line x1=\"0\" y1=\"16\" x2=\"33\" y2=\"16\"\/><line x1=\"17.3\" y1=\"0.7\" x2=\"33.2\" y2=\"16.5\"\/><line x1=\"17.3\" y1=\"31.6\" x2=\"33.5\" y2=\"15.4\"\/><\/svg><\/div><div class=\"qodef-timeline-inner qodef-gutenberg-row\"><div class=\"qodef-e qodef-e-item qodef-gutenberg-column qodef-reverse\"><div class=\"qodef-e-line-holder\"><span class=\"qodef-e-line\"><\/span><\/div><div class=\"qodef-e-item-inner\"><div class=\"qodef-e-point-holder\"><div class=\"qodef-e-point\"><\/div><\/div><div class=\"qodef-e-top-holder\"><div class=\"qodef-e-image\"><img decoding=\"async\" src=\"https:\/\/mantacatalog.org\/wp-content\/uploads\/2023\/07\/1.png\" alt=\"\"\/><\/div><\/div><div class=\"qodef-e-content-holder\"><h4 class=\"qodef-e-title\">Cria\u00e7\u00e3o da primeira base de dados de foto-identifica\u00e7\u00e3o da raia-viola<\/h4><p class=\"qodef-e-text\">Estabeleceu a primeira base de dados portuguesa de foto-identifica\u00e7\u00e3o de mobul\u00eddeos e de raias falciformes que, at\u00e9 \u00e0 data, j\u00e1 documentou mais de 300 mobulas<\/p><div class=\"qodef-e-date\">2012<\/div><\/div><\/div><\/div><div class=\"qodef-e qodef-e-item qodef-gutenberg-column qodef-obverse\"><div class=\"qodef-e-line-holder\"><span class=\"qodef-e-line\"><\/span><\/div><div class=\"qodef-e-item-inner\"><div class=\"qodef-e-point-holder\"><div class=\"qodef-e-point\"><\/div><\/div><div class=\"qodef-e-top-holder\"><div class=\"qodef-e-image\"><img decoding=\"async\" src=\"https:\/\/mantacatalog.org\/wp-content\/uploads\/2023\/07\/Tane-Sinclair-Taylor_Mobula-tarapacana_09_noCR_icon.png\" alt=\"\"\/><\/div><\/div><div class=\"qodef-e-content-holder\"><h4 class=\"qodef-e-title\">Confirmada a presen\u00e7a de tr\u00eas esp\u00e9cies de mobul\u00eddeos nos A\u00e7ores<\/h4><p class=\"qodef-e-text\">Confirma\u00e7\u00e3o da ocorr\u00eancia de tr\u00eas esp\u00e9cies de mobul\u00eddeos no arquip\u00e9lago dos A\u00e7ores atrav\u00e9s da ci\u00eancia cidad\u00e3<\/p><div class=\"qodef-e-date\">2013<\/div><\/div><\/div><\/div><div class=\"qodef-e qodef-e-item qodef-gutenberg-column qodef-reverse\"><div class=\"qodef-e-line-holder\"><span class=\"qodef-e-line\"><\/span><\/div><div class=\"qodef-e-item-inner\"><div class=\"qodef-e-point-holder\"><div class=\"qodef-e-point\"><\/div><\/div><div class=\"qodef-e-top-holder\"><div class=\"qodef-e-image\"><img decoding=\"async\" src=\"https:\/\/mantacatalog.org\/wp-content\/uploads\/2023\/07\/test_9977011.png\" alt=\"\"\/><\/div><\/div><div class=\"qodef-e-content-holder\"><h4 class=\"qodef-e-title\">Estudo de Gen\u00e9tica e Gen\u00f3mica<\/h4><p class=\"qodef-e-text\">Foram recolhidas e analisadas amostras de bi\u00f3psias de tecidos para estudar a estrutura da popula\u00e7\u00e3o e avaliar a conetividade entre os A\u00e7ores e outras regi\u00f5es do mundo<\/p><div class=\"qodef-e-date\">2018-2023<\/div><\/div><\/div><\/div><\/div><\/div><\/div>\n[\/et_pb_text][\/et_pb_column][\/et_pb_row][\/et_pb_section]","protected":false},"excerpt":{"rendered":"<p>[et_pb_section fb_built=\"1\u2033 _builder_version=\"4.4.3\u2033 custom_margin=\"||-66px||||\" custom_padding=\"13px|||||\"][et_pb_row _builder_version=\"4.4.3\u2033][et_pb_column type=\"4_4\u2033 _builder_version=\"4.4.3\u2033][et_pb_image src=\"https:\/\/mantacatalog.org\/wp-content\/uploads\/2023\/03\/Logo_MC_Final_01.png\" align=\"center\" _builder_version=\"4.4.3\u2033 background_color=\"rgba(0,0,0,0)\" module_alignment=\"center\" min_height=\"242px\" max_height=\"300px\"][\/et_pb_image][\/et_pb_column][\/et_pb_row][\/et_pb_section][et_pb_section fb_built=\"1\u2033 _builder_version=\"4.4.3\u2033 min_height=\"249px\" custom_padding=\"0px||11px||||\"][et_pb_row _builder_version=\"4.4.3\u2033 min_height=\"234px\"][et_pb_column type=\"4_4\u2033 _builder_version=\"4.4.3\u2033][et_pb_text _builder_version=\"4.4.3\u2033 text_orientation=\"justified\"] Manta Catalog Azores Fundado em 2012 Foi nos A\u00e7ores que tudo come\u00e7ou... Fundado por Ana Filipa Sobral, o Projeto Manta Catalog Azores (MCA) \u00e9 o nosso principal projeto de investiga\u00e7\u00e3o. [...]<\/p>","protected":false},"author":3,"featured_media":0,"parent":0,"menu_order":0,"comment_status":"closed","ping_status":"closed","template":"","meta":{"_et_pb_use_builder":"on","_et_pb_old_content":"","_et_gb_content_width":"","footnotes":""},"class_list":["post-445","page","type-page","status-publish","hentry"],"yoast_head":"<!-- This site is optimized with the Yoast SEO plugin v26.2 - https:\/\/yoast.com\/wordpress\/plugins\/seo\/ -->\n<title>Manta Catalog Azores - Manta Catalog<\/title>\n<meta name=\"robots\" content=\"index, follow, max-snippet:-1, max-image-preview:large, max-video-preview:-1\" \/>\n<link rel=\"canonical\" href=\"https:\/\/mantacatalog.org\/pt\/manta-catalog-azores\/\" \/>\n<meta property=\"og:locale\" content=\"pt_PT\" \/>\n<meta property=\"og:type\" content=\"article\" \/>\n<meta property=\"og:title\" content=\"Manta Catalog Azores - Manta Catalog\" \/>\n<meta property=\"og:description\" content=\"[et_pb_section fb_built=&#8221;1&#8243; _builder_version=&#8221;4.4.3&#8243; custom_margin=&#8221;||-66px|||&#8221; custom_padding=&#8221;13px|||||&#8221;][et_pb_row _builder_version=&#8221;4.4.3&#8243;][et_pb_column type=&#8221;4_4&#8243; _builder_version=&#8221;4.4.3&#8243;][et_pb_image src=&#8221;https:\/\/mantacatalog.org\/wp-content\/uploads\/2023\/03\/Logo_MC_Final_01.png&#8221; align=&#8221;center&#8221; _builder_version=&#8221;4.4.3&#8243; background_color=&#8221;rgba(0,0,0,0)&#8221; module_alignment=&#8221;center&#8221; min_height=&#8221;242px&#8221; max_height=&#8221;300px&#8221;][\/et_pb_image][\/et_pb_column][\/et_pb_row][\/et_pb_section][et_pb_section fb_built=&#8221;1&#8243; _builder_version=&#8221;4.4.3&#8243; min_height=&#8221;249px&#8221; custom_padding=&#8221;0px||11px|||&#8221;][et_pb_row _builder_version=&#8221;4.4.3&#8243; min_height=&#8221;234px&#8221;][et_pb_column type=&#8221;4_4&#8243; _builder_version=&#8221;4.4.3&#8243;][et_pb_text _builder_version=&#8221;4.4.3&#8243; text_orientation=&#8221;justified&#8221;] Manta Catalog Azores Founded in 2012 The Azores is where it all began&#8230; &nbsp; Founded by Ana Filipa Sobral, the Manta Catalog Azores Project (MCA) is our main research project. [&hellip;]\" \/>\n<meta property=\"og:url\" content=\"https:\/\/mantacatalog.org\/pt\/manta-catalog-azores\/\" \/>\n<meta property=\"og:site_name\" content=\"Manta Catalog\" \/>\n<meta property=\"article:modified_time\" content=\"2023-07-29T18:55:21+00:00\" \/>\n<meta property=\"og:image\" content=\"https:\/\/mantacatalog.org\/wp-content\/uploads\/2023\/07\/1.png\" \/>\n<meta name=\"twitter:card\" content=\"summary_large_image\" \/>\n<meta name=\"twitter:label1\" content=\"Tempo estimado de leitura\" \/>\n\t<meta name=\"twitter:data1\" content=\"6 minutos\" \/>\n<script type=\"application\/ld+json\" class=\"yoast-schema-graph\">{\"@context\":\"https:\/\/schema.org\",\"@graph\":[{\"@type\":\"WebPage\",\"@id\":\"https:\/\/mantacatalog.org\/manta-catalog-azores\/\",\"url\":\"https:\/\/mantacatalog.org\/manta-catalog-azores\/\",\"name\":\"Manta Catalog Azores - Manta Catalog\",\"isPartOf\":{\"@id\":\"https:\/\/mantacatalog.org\/en\/#website\"},\"primaryImageOfPage\":{\"@id\":\"https:\/\/mantacatalog.org\/manta-catalog-azores\/#primaryimage\"},\"image\":{\"@id\":\"https:\/\/mantacatalog.org\/manta-catalog-azores\/#primaryimage\"},\"thumbnailUrl\":\"https:\/\/mantacatalog.org\/wp-content\/uploads\/2023\/07\/1.png\",\"datePublished\":\"2023-03-15T01:51:37+00:00\",\"dateModified\":\"2023-07-29T18:55:21+00:00\",\"breadcrumb\":{\"@id\":\"https:\/\/mantacatalog.org\/manta-catalog-azores\/#breadcrumb\"},\"inLanguage\":\"pt-PT\",\"potentialAction\":[{\"@type\":\"ReadAction\",\"target\":[\"https:\/\/mantacatalog.org\/manta-catalog-azores\/\"]}]},{\"@type\":\"ImageObject\",\"inLanguage\":\"pt-PT\",\"@id\":\"https:\/\/mantacatalog.org\/manta-catalog-azores\/#primaryimage\",\"url\":\"https:\/\/mantacatalog.org\/wp-content\/uploads\/2023\/07\/1.png\",\"contentUrl\":\"https:\/\/mantacatalog.org\/wp-content\/uploads\/2023\/07\/1.png\"},{\"@type\":\"BreadcrumbList\",\"@id\":\"https:\/\/mantacatalog.org\/manta-catalog-azores\/#breadcrumb\",\"itemListElement\":[{\"@type\":\"ListItem\",\"position\":1,\"name\":\"Home\",\"item\":\"https:\/\/mantacatalog.org\/en\/\"},{\"@type\":\"ListItem\",\"position\":2,\"name\":\"Manta Catalog Azores\"}]},{\"@type\":\"WebSite\",\"@id\":\"https:\/\/mantacatalog.org\/en\/#website\",\"url\":\"https:\/\/mantacatalog.org\/en\/\",\"name\":\"Manta Catalog\",\"description\":\"Research &amp; Conservation\",\"potentialAction\":[{\"@type\":\"SearchAction\",\"target\":{\"@type\":\"EntryPoint\",\"urlTemplate\":\"https:\/\/mantacatalog.org\/en\/?s={search_term_string}\"},\"query-input\":{\"@type\":\"PropertyValueSpecification\",\"valueRequired\":true,\"valueName\":\"search_term_string\"}}],\"inLanguage\":\"pt-PT\"}]}<\/script>\n<!-- \/ Yoast SEO plugin. -->","yoast_head_json":{"title":"Cat\u00e1logo Manta A\u00e7ores - Cat\u00e1logo Manta","robots":{"index":"index","follow":"follow","max-snippet":"max-snippet:-1","max-image-preview":"max-image-preview:large","max-video-preview":"max-video-preview:-1"},"canonical":"https:\/\/mantacatalog.org\/pt\/manta-catalog-azores\/","og_locale":"pt_PT","og_type":"article","og_title":"Manta Catalog Azores - Manta Catalog","og_description":"[et_pb_section fb_built=&#8221;1&#8243; _builder_version=&#8221;4.4.3&#8243; custom_margin=&#8221;||-66px|||&#8221; custom_padding=&#8221;13px|||||&#8221;][et_pb_row _builder_version=&#8221;4.4.3&#8243;][et_pb_column type=&#8221;4_4&#8243; _builder_version=&#8221;4.4.3&#8243;][et_pb_image src=&#8221;https:\/\/mantacatalog.org\/wp-content\/uploads\/2023\/03\/Logo_MC_Final_01.png&#8221; align=&#8221;center&#8221; _builder_version=&#8221;4.4.3&#8243; background_color=&#8221;rgba(0,0,0,0)&#8221; module_alignment=&#8221;center&#8221; min_height=&#8221;242px&#8221; max_height=&#8221;300px&#8221;][\/et_pb_image][\/et_pb_column][\/et_pb_row][\/et_pb_section][et_pb_section fb_built=&#8221;1&#8243; _builder_version=&#8221;4.4.3&#8243; min_height=&#8221;249px&#8221; custom_padding=&#8221;0px||11px|||&#8221;][et_pb_row _builder_version=&#8221;4.4.3&#8243; min_height=&#8221;234px&#8221;][et_pb_column type=&#8221;4_4&#8243; _builder_version=&#8221;4.4.3&#8243;][et_pb_text _builder_version=&#8221;4.4.3&#8243; text_orientation=&#8221;justified&#8221;] Manta Catalog Azores Founded in 2012 The Azores is where it all began&#8230; &nbsp; Founded by Ana Filipa Sobral, the Manta Catalog Azores Project (MCA) is our main research project. [&hellip;]","og_url":"https:\/\/mantacatalog.org\/pt\/manta-catalog-azores\/","og_site_name":"Manta Catalog","article_modified_time":"2023-07-29T18:55:21+00:00","og_image":[{"url":"https:\/\/mantacatalog.org\/wp-content\/uploads\/2023\/07\/1.png","type":"","width":"","height":""}],"twitter_card":"summary_large_image","twitter_misc":{"Tempo estimado de leitura":"6 minutos"},"schema":{"@context":"https:\/\/schema.org","@graph":[{"@type":"WebPage","@id":"https:\/\/mantacatalog.org\/manta-catalog-azores\/","url":"https:\/\/mantacatalog.org\/manta-catalog-azores\/","name":"Cat\u00e1logo Manta A\u00e7ores - Cat\u00e1logo Manta","isPartOf":{"@id":"https:\/\/mantacatalog.org\/en\/#website"},"primaryImageOfPage":{"@id":"https:\/\/mantacatalog.org\/manta-catalog-azores\/#primaryimage"},"image":{"@id":"https:\/\/mantacatalog.org\/manta-catalog-azores\/#primaryimage"},"thumbnailUrl":"https:\/\/mantacatalog.org\/wp-content\/uploads\/2023\/07\/1.png","datePublished":"2023-03-15T01:51:37+00:00","dateModified":"2023-07-29T18:55:21+00:00","breadcrumb":{"@id":"https:\/\/mantacatalog.org\/manta-catalog-azores\/#breadcrumb"},"inLanguage":"pt-PT","potentialAction":[{"@type":"ReadAction","target":["https:\/\/mantacatalog.org\/manta-catalog-azores\/"]}]},{"@type":"ImageObject","inLanguage":"pt-PT","@id":"https:\/\/mantacatalog.org\/manta-catalog-azores\/#primaryimage","url":"https:\/\/mantacatalog.org\/wp-content\/uploads\/2023\/07\/1.png","contentUrl":"https:\/\/mantacatalog.org\/wp-content\/uploads\/2023\/07\/1.png"},{"@type":"BreadcrumbList","@id":"https:\/\/mantacatalog.org\/manta-catalog-azores\/#breadcrumb","itemListElement":[{"@type":"ListItem","position":1,"name":"Home","item":"https:\/\/mantacatalog.org\/en\/"},{"@type":"ListItem","position":2,"name":"Manta Catalog Azores"}]},{"@type":"WebSite","@id":"https:\/\/mantacatalog.org\/en\/#website","url":"https:\/\/mantacatalog.org\/en\/","name":"Cat\u00e1logo Manta","description":"Investiga\u00e7\u00e3o e conserva\u00e7\u00e3o","potentialAction":[{"@type":"SearchAction","target":{"@type":"EntryPoint","urlTemplate":"https:\/\/mantacatalog.org\/en\/?s={search_term_string}"},"query-input":{"@type":"PropertyValueSpecification","valueRequired":true,"valueName":"search_term_string"}}],"inLanguage":"pt-PT"}]}},"_links":{"self":[{"href":"https:\/\/mantacatalog.org\/pt\/wp-json\/wp\/v2\/pages\/445","targetHints":{"allow":["GET"]}}],"collection":[{"href":"https:\/\/mantacatalog.org\/pt\/wp-json\/wp\/v2\/pages"}],"about":[{"href":"https:\/\/mantacatalog.org\/pt\/wp-json\/wp\/v2\/types\/page"}],"author":[{"embeddable":true,"href":"https:\/\/mantacatalog.org\/pt\/wp-json\/wp\/v2\/users\/3"}],"replies":[{"embeddable":true,"href":"https:\/\/mantacatalog.org\/pt\/wp-json\/wp\/v2\/comments?post=445"}],"version-history":[{"count":30,"href":"https:\/\/mantacatalog.org\/pt\/wp-json\/wp\/v2\/pages\/445\/revisions"}],"predecessor-version":[{"id":816,"href":"https:\/\/mantacatalog.org\/pt\/wp-json\/wp\/v2\/pages\/445\/revisions\/816"}],"wp:attachment":[{"href":"https:\/\/mantacatalog.org\/pt\/wp-json\/wp\/v2\/media?parent=445"}],"curies":[{"name":"wp","href":"https:\/\/api.w.org\/{rel}","templated":true}]}}