{"id":448,"date":"2023-03-15T01:52:33","date_gmt":"2023-03-15T01:52:33","guid":{"rendered":"http:\/\/s884785026.mialojamiento.es\/?page_id=448"},"modified":"2023-07-29T18:32:52","modified_gmt":"2023-07-29T18:32:52","slug":"manta-catalog-canarias","status":"publish","type":"page","link":"https:\/\/mantacatalog.org\/pt\/manta-catalog-canarias\/","title":{"rendered":"Cat\u00e1logo Manta Canarias"},"content":{"rendered":"[et_pb_section fb_built=\"1\u2033 _builder_version=\"4.4.3\u2033][et_pb_row _builder_version=\"4.4.3\u2033][et_pb_column type=\"4_4\u2033 _builder_version=\"4.4.3\u2033][et_pb_image src=\"https:\/\/mantacatalog.org\/wp-content\/uploads\/2023\/03\/MCC_Logo-text-under-color.png\" _builder_version=\"4.4.3\u2033 max_width=\"19%\" module_alignment=\"center\" max_height=\"210px\"][\/et_pb_image][\/et_pb_column][\/et_pb_row][\/et_pb_section][et_pb_section fb_built=\"1\u2033 _builder_version=\"4.4.3\u2033 hover_enabled=\"0\u2033 custom_padding=\"||0px|||\"][et_pb_row _builder_version=\"4.4.3\u2033 custom_margin=\"-20px|auto|||auto||\"][et_pb_column type=\"4_4\u2033 _builder_version=\"4.4.3\u2033][et_pb_text _builder_version=\"4.4.3\u2033]\n<h1><strong>Cat\u00e1logo Manta Canarias<\/strong><\/h1>\n<h3>\u00a0<\/h3>\n<h3><em>Fundado em 2021<\/em><\/h3>\n<p>\u00a0<\/p>\n<h3><strong>As Ilhas Can\u00e1rias vieram a seguir...<\/strong><\/h3>\n<p>\u00a0<\/p>\n<h4>Co-fundado por Alicia Rodr\u00edguez Junc\u00e1 e Ana Filipa Sobral, o Manta Catalog Canarias (MCC) \u00e9 o nosso segundo projeto de investiga\u00e7\u00e3o. Ap\u00f3s quase uma d\u00e9cada de investiga\u00e7\u00e3o, o nosso trabalho expandiu-se para o arquip\u00e9lago vizinho.<\/h4>\n[\/et_pb_text][\/et_pb_column][\/et_pb_row][et_pb_row column_structure=\"1_2,1_2\u2033 _builder_version=\"4.4.3\u2033 min_height=\"676.5px\"][et_pb_column type=\"1_2\u2033 _builder_version=\"4.4.3\u2033][et_pb_image src=\"https:\/\/mantacatalog.org\/wp-content\/uploads\/2023\/06\/map-canary-islands-world-e1690593876961.png\u201d _builder_version=\u201d4.4.3\u2033 min_height=\u201d559.3px\" custom_padding=\"||0px||||\"][\/et_pb_image][\/et_pb_column][et_pb_column type=\"1_2\u2033 _builder_version=\"4.4.3\u2033][et_pb_text _builder_version=\"4.4.3\u2033]\n<h3>\u00a0<\/h3>\n<h3>\u00a0<\/h3>\n<h3>\u00a0<\/h3>\n<h3>\u00a0<\/h3>\n<h3>\u00a0<\/h3>\n<h3>\u00a0<\/h3>\n<h3>As Ilhas Can\u00e1rias<\/h3>\n<p>Arquip\u00e9lago de 8 ilhas situado ao largo da costa africana, banhado pela corrente com o mesmo nome. A natureza vulc\u00e2nica e oce\u00e2nica das ilhas confere-lhes uma topografia submarina carater\u00edstica, com a presen\u00e7a de grandes profundidades junto a uma costa muito acidentada, pequenas plataformas insulares e fundos marinhos com forma\u00e7\u00f5es rochosas. A Corrente das Can\u00e1rias produz um afloramento de \u00e1guas profundas ricas em nutrientes, gerando uma elevada produtividade, que est\u00e1 na origem da riqueza das cadeias alimentares.<\/p>\n[\/et_pb_text][\/et_pb_column][\/et_pb_row][et_pb_row _builder_version=\u201d4.4.3\u2033][et_pb_column type=\u201d4_4\u2033 _builder_version=\u201d4.4.3\u2033][et_pb_text _builder_version=\u201d4.4.3\u2033 width=\u201d100%\u201d]\n<h3>O Projeto<\/h3>\n<p>Este projeto \u00e9 o primeiro esfor\u00e7o de investiga\u00e7\u00e3o centrado nos Mobul\u00eddeos nas Ilhas Can\u00e1rias e visa preencher esta lacuna de conhecimento. Temos estado a construir a primeira base de dados de foto-identifica\u00e7\u00e3o de Mobul\u00eddeos nas Can\u00e1rias. Trabalhando com os centros de mergulho locais, a comunidade piscat\u00f3ria e o p\u00fablico em geral, estamos a recolher dados sobre a ocorr\u00eancia, abund\u00e2ncia, sazonalidade e prefer\u00eancia de habitat das esp\u00e9cies que ocorrem nas \u00e1guas em redor do arquip\u00e9lago.<\/p>\n<p>Tendo como base o trabalho do Manta Catalog Azores para estudar a potencial conetividade entre ilhas oce\u00e2nicas no Atl\u00e2ntico, esta informa\u00e7\u00e3o \u00e9 crucial para compreender a import\u00e2ncia da Macaron\u00e9sia para estas esp\u00e9cies amea\u00e7adas de extin\u00e7\u00e3o.<\/p>\n[\/et_pb_text][\/et_pb_column][\/et_pb_row][et_pb_row column_structure=\"1_2,1_2\u2033 _builder_version=\"4.4.3\u2033 hover_enabled=\"0\u2033][et_pb_column type=\"1_2\u2033 _builder_version=\"4.4.3\u2033][et_pb_image src=\"https:\/\/mantacatalog.org\/wp-content\/uploads\/2020\/10\/manta_sample_EN_02.jpg\" _builder_version=\"4.4.3\u2033][\/et_pb_image][et_pb_image src=\"https:\/\/mantacatalog.org\/wp-content\/uploads\/2020\/10\/manta_sample_EN_01.jpg\" _builder_version=\"4.4.3\u2033][\/et_pb_image][et_pb_image src=\"https:\/\/mantacatalog.org\/wp-content\/uploads\/2020\/10\/manta_sample_EN_03.jpg\" _builder_version=\"4.4.3\u2033][\/et_pb_image][\/et_pb_column][et_pb_column type=\"1_2\u2033 _builder_version=\"4.4.3\u2033][et_pb_text _builder_version=\"4.4.3\u2033]\n<h3>\u00a0<\/h3>\n<h3>\u00a0<\/h3>\n<h3>\u00a0<\/h3>\n<h3>Manta e jamantas nas Can\u00e1rias<\/h3>\n<p>As Ilhas Can\u00e1rias registam avistamentos de mobul\u00eddeos durante todo o ano, ao contr\u00e1rio de outras regi\u00f5es, e grandes grupos de jamanta chilena (<em>M. tarapacana<\/em>) s\u00e3o observados nas \u00e1guas que rodeiam a ilha de El Hierro, no ver\u00e3o. Atualmente, est\u00e3o confirmadas tr\u00eas esp\u00e9cies para o arquip\u00e9lago (<em>Mobula birostris<\/em>, <em>Mobula tarapacana<\/em> e <em>Mobula mobular) <\/em>e estamos a trabalhar para atualizar esta informa\u00e7\u00e3o em breve.<\/p>\n<p>O nosso conhecimento sobre estas esp\u00e9cies na regi\u00e3o \u00e9 ainda muito limitado e a sua import\u00e2ncia para cada esp\u00e9cie \u00e9 ainda desconhecida. A natureza altamente migrat\u00f3ria e esquiva destes animais torna-os dif\u00edceis de estudar, pelo que aumentar os esfor\u00e7os de investiga\u00e7\u00e3o em locais onde s\u00e3o encontrados regularmente \u00e9 crucial para a sua conserva\u00e7\u00e3o.<\/p>\n<p>As Ilhas Can\u00e1rias representam uma \u00e1rea chave para o estudo dos Mobul\u00eddeos. A falta de esfor\u00e7os de investiga\u00e7\u00e3o anteriores explica as lacunas de conhecimento existentes, que estamos a trabalhar para preencher. Apesar do crescente interesse dos mergulhadores por estes animais, existe ainda uma falta de sensibiliza\u00e7\u00e3o da popula\u00e7\u00e3o e dos governos para a import\u00e2ncia da sua conserva\u00e7\u00e3o, uma \u00e1rea de a\u00e7\u00e3o igualmente importante para o nosso projeto.<\/p>\n[\/et_pb_text][\/et_pb_column][\/et_pb_row][\/et_pb_section]","protected":false},"excerpt":{"rendered":"<p>[et_pb_section fb_built=\"1\u2033 _builder_version=\"4.4.3\u2033][et_pb_row _builder_version=\"4.4.3\u2033][et_pb_column type=\"4_4\u2033 _builder_version=\"4.4.3\u2033][et_pb_image src=\"https:\/\/mantacatalog.org\/wp-content\/uploads\/2023\/03\/MCC_Logo-text-under-color.png\" _builder_version=\"4.4.3\u2033 max_width=\"19%\" module_alignment=\"center\" max_height=\"210px\"][\/et_pb_image][\/et_pb_column][\/et_pb_row][\/et_pb_section][et_pb_section fb_built=\"1\u2033 _builder_version=\"4.4.3\u2033 hover_enabled=\"0\u2033 custom_padding=\"||0px|||\"][et_pb_row _builder_version=\"4.4.3\u2033 custom_margin=\"-20px|auto|||auto||\"][et_pb_column type=\"4_4\u2033 _builder_version=\"4.4.3\u2033][et_pb_text _builder_version=\"4.4.3\u2033] Manta Catalog Canarias Fundado em 2021 As Ilhas Can\u00e1rias vieram a seguir... Co-fundado por Alicia Rodr\u00edguez Junc\u00e1 e Ana Filipa Sobral, Manta Catalog Canarias (MCC) \u00e9 o nosso segundo projeto de investiga\u00e7\u00e3o. Depois de quase um [...]<\/p>","protected":false},"author":3,"featured_media":0,"parent":0,"menu_order":0,"comment_status":"closed","ping_status":"closed","template":"","meta":{"_et_pb_use_builder":"on","_et_pb_old_content":"","_et_gb_content_width":"","footnotes":""},"class_list":["post-448","page","type-page","status-publish","hentry"],"yoast_head":"<!-- This site is optimized with the Yoast SEO plugin v26.2 - https:\/\/yoast.com\/wordpress\/plugins\/seo\/ -->\n<title>Manta Catalog Canarias - Manta Catalog<\/title>\n<meta name=\"robots\" content=\"index, follow, max-snippet:-1, max-image-preview:large, max-video-preview:-1\" \/>\n<link rel=\"canonical\" href=\"https:\/\/mantacatalog.org\/pt\/manta-catalog-canarias\/\" \/>\n<meta property=\"og:locale\" content=\"pt_PT\" \/>\n<meta property=\"og:type\" content=\"article\" \/>\n<meta property=\"og:title\" content=\"Manta Catalog Canarias - Manta Catalog\" \/>\n<meta property=\"og:description\" content=\"[et_pb_section fb_built=&#8221;1&#8243; _builder_version=&#8221;4.4.3&#8243;][et_pb_row _builder_version=&#8221;4.4.3&#8243;][et_pb_column type=&#8221;4_4&#8243; _builder_version=&#8221;4.4.3&#8243;][et_pb_image src=&#8221;https:\/\/mantacatalog.org\/wp-content\/uploads\/2023\/03\/MCC_Logo-text-under-color.png&#8221; _builder_version=&#8221;4.4.3&#8243; max_width=&#8221;19%&#8221; module_alignment=&#8221;center&#8221; max_height=&#8221;210px&#8221;][\/et_pb_image][\/et_pb_column][\/et_pb_row][\/et_pb_section][et_pb_section fb_built=&#8221;1&#8243; _builder_version=&#8221;4.4.3&#8243; hover_enabled=&#8221;0&#8243; custom_padding=&#8221;||0px|||&#8221;][et_pb_row _builder_version=&#8221;4.4.3&#8243; custom_margin=&#8221;-20px|auto||auto||&#8221;][et_pb_column type=&#8221;4_4&#8243; _builder_version=&#8221;4.4.3&#8243;][et_pb_text _builder_version=&#8221;4.4.3&#8243;] Manta Catalog Canarias \u00a0 Founded in 2021 \u00a0 The Canary Islands came next&#8230; \u00a0 Co-founded by Alicia Rodr\u00edguez Junc\u00e1 and Ana Filipa Sobral, Manta Catalog Canarias (MCC) is our second research project. After almost a [&hellip;]\" \/>\n<meta property=\"og:url\" content=\"https:\/\/mantacatalog.org\/pt\/manta-catalog-canarias\/\" \/>\n<meta property=\"og:site_name\" content=\"Manta Catalog\" \/>\n<meta property=\"article:modified_time\" content=\"2023-07-29T18:32:52+00:00\" \/>\n<meta name=\"twitter:card\" content=\"summary_large_image\" \/>\n<meta name=\"twitter:label1\" content=\"Tempo estimado de leitura\" \/>\n\t<meta name=\"twitter:data1\" content=\"3 minutos\" \/>\n<script type=\"application\/ld+json\" class=\"yoast-schema-graph\">{\"@context\":\"https:\/\/schema.org\",\"@graph\":[{\"@type\":\"WebPage\",\"@id\":\"https:\/\/mantacatalog.org\/manta-catalog-canarias\/\",\"url\":\"https:\/\/mantacatalog.org\/manta-catalog-canarias\/\",\"name\":\"Manta Catalog Canarias - Manta Catalog\",\"isPartOf\":{\"@id\":\"https:\/\/mantacatalog.org\/en\/#website\"},\"datePublished\":\"2023-03-15T01:52:33+00:00\",\"dateModified\":\"2023-07-29T18:32:52+00:00\",\"breadcrumb\":{\"@id\":\"https:\/\/mantacatalog.org\/manta-catalog-canarias\/#breadcrumb\"},\"inLanguage\":\"pt-PT\",\"potentialAction\":[{\"@type\":\"ReadAction\",\"target\":[\"https:\/\/mantacatalog.org\/manta-catalog-canarias\/\"]}]},{\"@type\":\"BreadcrumbList\",\"@id\":\"https:\/\/mantacatalog.org\/manta-catalog-canarias\/#breadcrumb\",\"itemListElement\":[{\"@type\":\"ListItem\",\"position\":1,\"name\":\"Home\",\"item\":\"https:\/\/mantacatalog.org\/en\/\"},{\"@type\":\"ListItem\",\"position\":2,\"name\":\"Manta Catalog Canarias\"}]},{\"@type\":\"WebSite\",\"@id\":\"https:\/\/mantacatalog.org\/en\/#website\",\"url\":\"https:\/\/mantacatalog.org\/en\/\",\"name\":\"Manta Catalog\",\"description\":\"Research &amp; Conservation\",\"potentialAction\":[{\"@type\":\"SearchAction\",\"target\":{\"@type\":\"EntryPoint\",\"urlTemplate\":\"https:\/\/mantacatalog.org\/en\/?s={search_term_string}\"},\"query-input\":{\"@type\":\"PropertyValueSpecification\",\"valueRequired\":true,\"valueName\":\"search_term_string\"}}],\"inLanguage\":\"pt-PT\"}]}<\/script>\n<!-- \/ Yoast SEO plugin. -->","yoast_head_json":{"title":"Cat\u00e1logo Manta Canarias - Cat\u00e1logo Manta","robots":{"index":"index","follow":"follow","max-snippet":"max-snippet:-1","max-image-preview":"max-image-preview:large","max-video-preview":"max-video-preview:-1"},"canonical":"https:\/\/mantacatalog.org\/pt\/manta-catalog-canarias\/","og_locale":"pt_PT","og_type":"article","og_title":"Manta Catalog Canarias - Manta Catalog","og_description":"[et_pb_section fb_built=&#8221;1&#8243; _builder_version=&#8221;4.4.3&#8243;][et_pb_row _builder_version=&#8221;4.4.3&#8243;][et_pb_column type=&#8221;4_4&#8243; _builder_version=&#8221;4.4.3&#8243;][et_pb_image src=&#8221;https:\/\/mantacatalog.org\/wp-content\/uploads\/2023\/03\/MCC_Logo-text-under-color.png&#8221; _builder_version=&#8221;4.4.3&#8243; max_width=&#8221;19%&#8221; module_alignment=&#8221;center&#8221; max_height=&#8221;210px&#8221;][\/et_pb_image][\/et_pb_column][\/et_pb_row][\/et_pb_section][et_pb_section fb_built=&#8221;1&#8243; _builder_version=&#8221;4.4.3&#8243; hover_enabled=&#8221;0&#8243; custom_padding=&#8221;||0px|||&#8221;][et_pb_row _builder_version=&#8221;4.4.3&#8243; custom_margin=&#8221;-20px|auto||auto||&#8221;][et_pb_column type=&#8221;4_4&#8243; _builder_version=&#8221;4.4.3&#8243;][et_pb_text _builder_version=&#8221;4.4.3&#8243;] Manta Catalog Canarias \u00a0 Founded in 2021 \u00a0 The Canary Islands came next&#8230; \u00a0 Co-founded by Alicia Rodr\u00edguez Junc\u00e1 and Ana Filipa Sobral, Manta Catalog Canarias (MCC) is our second research project. After almost a [&hellip;]","og_url":"https:\/\/mantacatalog.org\/pt\/manta-catalog-canarias\/","og_site_name":"Manta Catalog","article_modified_time":"2023-07-29T18:32:52+00:00","twitter_card":"summary_large_image","twitter_misc":{"Tempo estimado de leitura":"3 minutos"},"schema":{"@context":"https:\/\/schema.org","@graph":[{"@type":"WebPage","@id":"https:\/\/mantacatalog.org\/manta-catalog-canarias\/","url":"https:\/\/mantacatalog.org\/manta-catalog-canarias\/","name":"Cat\u00e1logo Manta Canarias - Cat\u00e1logo Manta","isPartOf":{"@id":"https:\/\/mantacatalog.org\/en\/#website"},"datePublished":"2023-03-15T01:52:33+00:00","dateModified":"2023-07-29T18:32:52+00:00","breadcrumb":{"@id":"https:\/\/mantacatalog.org\/manta-catalog-canarias\/#breadcrumb"},"inLanguage":"pt-PT","potentialAction":[{"@type":"ReadAction","target":["https:\/\/mantacatalog.org\/manta-catalog-canarias\/"]}]},{"@type":"BreadcrumbList","@id":"https:\/\/mantacatalog.org\/manta-catalog-canarias\/#breadcrumb","itemListElement":[{"@type":"ListItem","position":1,"name":"Home","item":"https:\/\/mantacatalog.org\/en\/"},{"@type":"ListItem","position":2,"name":"Manta Catalog Canarias"}]},{"@type":"WebSite","@id":"https:\/\/mantacatalog.org\/en\/#website","url":"https:\/\/mantacatalog.org\/en\/","name":"Cat\u00e1logo Manta","description":"Investiga\u00e7\u00e3o e conserva\u00e7\u00e3o","potentialAction":[{"@type":"SearchAction","target":{"@type":"EntryPoint","urlTemplate":"https:\/\/mantacatalog.org\/en\/?s={search_term_string}"},"query-input":{"@type":"PropertyValueSpecification","valueRequired":true,"valueName":"search_term_string"}}],"inLanguage":"pt-PT"}]}},"_links":{"self":[{"href":"https:\/\/mantacatalog.org\/pt\/wp-json\/wp\/v2\/pages\/448","targetHints":{"allow":["GET"]}}],"collection":[{"href":"https:\/\/mantacatalog.org\/pt\/wp-json\/wp\/v2\/pages"}],"about":[{"href":"https:\/\/mantacatalog.org\/pt\/wp-json\/wp\/v2\/types\/page"}],"author":[{"embeddable":true,"href":"https:\/\/mantacatalog.org\/pt\/wp-json\/wp\/v2\/users\/3"}],"replies":[{"embeddable":true,"href":"https:\/\/mantacatalog.org\/pt\/wp-json\/wp\/v2\/comments?post=448"}],"version-history":[{"count":17,"href":"https:\/\/mantacatalog.org\/pt\/wp-json\/wp\/v2\/pages\/448\/revisions"}],"predecessor-version":[{"id":810,"href":"https:\/\/mantacatalog.org\/pt\/wp-json\/wp\/v2\/pages\/448\/revisions\/810"}],"wp:attachment":[{"href":"https:\/\/mantacatalog.org\/pt\/wp-json\/wp\/v2\/media?parent=448"}],"curies":[{"name":"wp","href":"https:\/\/api.w.org\/{rel}","templated":true}]}}