{"id":485,"date":"2023-04-13T10:43:11","date_gmt":"2023-04-13T10:43:11","guid":{"rendered":"http:\/\/s884785026.mialojamiento.es\/?page_id=485"},"modified":"2023-10-20T11:09:30","modified_gmt":"2023-10-20T11:09:30","slug":"our-approach","status":"publish","type":"page","link":"https:\/\/mantacatalog.org\/pt\/our-approach\/","title":{"rendered":"A nossa abordagem"},"content":{"rendered":"[et_pb_section fb_built=\"1\u2033 _builder_version=\"4.4.3\u2033][et_pb_row _builder_version=\"4.4.3\u2033][et_pb_column _builder_version=\"4.4.3\u2033 type=\"4_4\u2033][et_pb_text _builder_version=\"4.4.3\u2033 hover_enabled=\"0\u2033]\n<h1><span>A nossa abordagem<\/span><\/h1>\n<p><span>O objetivo do Manta Catalog \u00e9 melhorar a nossa compreens\u00e3o das esp\u00e9cies de Mobul\u00eddeos que se encontram no Atl\u00e2ntico Este. Apesar de crucial para o desenvolvimento de medidas de conserva\u00e7\u00e3o eficazes, tanto a n\u00edvel local como global, o conhecimento sobre a sua ecologia e biologia nesta regi\u00e3o \u00e9 ainda muito limitado. Al\u00e9m disso, o projeto visa promover o envolvimento da comunidade atrav\u00e9s da divulga\u00e7\u00e3o e participa\u00e7\u00e3o na investiga\u00e7\u00e3o cient\u00edfica, sensibilizando-a para a import\u00e2ncia da conserva\u00e7\u00e3o destas raias.<\/span><\/p>\n<p>A nossa abordagem:<\/p>\n<ol>\n<li>Investiga\u00e7\u00e3o e Monitoriza\u00e7\u00e3o<\/li>\n<li>Prote\u00e7\u00e3o do Habitat<\/li>\n<li>Envolvimento da Comunidade<\/li>\n<li>Educa\u00e7\u00e3o e Divulga\u00e7\u00e3o<\/li>\n<li>Colabora\u00e7\u00e3o e Parcerias<\/li>\n<\/ol>\n[\/et_pb_text][\/et_pb_column][\/et_pb_row][et_pb_row _builder_version=\"4.4.3\u2033][et_pb_column _builder_version=\"4.4.3\u2033 type=\"4_4\u2033][et_pb_image src=\"https:\/\/mantacatalog.org\/wp-content\/uploads\/2023\/10\/NVR_1434-\u00a9-Nuno-Vasco-Rodrigues-scaled.jpg\" _builder_version=\"4.4.3\u2033 hover_enabled=\"0\u2033][\/et_pb_image][\/et_pb_column][\/et_pb_row][\/et_pb_section]","protected":false},"excerpt":{"rendered":"<p>[et_pb_section fb_built=\"1\u2033 _builder_version=\"4.4.3\u2033][et_pb_row _builder_version=\"4.4.3\u2033][et_pb_column _builder_version=\"4.4.3\u2033 type=\"4_4\u2033][et_pb_text _builder_version=\"4.4.3\u2033 hover_enabled=\"0\u2033] A nossa abordagem O objetivo do Cat\u00e1logo Manta \u00e9 melhorar a nossa compreens\u00e3o das esp\u00e9cies de manta e jamantas que se encontram no Atl\u00e2ntico Oriental. Apesar de ser crucial para o desenvolvimento de medidas de conserva\u00e7\u00e3o eficazes, tanto a n\u00edvel local como global, o conhecimento sobre a sua ecologia e biologia neste [...]<\/p>","protected":false},"author":3,"featured_media":0,"parent":0,"menu_order":0,"comment_status":"closed","ping_status":"closed","template":"","meta":{"_et_pb_use_builder":"on","_et_pb_old_content":"","_et_gb_content_width":"","footnotes":""},"class_list":["post-485","page","type-page","status-publish","hentry"],"yoast_head":"<!-- This site is optimized with the Yoast SEO plugin v26.2 - https:\/\/yoast.com\/wordpress\/plugins\/seo\/ -->\n<title>Our Approach - Manta Catalog<\/title>\n<meta name=\"robots\" content=\"index, follow, max-snippet:-1, max-image-preview:large, max-video-preview:-1\" \/>\n<link rel=\"canonical\" href=\"https:\/\/mantacatalog.org\/pt\/our-approach\/\" \/>\n<meta property=\"og:locale\" content=\"pt_PT\" \/>\n<meta property=\"og:type\" content=\"article\" \/>\n<meta property=\"og:title\" content=\"Our Approach - Manta Catalog\" \/>\n<meta property=\"og:description\" content=\"[et_pb_section fb_built=&#8221;1&#8243; _builder_version=&#8221;4.4.3&#8243;][et_pb_row _builder_version=&#8221;4.4.3&#8243;][et_pb_column _builder_version=&#8221;4.4.3&#8243; type=&#8221;4_4&#8243;][et_pb_text _builder_version=&#8221;4.4.3&#8243; hover_enabled=&#8221;0&#8243;] Our Approach The objective of Manta Catalog is to enhance our understanding of the species of manta and devil rays found in the Eastern Atlantic. Despite being crucial for developing effective conservation measures at both local and global levels, knowledge about their ecology and biology in this [&hellip;]\" \/>\n<meta property=\"og:url\" content=\"https:\/\/mantacatalog.org\/pt\/our-approach\/\" \/>\n<meta property=\"og:site_name\" content=\"Manta Catalog\" \/>\n<meta property=\"article:modified_time\" content=\"2023-10-20T11:09:30+00:00\" \/>\n<meta name=\"twitter:card\" content=\"summary_large_image\" \/>\n<meta name=\"twitter:label1\" content=\"Tempo estimado de leitura\" \/>\n\t<meta name=\"twitter:data1\" content=\"1 minuto\" \/>\n<script type=\"application\/ld+json\" class=\"yoast-schema-graph\">{\"@context\":\"https:\/\/schema.org\",\"@graph\":[{\"@type\":\"WebPage\",\"@id\":\"https:\/\/mantacatalog.org\/our-approach\/\",\"url\":\"https:\/\/mantacatalog.org\/our-approach\/\",\"name\":\"Our Approach - Manta Catalog\",\"isPartOf\":{\"@id\":\"https:\/\/mantacatalog.org\/en\/#website\"},\"datePublished\":\"2023-04-13T10:43:11+00:00\",\"dateModified\":\"2023-10-20T11:09:30+00:00\",\"breadcrumb\":{\"@id\":\"https:\/\/mantacatalog.org\/our-approach\/#breadcrumb\"},\"inLanguage\":\"pt-PT\",\"potentialAction\":[{\"@type\":\"ReadAction\",\"target\":[\"https:\/\/mantacatalog.org\/our-approach\/\"]}]},{\"@type\":\"BreadcrumbList\",\"@id\":\"https:\/\/mantacatalog.org\/our-approach\/#breadcrumb\",\"itemListElement\":[{\"@type\":\"ListItem\",\"position\":1,\"name\":\"Home\",\"item\":\"https:\/\/mantacatalog.org\/en\/\"},{\"@type\":\"ListItem\",\"position\":2,\"name\":\"Our Approach\"}]},{\"@type\":\"WebSite\",\"@id\":\"https:\/\/mantacatalog.org\/en\/#website\",\"url\":\"https:\/\/mantacatalog.org\/en\/\",\"name\":\"Manta Catalog\",\"description\":\"Research &amp; Conservation\",\"potentialAction\":[{\"@type\":\"SearchAction\",\"target\":{\"@type\":\"EntryPoint\",\"urlTemplate\":\"https:\/\/mantacatalog.org\/en\/?s={search_term_string}\"},\"query-input\":{\"@type\":\"PropertyValueSpecification\",\"valueRequired\":true,\"valueName\":\"search_term_string\"}}],\"inLanguage\":\"pt-PT\"}]}<\/script>\n<!-- \/ Yoast SEO plugin. -->","yoast_head_json":{"title":"A nossa abordagem - Cat\u00e1logo Manta","robots":{"index":"index","follow":"follow","max-snippet":"max-snippet:-1","max-image-preview":"max-image-preview:large","max-video-preview":"max-video-preview:-1"},"canonical":"https:\/\/mantacatalog.org\/pt\/our-approach\/","og_locale":"pt_PT","og_type":"article","og_title":"Our Approach - Manta Catalog","og_description":"[et_pb_section fb_built=&#8221;1&#8243; _builder_version=&#8221;4.4.3&#8243;][et_pb_row _builder_version=&#8221;4.4.3&#8243;][et_pb_column _builder_version=&#8221;4.4.3&#8243; type=&#8221;4_4&#8243;][et_pb_text _builder_version=&#8221;4.4.3&#8243; hover_enabled=&#8221;0&#8243;] Our Approach The objective of Manta Catalog is to enhance our understanding of the species of manta and devil rays found in the Eastern Atlantic. Despite being crucial for developing effective conservation measures at both local and global levels, knowledge about their ecology and biology in this [&hellip;]","og_url":"https:\/\/mantacatalog.org\/pt\/our-approach\/","og_site_name":"Manta Catalog","article_modified_time":"2023-10-20T11:09:30+00:00","twitter_card":"summary_large_image","twitter_misc":{"Tempo estimado de leitura":"1 minuto"},"schema":{"@context":"https:\/\/schema.org","@graph":[{"@type":"WebPage","@id":"https:\/\/mantacatalog.org\/our-approach\/","url":"https:\/\/mantacatalog.org\/our-approach\/","name":"A nossa abordagem - Cat\u00e1logo Manta","isPartOf":{"@id":"https:\/\/mantacatalog.org\/en\/#website"},"datePublished":"2023-04-13T10:43:11+00:00","dateModified":"2023-10-20T11:09:30+00:00","breadcrumb":{"@id":"https:\/\/mantacatalog.org\/our-approach\/#breadcrumb"},"inLanguage":"pt-PT","potentialAction":[{"@type":"ReadAction","target":["https:\/\/mantacatalog.org\/our-approach\/"]}]},{"@type":"BreadcrumbList","@id":"https:\/\/mantacatalog.org\/our-approach\/#breadcrumb","itemListElement":[{"@type":"ListItem","position":1,"name":"Home","item":"https:\/\/mantacatalog.org\/en\/"},{"@type":"ListItem","position":2,"name":"Our Approach"}]},{"@type":"WebSite","@id":"https:\/\/mantacatalog.org\/en\/#website","url":"https:\/\/mantacatalog.org\/en\/","name":"Cat\u00e1logo Manta","description":"Investiga\u00e7\u00e3o e conserva\u00e7\u00e3o","potentialAction":[{"@type":"SearchAction","target":{"@type":"EntryPoint","urlTemplate":"https:\/\/mantacatalog.org\/en\/?s={search_term_string}"},"query-input":{"@type":"PropertyValueSpecification","valueRequired":true,"valueName":"search_term_string"}}],"inLanguage":"pt-PT"}]}},"_links":{"self":[{"href":"https:\/\/mantacatalog.org\/pt\/wp-json\/wp\/v2\/pages\/485","targetHints":{"allow":["GET"]}}],"collection":[{"href":"https:\/\/mantacatalog.org\/pt\/wp-json\/wp\/v2\/pages"}],"about":[{"href":"https:\/\/mantacatalog.org\/pt\/wp-json\/wp\/v2\/types\/page"}],"author":[{"embeddable":true,"href":"https:\/\/mantacatalog.org\/pt\/wp-json\/wp\/v2\/users\/3"}],"replies":[{"embeddable":true,"href":"https:\/\/mantacatalog.org\/pt\/wp-json\/wp\/v2\/comments?post=485"}],"version-history":[{"count":3,"href":"https:\/\/mantacatalog.org\/pt\/wp-json\/wp\/v2\/pages\/485\/revisions"}],"predecessor-version":[{"id":830,"href":"https:\/\/mantacatalog.org\/pt\/wp-json\/wp\/v2\/pages\/485\/revisions\/830"}],"wp:attachment":[{"href":"https:\/\/mantacatalog.org\/pt\/wp-json\/wp\/v2\/media?parent=485"}],"curies":[{"name":"wp","href":"https:\/\/api.w.org\/{rel}","templated":true}]}}