{"id":488,"date":"2023-04-13T10:43:12","date_gmt":"2023-04-13T10:43:12","guid":{"rendered":"http:\/\/s884785026.mialojamiento.es\/?page_id=488"},"modified":"2023-07-30T01:11:22","modified_gmt":"2023-07-30T01:11:22","slug":"photo-id-database","status":"publish","type":"page","link":"https:\/\/mantacatalog.org\/pt\/photo-id-database\/","title":{"rendered":"Base de dados Foto-ID"},"content":{"rendered":"[et_pb_section fb_built=\"1\u2033 _builder_version=\"4.4.3\u2033][et_pb_row _builder_version=\"4.4.3\u2033][et_pb_column type=\"4_4\u2033 _builder_version=\"4.4.3\u2033][et_pb_text _builder_version=\"4.4.3\u2033 hover_enabled=\"0\u2033]\n<p>Noutras partes do mundo, a investiga\u00e7\u00e3o centrada nas Mantas gira em torno da recolha de fotografias de identifica\u00e7\u00e3o - imagens que captam os padr\u00f5es e marcas \u00fanicos encontrados na superf\u00edcie ventral de cada animal. Cada fotografia \u00e9 registada por data e local, permitindo assim aos investigadores seguir os indiv\u00edduos ao longo do tempo.<\/p>\n<p>Estas bases de dados podem revelar informa\u00e7\u00f5es sobre a composi\u00e7\u00e3o das popula\u00e7\u00f5es, os padr\u00f5es de migra\u00e7\u00e3o e os movimentos, ao mesmo tempo que revelam a poss\u00edvel conectividade entre regi\u00f5es e fornecem pistas sobre a sua import\u00e2ncia para as diferentes esp\u00e9cies. Esta informa\u00e7\u00e3o \u00e9 crucial para gerir e conservar eficazmente estas raias.<\/p>\n<p>Sabemos atualmente que as jamantas chilenas est\u00e3o entre os mergulhadores mais profundos do oceano, mas de resto continuam a ser um mist\u00e9rio para n\u00f3s. A presen\u00e7a de agrega\u00e7\u00f5es previs\u00edveis em montes submarinos espec\u00edficos nos A\u00e7ores \u00e9, portanto, altamente significativa, proporcionando uma oportunidade \u00fanica para estudar estes animais.<\/p>\n[\/et_pb_text][et_pb_code _builder_version=\"4.4.3\u2033]<iframe loading=\"lazy\" src=\"https:\/\/www.google.com\/maps\/d\/embed?mid=1dBNEoVsJGNffTC0vJO_WGKrTQYPt7dK3&#038;ehbc=2E312F\" width=\"100%\" height=\"480\"><\/iframe>[\/et_pb_code][\/et_pb_column][\/et_pb_row][et_pb_row _builder_version=\u201d4.4.3\u2033][et_pb_column type=\u201d4_4\u2033 _builder_version=\u201d4.4.3\u2033][\/et_pb_column][\/et_pb_row][\/et_pb_section]","protected":false},"excerpt":{"rendered":"<p>[et_pb_section fb_built=\"1\u2033 _builder_version=\"4.4.3\u2033][et_pb_row _builder_version=\"4.4.3\u2033][et_pb_column type=\"4_4\u2033 _builder_version=\"4.4.3\u2033][et_pb_text _builder_version=\"4.4.3\u2033 hover_enabled=\"0\u2033] Noutras partes do mundo, a investiga\u00e7\u00e3o centrada nas raias-manta gira em torno da recolha de fotografias de identifica\u00e7\u00e3o - imagens que captam os padr\u00f5es e marcas \u00fanicos encontrados na superf\u00edcie ventral de cada animal. Cada fotografia \u00e9 registada por data e local, permitindo assim aos investigadores [...]<\/p>","protected":false},"author":3,"featured_media":0,"parent":0,"menu_order":0,"comment_status":"closed","ping_status":"closed","template":"","meta":{"_et_pb_use_builder":"on","_et_pb_old_content":"","_et_gb_content_width":"","footnotes":""},"class_list":["post-488","page","type-page","status-publish","hentry"],"yoast_head":"<!-- This site is optimized with the Yoast SEO plugin v26.2 - https:\/\/yoast.com\/wordpress\/plugins\/seo\/ -->\n<title>Photo-ID database - Manta Catalog<\/title>\n<meta name=\"robots\" content=\"index, follow, max-snippet:-1, max-image-preview:large, max-video-preview:-1\" \/>\n<link rel=\"canonical\" href=\"https:\/\/mantacatalog.org\/pt\/photo-id-database\/\" \/>\n<meta property=\"og:locale\" content=\"pt_PT\" \/>\n<meta property=\"og:type\" content=\"article\" \/>\n<meta property=\"og:title\" content=\"Photo-ID database - Manta Catalog\" \/>\n<meta property=\"og:description\" content=\"[et_pb_section fb_built=&#8221;1&#8243; _builder_version=&#8221;4.4.3&#8243;][et_pb_row _builder_version=&#8221;4.4.3&#8243;][et_pb_column type=&#8221;4_4&#8243; _builder_version=&#8221;4.4.3&#8243;][et_pb_text _builder_version=&#8221;4.4.3&#8243; hover_enabled=&#8221;0&#8243;] In other parts of the world, research focused on manta rays revolves around the collection of ID photos \u2013 images that capture the unique patterns and markings found on the ventral surface of each animal. Each photo is registered by date and location, thereby allowing researchers to [&hellip;]\" \/>\n<meta property=\"og:url\" content=\"https:\/\/mantacatalog.org\/pt\/photo-id-database\/\" \/>\n<meta property=\"og:site_name\" content=\"Manta Catalog\" \/>\n<meta property=\"article:modified_time\" content=\"2023-07-30T01:11:22+00:00\" \/>\n<meta name=\"twitter:card\" content=\"summary_large_image\" \/>\n<meta name=\"twitter:label1\" content=\"Tempo estimado de leitura\" \/>\n\t<meta name=\"twitter:data1\" content=\"1 minuto\" \/>\n<script type=\"application\/ld+json\" class=\"yoast-schema-graph\">{\"@context\":\"https:\/\/schema.org\",\"@graph\":[{\"@type\":\"WebPage\",\"@id\":\"https:\/\/mantacatalog.org\/photo-id-database\/\",\"url\":\"https:\/\/mantacatalog.org\/photo-id-database\/\",\"name\":\"Photo-ID database - Manta Catalog\",\"isPartOf\":{\"@id\":\"https:\/\/mantacatalog.org\/en\/#website\"},\"datePublished\":\"2023-04-13T10:43:12+00:00\",\"dateModified\":\"2023-07-30T01:11:22+00:00\",\"breadcrumb\":{\"@id\":\"https:\/\/mantacatalog.org\/photo-id-database\/#breadcrumb\"},\"inLanguage\":\"pt-PT\",\"potentialAction\":[{\"@type\":\"ReadAction\",\"target\":[\"https:\/\/mantacatalog.org\/photo-id-database\/\"]}]},{\"@type\":\"BreadcrumbList\",\"@id\":\"https:\/\/mantacatalog.org\/photo-id-database\/#breadcrumb\",\"itemListElement\":[{\"@type\":\"ListItem\",\"position\":1,\"name\":\"Home\",\"item\":\"https:\/\/mantacatalog.org\/en\/\"},{\"@type\":\"ListItem\",\"position\":2,\"name\":\"Photo-ID database\"}]},{\"@type\":\"WebSite\",\"@id\":\"https:\/\/mantacatalog.org\/en\/#website\",\"url\":\"https:\/\/mantacatalog.org\/en\/\",\"name\":\"Manta Catalog\",\"description\":\"Research &amp; Conservation\",\"potentialAction\":[{\"@type\":\"SearchAction\",\"target\":{\"@type\":\"EntryPoint\",\"urlTemplate\":\"https:\/\/mantacatalog.org\/en\/?s={search_term_string}\"},\"query-input\":{\"@type\":\"PropertyValueSpecification\",\"valueRequired\":true,\"valueName\":\"search_term_string\"}}],\"inLanguage\":\"pt-PT\"}]}<\/script>\n<!-- \/ Yoast SEO plugin. -->","yoast_head_json":{"title":"Base de dados Photo-ID - Manta Catalog","robots":{"index":"index","follow":"follow","max-snippet":"max-snippet:-1","max-image-preview":"max-image-preview:large","max-video-preview":"max-video-preview:-1"},"canonical":"https:\/\/mantacatalog.org\/pt\/photo-id-database\/","og_locale":"pt_PT","og_type":"article","og_title":"Photo-ID database - Manta Catalog","og_description":"[et_pb_section fb_built=&#8221;1&#8243; _builder_version=&#8221;4.4.3&#8243;][et_pb_row _builder_version=&#8221;4.4.3&#8243;][et_pb_column type=&#8221;4_4&#8243; _builder_version=&#8221;4.4.3&#8243;][et_pb_text _builder_version=&#8221;4.4.3&#8243; hover_enabled=&#8221;0&#8243;] In other parts of the world, research focused on manta rays revolves around the collection of ID photos \u2013 images that capture the unique patterns and markings found on the ventral surface of each animal. Each photo is registered by date and location, thereby allowing researchers to [&hellip;]","og_url":"https:\/\/mantacatalog.org\/pt\/photo-id-database\/","og_site_name":"Manta Catalog","article_modified_time":"2023-07-30T01:11:22+00:00","twitter_card":"summary_large_image","twitter_misc":{"Tempo estimado de leitura":"1 minuto"},"schema":{"@context":"https:\/\/schema.org","@graph":[{"@type":"WebPage","@id":"https:\/\/mantacatalog.org\/photo-id-database\/","url":"https:\/\/mantacatalog.org\/photo-id-database\/","name":"Base de dados Photo-ID - Manta Catalog","isPartOf":{"@id":"https:\/\/mantacatalog.org\/en\/#website"},"datePublished":"2023-04-13T10:43:12+00:00","dateModified":"2023-07-30T01:11:22+00:00","breadcrumb":{"@id":"https:\/\/mantacatalog.org\/photo-id-database\/#breadcrumb"},"inLanguage":"pt-PT","potentialAction":[{"@type":"ReadAction","target":["https:\/\/mantacatalog.org\/photo-id-database\/"]}]},{"@type":"BreadcrumbList","@id":"https:\/\/mantacatalog.org\/photo-id-database\/#breadcrumb","itemListElement":[{"@type":"ListItem","position":1,"name":"Home","item":"https:\/\/mantacatalog.org\/en\/"},{"@type":"ListItem","position":2,"name":"Photo-ID database"}]},{"@type":"WebSite","@id":"https:\/\/mantacatalog.org\/en\/#website","url":"https:\/\/mantacatalog.org\/en\/","name":"Cat\u00e1logo Manta","description":"Investiga\u00e7\u00e3o e conserva\u00e7\u00e3o","potentialAction":[{"@type":"SearchAction","target":{"@type":"EntryPoint","urlTemplate":"https:\/\/mantacatalog.org\/en\/?s={search_term_string}"},"query-input":{"@type":"PropertyValueSpecification","valueRequired":true,"valueName":"search_term_string"}}],"inLanguage":"pt-PT"}]}},"_links":{"self":[{"href":"https:\/\/mantacatalog.org\/pt\/wp-json\/wp\/v2\/pages\/488","targetHints":{"allow":["GET"]}}],"collection":[{"href":"https:\/\/mantacatalog.org\/pt\/wp-json\/wp\/v2\/pages"}],"about":[{"href":"https:\/\/mantacatalog.org\/pt\/wp-json\/wp\/v2\/types\/page"}],"author":[{"embeddable":true,"href":"https:\/\/mantacatalog.org\/pt\/wp-json\/wp\/v2\/users\/3"}],"replies":[{"embeddable":true,"href":"https:\/\/mantacatalog.org\/pt\/wp-json\/wp\/v2\/comments?post=488"}],"version-history":[{"count":5,"href":"https:\/\/mantacatalog.org\/pt\/wp-json\/wp\/v2\/pages\/488\/revisions"}],"predecessor-version":[{"id":818,"href":"https:\/\/mantacatalog.org\/pt\/wp-json\/wp\/v2\/pages\/488\/revisions\/818"}],"wp:attachment":[{"href":"https:\/\/mantacatalog.org\/pt\/wp-json\/wp\/v2\/media?parent=488"}],"curies":[{"name":"wp","href":"https:\/\/api.w.org\/{rel}","templated":true}]}}