{"id":489,"date":"2023-04-13T10:43:12","date_gmt":"2023-04-13T10:43:12","guid":{"rendered":"http:\/\/s884785026.mialojamiento.es\/?page_id=489"},"modified":"2023-07-29T01:20:12","modified_gmt":"2023-07-29T01:20:12","slug":"citizen-science","status":"publish","type":"page","link":"https:\/\/mantacatalog.org\/pt\/citizen-science\/","title":{"rendered":"Ci\u00eancia-cidad\u00e3"},"content":{"rendered":"[et_pb_section fb_built=\"1\u2033 _builder_version=\"4.4.3\u2033][et_pb_row column_structure=\"1_2,1_2\u2033 _builder_version=\"4.4.3\u2033 custom_padding=\"18px|||||\"][et_pb_column type=\"1_2\u2033 _builder_version=\"4.4.3\u2033][et_pb_text _builder_version=\"4.4.3\u2033 width=\"100%\" custom_padding=\"|0px||||\"]\n<h3 style=\"text-align: left;\"><strong>Ci\u00eancia-cidad\u00e3 e envolvimento da comunidade<\/strong><\/h3>\n<p>&nbsp;<\/p>\n<p style=\"text-align: justify;\">A ci\u00eancia-cidad\u00e3 - o envolvimento ativo do p\u00fablico na investiga\u00e7\u00e3o cient\u00edfica - \u00e9 uma importante fonte de conhecimento. A crescente acessibilidade de equipamentos como c\u00e2maras subaqu\u00e1ticas, computadores e smartphones resultou numa explos\u00e3o da participa\u00e7\u00e3o do p\u00fablico em projectos de ci\u00eancia-cidad\u00e3 em todo o mundo. O Manta Catalog foi criado com o objetivo de utilizar o poder da ci\u00eancia-cidad\u00e3 para ajudar na investiga\u00e7\u00e3o e conserva\u00e7\u00e3o de Mobul\u00eddeos no Atl\u00e2ntico Este.<\/p>\n<p style=\"text-align: justify;\">O p\u00fablico em geral pode partilhar os seus avistamentos e contribuir para o nosso\u00a0<a href=\"https:\/\/mantacatalog.org\/pt\/photo-id-database\/\">cat\u00e1logo de foto-ID<\/a>\u00a0, onde os indiv\u00edduos s\u00e3o identificados atrav\u00e9s de fotografias das suas marcas ventrais \u00fanicas. As informa\u00e7\u00f5es recolhidas durante actividades como a pr\u00e1tica de snorkeling ou de mergulho podem fornecer informa\u00e7\u00f5es valiosas sobre a dimens\u00e3o e a demografia das popula\u00e7\u00f5es, avalia\u00e7\u00f5es das rotas de migra\u00e7\u00e3o e padr\u00f5es temporais de ocorr\u00eancia.<\/p>\n<p style=\"text-align: justify;\">O envolvimento da comunidade \u00e9 crucial para abordar as amea\u00e7as globais a estas esp\u00e9cies, como a sobrepesca, a polui\u00e7\u00e3o por pl\u00e1sticos e as altera\u00e7\u00f5es clim\u00e1ticas. Os nossos h\u00e1bitos de consumo determinam os fluxos de mercado e as nossas escolhas conscientes podem fazer a diferen\u00e7a. As campanhas de conserva\u00e7\u00e3o e as iniciativas de sensibiliza\u00e7\u00e3o s\u00e3o tamb\u00e9m passos importantes para envolver ativamente o p\u00fablico na prote\u00e7\u00e3o das jamantas.<\/p>\n<p style=\"text-align: justify;\">\n<p style=\"text-align: justify;\">\n<p style=\"text-align: justify;\">\n<p style=\"text-align: justify;\">\n<p style=\"text-align: justify;\">\n<p style=\"text-align: justify;\">A ci\u00eancia-cidad\u00e3 proporciona benef\u00edcios cient\u00edficos (recolha de dados) e de participa\u00e7\u00e3o. Espera-se tamb\u00e9m que a mobiliza\u00e7\u00e3o dos cidad\u00e3os conduza a outros resultados, como a educa\u00e7\u00e3o, a sensibiliza\u00e7\u00e3o e a a\u00e7\u00e3o.<\/p>\n<p style=\"text-align: justify;\">A maior parte do trabalho do MC tem sido conduzido em colabora\u00e7\u00e3o com operadores de mergulho locais e os seus clientes, que apoiam o projeto como \"Cidad\u00e3os Cientistas\". Os clientes contribuem com fotografias de identifica\u00e7\u00e3o captadas durante os seus mergulhos e os operadores de mergulho comunicam quaisquer avistamentos de m\u00f3bulas ocorridos durante a \u00e9poca. Mais recentemente, os pescadores recreativos locais tamb\u00e9m se t\u00eam comunicado os seus encontros com estes animais.<\/p>\n[\/et_pb_text][\/et_pb_column][et_pb_column type=\"1_2\u2033 _builder_version=\"4.4.3\u2033][et_pb_image src=\"https:\/\/mantacatalog.org\/wp-content\/uploads\/2023\/07\/P1080083-scaled.jpg\" _builder_version=\"4.4.3\u2033 min_height=\"532.6px\"][\/et_pb_image][et_pb_image src=\"https:\/\/mantacatalog.org\/wp-content\/uploads\/2023\/07\/IMG_2251-scaled.jpg\" _builder_version=\"4.4.3\u2033][\/et_pb_image][et_pb_image src=\"https:\/\/mantacatalog.org\/wp-content\/uploads\/2023\/07\/4as-mini-jornadas-do-ambiente-em-santa-maria-3_1.jpg\" _builder_version=\"4.4.3\u2033][\/et_pb_image][\/et_pb_column][\/et_pb_row][\/et_pb_section]","protected":false},"excerpt":{"rendered":"<p>[et_pb_section fb_built=\"1\u2033 _builder_version=\"4.4.3\u2033][et_pb_row column_structure=\"1_2,1_2\u2033 _builder_version=\"4.4.3\u2033 custom_padding=\"18px|||||\"][et_pb_column type=\"1_2\u2033 _builder_version=\"4.4.3\u2033][et_pb_text _builder_version=\"4.4.3\u2033 width=\"100%\" custom_padding=\"|0px||||\"] Ci\u00eancia cidad\u00e3 e envolvimento da comunidade A ci\u00eancia cidad\u00e3 - o envolvimento ativo do p\u00fablico na investiga\u00e7\u00e3o cient\u00edfica - \u00e9 uma importante fonte de conhecimento. A crescente acessibilidade de equipamentos como c\u00e2maras subaqu\u00e1ticas, computadores e smartphones resultou numa explos\u00e3o de investiga\u00e7\u00e3o p\u00fablica [...]<\/p>","protected":false},"author":3,"featured_media":0,"parent":0,"menu_order":0,"comment_status":"closed","ping_status":"closed","template":"","meta":{"_et_pb_use_builder":"on","_et_pb_old_content":"","_et_gb_content_width":"","footnotes":""},"class_list":["post-489","page","type-page","status-publish","hentry"],"yoast_head":"<!-- This site is optimized with the Yoast SEO plugin v26.2 - https:\/\/yoast.com\/wordpress\/plugins\/seo\/ -->\n<title>Citizen Science - Manta Catalog<\/title>\n<meta name=\"robots\" content=\"index, follow, max-snippet:-1, max-image-preview:large, max-video-preview:-1\" \/>\n<link rel=\"canonical\" href=\"https:\/\/mantacatalog.org\/pt\/citizen-science\/\" \/>\n<meta property=\"og:locale\" content=\"pt_PT\" \/>\n<meta property=\"og:type\" content=\"article\" \/>\n<meta property=\"og:title\" content=\"Citizen Science - Manta Catalog\" \/>\n<meta property=\"og:description\" content=\"[et_pb_section fb_built=&#8221;1&#8243; _builder_version=&#8221;4.4.3&#8243;][et_pb_row column_structure=&#8221;1_2,1_2&#8243; _builder_version=&#8221;4.4.3&#8243; custom_padding=&#8221;18px|||||&#8221;][et_pb_column type=&#8221;1_2&#8243; _builder_version=&#8221;4.4.3&#8243;][et_pb_text _builder_version=&#8221;4.4.3&#8243; width=&#8221;100%&#8221; custom_padding=&#8221;|0px||||&#8221;] Citizen Science and Community Engagement &nbsp; Citizen science &#8211; the active involvement of the public in scientific research &#8211; is an important source of knowledge. The increasing affordability of equipment such as underwater cameras, computers and smartphones, has resulted in an explosion of public [&hellip;]\" \/>\n<meta property=\"og:url\" content=\"https:\/\/mantacatalog.org\/pt\/citizen-science\/\" \/>\n<meta property=\"og:site_name\" content=\"Manta Catalog\" \/>\n<meta property=\"article:modified_time\" content=\"2023-07-29T01:20:12+00:00\" \/>\n<meta name=\"twitter:card\" content=\"summary_large_image\" \/>\n<meta name=\"twitter:label1\" content=\"Tempo estimado de leitura\" \/>\n\t<meta name=\"twitter:data1\" content=\"2 minutos\" \/>\n<script type=\"application\/ld+json\" class=\"yoast-schema-graph\">{\"@context\":\"https:\/\/schema.org\",\"@graph\":[{\"@type\":\"WebPage\",\"@id\":\"https:\/\/mantacatalog.org\/citizen-science\/\",\"url\":\"https:\/\/mantacatalog.org\/citizen-science\/\",\"name\":\"Citizen Science - Manta Catalog\",\"isPartOf\":{\"@id\":\"https:\/\/mantacatalog.org\/en\/#website\"},\"datePublished\":\"2023-04-13T10:43:12+00:00\",\"dateModified\":\"2023-07-29T01:20:12+00:00\",\"breadcrumb\":{\"@id\":\"https:\/\/mantacatalog.org\/citizen-science\/#breadcrumb\"},\"inLanguage\":\"pt-PT\",\"potentialAction\":[{\"@type\":\"ReadAction\",\"target\":[\"https:\/\/mantacatalog.org\/citizen-science\/\"]}]},{\"@type\":\"BreadcrumbList\",\"@id\":\"https:\/\/mantacatalog.org\/citizen-science\/#breadcrumb\",\"itemListElement\":[{\"@type\":\"ListItem\",\"position\":1,\"name\":\"Home\",\"item\":\"https:\/\/mantacatalog.org\/en\/\"},{\"@type\":\"ListItem\",\"position\":2,\"name\":\"Citizen Science\"}]},{\"@type\":\"WebSite\",\"@id\":\"https:\/\/mantacatalog.org\/en\/#website\",\"url\":\"https:\/\/mantacatalog.org\/en\/\",\"name\":\"Manta Catalog\",\"description\":\"Research &amp; Conservation\",\"potentialAction\":[{\"@type\":\"SearchAction\",\"target\":{\"@type\":\"EntryPoint\",\"urlTemplate\":\"https:\/\/mantacatalog.org\/en\/?s={search_term_string}\"},\"query-input\":{\"@type\":\"PropertyValueSpecification\",\"valueRequired\":true,\"valueName\":\"search_term_string\"}}],\"inLanguage\":\"pt-PT\"}]}<\/script>\n<!-- \/ Yoast SEO plugin. -->","yoast_head_json":{"title":"Ci\u00eancia Cidad\u00e3 - Cat\u00e1logo Manta","robots":{"index":"index","follow":"follow","max-snippet":"max-snippet:-1","max-image-preview":"max-image-preview:large","max-video-preview":"max-video-preview:-1"},"canonical":"https:\/\/mantacatalog.org\/pt\/citizen-science\/","og_locale":"pt_PT","og_type":"article","og_title":"Citizen Science - Manta Catalog","og_description":"[et_pb_section fb_built=&#8221;1&#8243; _builder_version=&#8221;4.4.3&#8243;][et_pb_row column_structure=&#8221;1_2,1_2&#8243; _builder_version=&#8221;4.4.3&#8243; custom_padding=&#8221;18px|||||&#8221;][et_pb_column type=&#8221;1_2&#8243; _builder_version=&#8221;4.4.3&#8243;][et_pb_text _builder_version=&#8221;4.4.3&#8243; width=&#8221;100%&#8221; custom_padding=&#8221;|0px||||&#8221;] Citizen Science and Community Engagement &nbsp; Citizen science &#8211; the active involvement of the public in scientific research &#8211; is an important source of knowledge. The increasing affordability of equipment such as underwater cameras, computers and smartphones, has resulted in an explosion of public [&hellip;]","og_url":"https:\/\/mantacatalog.org\/pt\/citizen-science\/","og_site_name":"Manta Catalog","article_modified_time":"2023-07-29T01:20:12+00:00","twitter_card":"summary_large_image","twitter_misc":{"Tempo estimado de leitura":"2 minutos"},"schema":{"@context":"https:\/\/schema.org","@graph":[{"@type":"WebPage","@id":"https:\/\/mantacatalog.org\/citizen-science\/","url":"https:\/\/mantacatalog.org\/citizen-science\/","name":"Ci\u00eancia Cidad\u00e3 - Cat\u00e1logo Manta","isPartOf":{"@id":"https:\/\/mantacatalog.org\/en\/#website"},"datePublished":"2023-04-13T10:43:12+00:00","dateModified":"2023-07-29T01:20:12+00:00","breadcrumb":{"@id":"https:\/\/mantacatalog.org\/citizen-science\/#breadcrumb"},"inLanguage":"pt-PT","potentialAction":[{"@type":"ReadAction","target":["https:\/\/mantacatalog.org\/citizen-science\/"]}]},{"@type":"BreadcrumbList","@id":"https:\/\/mantacatalog.org\/citizen-science\/#breadcrumb","itemListElement":[{"@type":"ListItem","position":1,"name":"Home","item":"https:\/\/mantacatalog.org\/en\/"},{"@type":"ListItem","position":2,"name":"Citizen Science"}]},{"@type":"WebSite","@id":"https:\/\/mantacatalog.org\/en\/#website","url":"https:\/\/mantacatalog.org\/en\/","name":"Cat\u00e1logo Manta","description":"Investiga\u00e7\u00e3o e conserva\u00e7\u00e3o","potentialAction":[{"@type":"SearchAction","target":{"@type":"EntryPoint","urlTemplate":"https:\/\/mantacatalog.org\/en\/?s={search_term_string}"},"query-input":{"@type":"PropertyValueSpecification","valueRequired":true,"valueName":"search_term_string"}}],"inLanguage":"pt-PT"}]}},"_links":{"self":[{"href":"https:\/\/mantacatalog.org\/pt\/wp-json\/wp\/v2\/pages\/489","targetHints":{"allow":["GET"]}}],"collection":[{"href":"https:\/\/mantacatalog.org\/pt\/wp-json\/wp\/v2\/pages"}],"about":[{"href":"https:\/\/mantacatalog.org\/pt\/wp-json\/wp\/v2\/types\/page"}],"author":[{"embeddable":true,"href":"https:\/\/mantacatalog.org\/pt\/wp-json\/wp\/v2\/users\/3"}],"replies":[{"embeddable":true,"href":"https:\/\/mantacatalog.org\/pt\/wp-json\/wp\/v2\/comments?post=489"}],"version-history":[{"count":8,"href":"https:\/\/mantacatalog.org\/pt\/wp-json\/wp\/v2\/pages\/489\/revisions"}],"predecessor-version":[{"id":785,"href":"https:\/\/mantacatalog.org\/pt\/wp-json\/wp\/v2\/pages\/489\/revisions\/785"}],"wp:attachment":[{"href":"https:\/\/mantacatalog.org\/pt\/wp-json\/wp\/v2\/media?parent=489"}],"curies":[{"name":"wp","href":"https:\/\/api.w.org\/{rel}","templated":true}]}}