{"id":491,"date":"2023-04-13T10:43:12","date_gmt":"2023-04-13T10:43:12","guid":{"rendered":"http:\/\/s884785026.mialojamiento.es\/?page_id=491"},"modified":"2023-10-20T11:34:20","modified_gmt":"2023-10-20T11:34:20","slug":"mantas-and-devil-rays","status":"publish","type":"page","link":"https:\/\/mantacatalog.org\/pt\/mantas-and-devil-rays\/","title":{"rendered":"Mantas e Jamantas"},"content":{"rendered":"[et_pb_section fb_built=\"1\u2033 _builder_version=\"4.4.3\u2033][et_pb_row _builder_version=\"4.4.3\u2033][et_pb_column _builder_version=\"4.4.3\u2033 type=\"4_4\u2033][et_pb_text _builder_version=\"4.4.3\u2033 hover_enabled=\"0\u2033]\n<h1>Mantas e jamantas<\/h1>\n<p>&nbsp;<\/p>\n<p>O termo \"manta\" corresponde \u00e0 palavra portuguesa ou espanhola utilizada para designar um manto semelhante aos mobul\u00eddeos em tamanho e forma.<\/p>\n<p><strong>Estas raias pertencem \u00e0 fam\u00edlia Mobulidae, que tem dez esp\u00e9cies e compreende um g\u00e9nero: Mobula.<\/strong><\/p>\n<p><strong>Apesar de se encontrarem entre as esp\u00e9cies marinhas mais carism\u00e1ticas, ainda sabemos muito pouco sobre a sua biologia e ecologia e est\u00e3o a enfrentar s\u00e9rias amea\u00e7as. Estas raias s\u00e3o afectadas por numerosas actividades humanas, incluindo a pesca direccionada, a captura acidental como captura acess\u00f3ria, a destrui\u00e7\u00e3o do habitat, os detritos marinhos, as colis\u00f5es com barcos, o emaranhamento e o turismo n\u00e3o regulamentado.<\/strong><\/p>\n<p><strong>Os mobul\u00eddeos atingem a maturidade sexual tardiamente, t\u00eam uma grande longevidade e d\u00e3o \u00e0 luz uma \u00fanica cria a cada 2 a 5 anos, o que limita a capacidade das popula\u00e7\u00f5es para recuperar  de deple\u00e7\u00e3o causada por actividades humanas ou outros impactos. Por isso, \u00e9 cada vez mais importante sensibilizar para a import\u00e2ncia da conserva\u00e7\u00e3o destes animais.<\/strong><\/p>\n<p>Parentes pr\u00f3ximos de todos os tubar\u00f5es e raias, estes peixes cartilag\u00edneos, que se alimentam por filtra\u00e7\u00e3o, est\u00e3o presentes em todos os oceanos tropicais e subtropicais do mundo. Estes peixes t\u00eam de manter a \u00e1gua a fluir atrav\u00e9s das suas guelras para respirar, o que significa que nunca podem parar de nadar. Os seus movimentos di\u00e1rios e sazonais est\u00e3o sincronizados com as correntes oce\u00e2nicas, o que lhes permite perseguir o alimento planct\u00f3nico de que dependem.<\/p>\n<p>V\u00e1rias diferen\u00e7as morfol\u00f3gicas, como o tamanho do corpo e a cor, distinguem as esp\u00e9cies. As mantas s\u00e3o as maiores de todas as raias, atingindo um tamanho m\u00e1ximo de sete metros, de ponta a ponta das asas, e pesando at\u00e9 duas toneladas. O seu tamanho permite-lhes aumentar a sua \u00e0rea de procura de alimento e capacidade de armazenamento de energia, enquanto a sua forma achatada do corpo \u00e9 perfeitamente adequada para \"planar\", melhorando a efici\u00eancia de nata\u00e7\u00e3o destes grandes peixes.<\/p>\n<p>As jamantas s\u00e3o os seus parentes mais pequenos, com a maioria das esp\u00e9cies a variar entre 1 e 1,8 metros de largura. A jamanta gigante e a jamanta chilena s\u00e3o as esp\u00e9cies maiores, com larguras at\u00e9 3,5 metros. Apesar de serem conhecidas pela sua face dorsal escura e face ventral branca, a colora\u00e7\u00e3o e os padr\u00f5es das manchas variam consoante as esp\u00e9cies.<\/p>\n<p>As manta e as jamantas utilizam ap\u00eandices especialmente modificados suportados por cartilagem, denominados placas branquiais, para filtrar zoopl\u00e2ncton e pequenos peixes da coluna de \u00e1gua. Durante a nata\u00e7\u00e3o, a boca \u00e9 mantida aberta e os lobos cef\u00e1licos (barbatanas modificadas no topo da cabe\u00e7a) s\u00e3o utilizados como uma colher para facilitar a ingest\u00e3o de alimentos. Uma vez engolido, o alimento \u00e9 filtrado pelas placas branquiais antes de ser processado pelo sistema digestivo. Embora se alimentem por filtra\u00e7\u00e3o, a maior parte das esp\u00e9cies possui 300 filas de pequenos dentes em forma de cavilha, cada um do tamanho de uma cabe\u00e7a de alfinete, que utilizam durante a corte e acasalamento.<\/p>\n<p>Os mobul\u00eddeos t\u00eam c\u00e9rebros grandes, com o r\u00e1cio c\u00e9rebro\/massa corporal mais elevado de todos os peixes e uma fisiologia cerebral mais pr\u00f3xima da dos mam\u00edferos do que de outros peixes. O seu grande c\u00e9rebro pode estar associado aos seus comportamentos complexos e \u00e0 sua aparente \"intelig\u00eancia social\". A sua curiosidade em rela\u00e7\u00e3o aos mergulhadores faz com que qualquer encontro com estes animais seja uma experi\u00eancia verdadeiramente m\u00e1gica. Al\u00e9m de um c\u00e9rebro grande, t\u00eam uma enorme rede de art\u00e9rias, semelhante a uma esponja, em torno do c\u00e9rebro, denominada rete mirable cranica. Esta rede forma um sistema de contra-corrente que facilita a troca de calor entre os vasos sangu\u00edneos. Trata-se de uma adapta\u00e7\u00e3o importante que lhes permite manter o c\u00e9rebro bem aquecido e ativo enquanto mergulham para procurar pequenos peixes e outras esp\u00e9cies de zoopl\u00e2ncton que abundam nas camadas mais profundas do oceano.<\/p>\n<p>Clica <a href=\"https:\/\/www.mantatrust.org\/manta-and-devil-ray-species\" target=\"_blank\" rel=\"noopener noreferrer\">aqui<\/a> para saber mais sobre as esp\u00e9cies de mantas e jamantas existentes em todo o mundo.<\/p>\n[\/et_pb_text][\/et_pb_column][\/et_pb_row][et_pb_row _builder_version=\"4.4.3\u2033][et_pb_column _builder_version=\"4.4.3\u2033 type=\"4_4\u2033][et_pb_image src=\"https:\/\/mantacatalog.org\/wp-content\/uploads\/2023\/10\/\u00a9-Nuno-Sa-scaled.jpg\" _builder_version=\"4.4.3\u2033 hover_enabled=\"0\u2033][\/et_pb_image][\/et_pb_column][\/et_pb_row][\/et_pb_section]","protected":false},"excerpt":{"rendered":"<p>[et_pb_section fb_built=\"1\u2033 _builder_version=\"4.4.3\u2033][et_pb_row _builder_version=\"4.4.3\u2033][et_pb_column _builder_version=\"4.4.3\u2033 type=\"4_4\u2033][et_pb_text _builder_version=\"4.4.3\u2033 hover_enabled=\"0\u2033] Mantas e jamantas O termo \"manta\" corresponde \u00e0 palavra portuguesa ou espanhola utilizada para designar um manto semelhante a uma manta, semelhante aos mobul\u00eddeos em tamanho e forma. As raias mobul\u00eddeas pertencem \u00e0 fam\u00edlia Mobulidae, que tem dez esp\u00e9cies e compreende um g\u00e9nero: Mobula. Apesar de [...]<\/p>","protected":false},"author":3,"featured_media":0,"parent":0,"menu_order":0,"comment_status":"closed","ping_status":"closed","template":"","meta":{"_et_pb_use_builder":"on","_et_pb_old_content":"","_et_gb_content_width":"","footnotes":""},"class_list":["post-491","page","type-page","status-publish","hentry"],"yoast_head":"<!-- This site is optimized with the Yoast SEO plugin v26.2 - https:\/\/yoast.com\/wordpress\/plugins\/seo\/ -->\n<title>Mantas and Devil rays - Manta Catalog<\/title>\n<meta name=\"robots\" content=\"index, follow, max-snippet:-1, max-image-preview:large, max-video-preview:-1\" \/>\n<link rel=\"canonical\" href=\"https:\/\/mantacatalog.org\/pt\/mantas-and-devil-rays\/\" \/>\n<meta property=\"og:locale\" content=\"pt_PT\" \/>\n<meta property=\"og:type\" content=\"article\" \/>\n<meta property=\"og:title\" content=\"Mantas and Devil rays - Manta Catalog\" \/>\n<meta property=\"og:description\" content=\"[et_pb_section fb_built=&#8221;1&#8243; _builder_version=&#8221;4.4.3&#8243;][et_pb_row _builder_version=&#8221;4.4.3&#8243;][et_pb_column _builder_version=&#8221;4.4.3&#8243; type=&#8221;4_4&#8243;][et_pb_text _builder_version=&#8221;4.4.3&#8243; hover_enabled=&#8221;0&#8243;] Mantas and devil rays &nbsp; The term \u201cmanta\u201d corresponds to the Portuguese or Spanish word used to refer to a blanket-like cloak similar to mobulids in size and shape. Mobulid rays belong to the family Mobulidae, which has ten species and comprises one genus: Mobula. Even though [&hellip;]\" \/>\n<meta property=\"og:url\" content=\"https:\/\/mantacatalog.org\/pt\/mantas-and-devil-rays\/\" \/>\n<meta property=\"og:site_name\" content=\"Manta Catalog\" \/>\n<meta property=\"article:modified_time\" content=\"2023-10-20T11:34:20+00:00\" \/>\n<meta name=\"twitter:card\" content=\"summary_large_image\" \/>\n<meta name=\"twitter:label1\" content=\"Tempo estimado de leitura\" \/>\n\t<meta name=\"twitter:data1\" content=\"3 minutos\" \/>\n<script type=\"application\/ld+json\" class=\"yoast-schema-graph\">{\"@context\":\"https:\/\/schema.org\",\"@graph\":[{\"@type\":\"WebPage\",\"@id\":\"https:\/\/mantacatalog.org\/mantas-and-devil-rays\/\",\"url\":\"https:\/\/mantacatalog.org\/mantas-and-devil-rays\/\",\"name\":\"Mantas and Devil rays - Manta Catalog\",\"isPartOf\":{\"@id\":\"https:\/\/mantacatalog.org\/en\/#website\"},\"datePublished\":\"2023-04-13T10:43:12+00:00\",\"dateModified\":\"2023-10-20T11:34:20+00:00\",\"breadcrumb\":{\"@id\":\"https:\/\/mantacatalog.org\/mantas-and-devil-rays\/#breadcrumb\"},\"inLanguage\":\"pt-PT\",\"potentialAction\":[{\"@type\":\"ReadAction\",\"target\":[\"https:\/\/mantacatalog.org\/mantas-and-devil-rays\/\"]}]},{\"@type\":\"BreadcrumbList\",\"@id\":\"https:\/\/mantacatalog.org\/mantas-and-devil-rays\/#breadcrumb\",\"itemListElement\":[{\"@type\":\"ListItem\",\"position\":1,\"name\":\"Home\",\"item\":\"https:\/\/mantacatalog.org\/en\/\"},{\"@type\":\"ListItem\",\"position\":2,\"name\":\"Mantas and Devil rays\"}]},{\"@type\":\"WebSite\",\"@id\":\"https:\/\/mantacatalog.org\/en\/#website\",\"url\":\"https:\/\/mantacatalog.org\/en\/\",\"name\":\"Manta Catalog\",\"description\":\"Research &amp; Conservation\",\"potentialAction\":[{\"@type\":\"SearchAction\",\"target\":{\"@type\":\"EntryPoint\",\"urlTemplate\":\"https:\/\/mantacatalog.org\/en\/?s={search_term_string}\"},\"query-input\":{\"@type\":\"PropertyValueSpecification\",\"valueRequired\":true,\"valueName\":\"search_term_string\"}}],\"inLanguage\":\"pt-PT\"}]}<\/script>\n<!-- \/ Yoast SEO plugin. -->","yoast_head_json":{"title":"Mantas e jamantas - Cat\u00e1logo Manta","robots":{"index":"index","follow":"follow","max-snippet":"max-snippet:-1","max-image-preview":"max-image-preview:large","max-video-preview":"max-video-preview:-1"},"canonical":"https:\/\/mantacatalog.org\/pt\/mantas-and-devil-rays\/","og_locale":"pt_PT","og_type":"article","og_title":"Mantas and Devil rays - Manta Catalog","og_description":"[et_pb_section fb_built=&#8221;1&#8243; _builder_version=&#8221;4.4.3&#8243;][et_pb_row _builder_version=&#8221;4.4.3&#8243;][et_pb_column _builder_version=&#8221;4.4.3&#8243; type=&#8221;4_4&#8243;][et_pb_text _builder_version=&#8221;4.4.3&#8243; hover_enabled=&#8221;0&#8243;] Mantas and devil rays &nbsp; The term \u201cmanta\u201d corresponds to the Portuguese or Spanish word used to refer to a blanket-like cloak similar to mobulids in size and shape. Mobulid rays belong to the family Mobulidae, which has ten species and comprises one genus: Mobula. Even though [&hellip;]","og_url":"https:\/\/mantacatalog.org\/pt\/mantas-and-devil-rays\/","og_site_name":"Manta Catalog","article_modified_time":"2023-10-20T11:34:20+00:00","twitter_card":"summary_large_image","twitter_misc":{"Tempo estimado de leitura":"3 minutos"},"schema":{"@context":"https:\/\/schema.org","@graph":[{"@type":"WebPage","@id":"https:\/\/mantacatalog.org\/mantas-and-devil-rays\/","url":"https:\/\/mantacatalog.org\/mantas-and-devil-rays\/","name":"Mantas e jamantas - Cat\u00e1logo Manta","isPartOf":{"@id":"https:\/\/mantacatalog.org\/en\/#website"},"datePublished":"2023-04-13T10:43:12+00:00","dateModified":"2023-10-20T11:34:20+00:00","breadcrumb":{"@id":"https:\/\/mantacatalog.org\/mantas-and-devil-rays\/#breadcrumb"},"inLanguage":"pt-PT","potentialAction":[{"@type":"ReadAction","target":["https:\/\/mantacatalog.org\/mantas-and-devil-rays\/"]}]},{"@type":"BreadcrumbList","@id":"https:\/\/mantacatalog.org\/mantas-and-devil-rays\/#breadcrumb","itemListElement":[{"@type":"ListItem","position":1,"name":"Home","item":"https:\/\/mantacatalog.org\/en\/"},{"@type":"ListItem","position":2,"name":"Mantas and Devil rays"}]},{"@type":"WebSite","@id":"https:\/\/mantacatalog.org\/en\/#website","url":"https:\/\/mantacatalog.org\/en\/","name":"Cat\u00e1logo Manta","description":"Investiga\u00e7\u00e3o e conserva\u00e7\u00e3o","potentialAction":[{"@type":"SearchAction","target":{"@type":"EntryPoint","urlTemplate":"https:\/\/mantacatalog.org\/en\/?s={search_term_string}"},"query-input":{"@type":"PropertyValueSpecification","valueRequired":true,"valueName":"search_term_string"}}],"inLanguage":"pt-PT"}]}},"_links":{"self":[{"href":"https:\/\/mantacatalog.org\/pt\/wp-json\/wp\/v2\/pages\/491","targetHints":{"allow":["GET"]}}],"collection":[{"href":"https:\/\/mantacatalog.org\/pt\/wp-json\/wp\/v2\/pages"}],"about":[{"href":"https:\/\/mantacatalog.org\/pt\/wp-json\/wp\/v2\/types\/page"}],"author":[{"embeddable":true,"href":"https:\/\/mantacatalog.org\/pt\/wp-json\/wp\/v2\/users\/3"}],"replies":[{"embeddable":true,"href":"https:\/\/mantacatalog.org\/pt\/wp-json\/wp\/v2\/comments?post=491"}],"version-history":[{"count":5,"href":"https:\/\/mantacatalog.org\/pt\/wp-json\/wp\/v2\/pages\/491\/revisions"}],"predecessor-version":[{"id":835,"href":"https:\/\/mantacatalog.org\/pt\/wp-json\/wp\/v2\/pages\/491\/revisions\/835"}],"wp:attachment":[{"href":"https:\/\/mantacatalog.org\/pt\/wp-json\/wp\/v2\/media?parent=491"}],"curies":[{"name":"wp","href":"https:\/\/api.w.org\/{rel}","templated":true}]}}