{"id":98,"date":"2020-10-01T19:27:08","date_gmt":"2020-10-01T19:27:08","guid":{"rendered":"http:\/\/s884785026.mialojamiento.es\/?page_id=98"},"modified":"2023-05-19T00:43:55","modified_gmt":"2023-05-19T00:43:55","slug":"research","status":"publish","type":"page","link":"https:\/\/mantacatalog.org\/pt\/research\/","title":{"rendered":"Investiga\u00e7\u00e3o"},"content":{"rendered":"[et_pb_section fb_built=\"1\u2033 admin_label=\"section\" _builder_version=\"3.22\u2033][et_pb_row _builder_version=\"4.4.3\u2033 custom_padding=\"||35px|||\"][et_pb_column type=\"4_4\u2033 _builder_version=\"4.4.3\u2033][et_pb_text _builder_version=\"4.4.3\u2033 custom_margin=\"||-23px||||\"]\n<h1>Participa\u00e7\u00e3o<\/h1>\n[\/et_pb_text][\/et_pb_column][\/et_pb_row][\/et_pb_section][et_pb_section fb_built=\"1\u2033 _builder_version=\"4.4.3\u2033 background_color=\"#0474ac\" saved_tabs=\"all\"][et_pb_row column_structure=\"1_3,1_3,1_3\u2033 _builder_version=\"4.4.3\u2033][et_pb_column type=\"1_3\u2033 _builder_version=\"4.4.3\u2033][et_pb_image src=\"https:\/\/mantacatalog.org\/wp-content\/uploads\/2020\/10\/oceanariodelisboa.png\" url=\"https:\/\/www.oceanario.pt\/\" url_new_window=\"on\" align=\"center\" _builder_version=\"4.4.3\u2033][\/et_pb_image][\/et_pb_column][et_pb_column type=\"1_3\u2033 _builder_version=\"4.4.3\u2033][et_pb_image src=\"https:\/\/mantacatalog.org\/wp-content\/uploads\/2020\/10\/foundationyvesrocher.png\" url=\"https:\/\/www.yves-rocher-fondation.org\/\" url_new_window=\"on\" align=\"center\" _builder_version=\"4.4.3\u2033][\/et_pb_image][\/et_pb_column][et_pb_column type=\"1_3\u2033 _builder_version=\"4.4.3\u2033][et_pb_image src=\"https:\/\/mantacatalog.org\/wp-content\/uploads\/2020\/10\/saveourseasfoundation.png\" url=\"https:\/\/saveourseas.com\/\" url_new_window=\"on\" align=\"center\" _builder_version=\"4.4.3\u2033][\/et_pb_image][\/et_pb_column][\/et_pb_row][\/et_pb_section]","protected":false},"excerpt":{"rendered":"<p>[et_pb_section fb_built=\"1\u2033 admin_label=\"sec\u00e7\u00e3o\" _builder_version=\"3.22\u2033][et_pb_row _builder_version=\"4.4.3\u2033 custom_padding=\"||35px||||\"][et_pb_column type=\"4_4\u2033 _builder_version=\"4.4.3\u2033][et_pb_text _builder_version=\"4.4.3\u2033 custom_margin=\"||-23px|||\"] Participe [\/et_pb_text][\/et_pb_column][\/et_pb_row][\/et_pb_section][et_pb_section fb_built=\"1\u2033 _builder_version=\"4.4.3\u2033 background_color=\"#0474ac\" saved_tabs=\"all\"][et_pb_row column_structure=\"1_3,1_3,1_3\u2033 _builder_version=\"4.4.3\u2033][et_pb_column type=\"1_3\u2033 _builder_version=\"4.4.3\u2033][et_pb_image src=\"https:\/\/mantacatalog.org\/wp-content\/uploads\/2020\/10\/oceanariodelisboa.png\" url=\"https:\/\/www.oceanario.pt\/\" url_new_window=\"on\" align=\"center\" _builder_version=\"4.4.3\u2033][\/et_pb_image][\/et_pb_column][et_pb_column type=\"1_3\u2033 _builder_version=\"4.4.3\u2033][et_pb_image src=\"https:\/\/mantacatalog.org\/wp-content\/uploads\/2020\/10\/foundationyvesrocher.png\" url=\"https:\/\/www.yves-rocher-fondation.org\/\" url_new_window=\"on\" align=\"center\" _builder_version=\"4.4.3\u2033][\/et_pb_image][\/et_pb_column][et_pb_column type=\"1_3\u2033 _builder_version=\"4.4.3\u2033][et_pb_image src=\"https:\/\/mantacatalog.org\/wp-content\/uploads\/2020\/10\/saveourseasfoundation.png\" url=\"https:\/\/saveourseas.com\/\" url_new_window=\"on\" align=\"center\" _builder_version=\"4.4.3\u2033][\/et_pb_image][\/et_pb_column][\/et_pb_row][\/et_pb_section]<\/p>","protected":false},"author":1,"featured_media":0,"parent":0,"menu_order":0,"comment_status":"closed","ping_status":"closed","template":"","meta":{"_et_pb_use_builder":"on","_et_pb_old_content":"<!-- wp:wpforms\/form-selector {\"formId\":\"219\"} \/-->","_et_gb_content_width":"","footnotes":""},"class_list":["post-98","page","type-page","status-publish","hentry"],"yoast_head":"<!-- This site is optimized with the Yoast SEO plugin v26.2 - https:\/\/yoast.com\/wordpress\/plugins\/seo\/ -->\n<title>Research - Manta Catalog<\/title>\n<meta name=\"robots\" content=\"index, follow, max-snippet:-1, max-image-preview:large, max-video-preview:-1\" \/>\n<link rel=\"canonical\" href=\"https:\/\/mantacatalog.org\/pt\/research\/\" \/>\n<meta property=\"og:locale\" content=\"pt_PT\" \/>\n<meta property=\"og:type\" content=\"article\" \/>\n<meta property=\"og:title\" content=\"Research - Manta Catalog\" \/>\n<meta property=\"og:description\" content=\"[et_pb_section fb_built=&#8221;1&#8243; admin_label=&#8221;section&#8221; _builder_version=&#8221;3.22&#8243;][et_pb_row _builder_version=&#8221;4.4.3&#8243; custom_padding=&#8221;||35px|||&#8221;][et_pb_column type=&#8221;4_4&#8243; _builder_version=&#8221;4.4.3&#8243;][et_pb_text _builder_version=&#8221;4.4.3&#8243; custom_margin=&#8221;||-23px|||&#8221;] Participe [\/et_pb_text][\/et_pb_column][\/et_pb_row][\/et_pb_section][et_pb_section fb_built=&#8221;1&#8243; _builder_version=&#8221;4.4.3&#8243; background_color=&#8221;#0474ac&#8221; saved_tabs=&#8221;all&#8221;][et_pb_row column_structure=&#8221;1_3,1_3,1_3&#8243; _builder_version=&#8221;4.4.3&#8243;][et_pb_column type=&#8221;1_3&#8243; _builder_version=&#8221;4.4.3&#8243;][et_pb_image src=&#8221;https:\/\/mantacatalog.org\/wp-content\/uploads\/2020\/10\/oceanariodelisboa.png&#8221; url=&#8221;https:\/\/www.oceanario.pt\/&#8221; url_new_window=&#8221;on&#8221; align=&#8221;center&#8221; _builder_version=&#8221;4.4.3&#8243;][\/et_pb_image][\/et_pb_column][et_pb_column type=&#8221;1_3&#8243; _builder_version=&#8221;4.4.3&#8243;][et_pb_image src=&#8221;https:\/\/mantacatalog.org\/wp-content\/uploads\/2020\/10\/foundationyvesrocher.png&#8221; url=&#8221;https:\/\/www.yves-rocher-fondation.org\/&#8221; url_new_window=&#8221;on&#8221; align=&#8221;center&#8221; _builder_version=&#8221;4.4.3&#8243;][\/et_pb_image][\/et_pb_column][et_pb_column type=&#8221;1_3&#8243; _builder_version=&#8221;4.4.3&#8243;][et_pb_image src=&#8221;https:\/\/mantacatalog.org\/wp-content\/uploads\/2020\/10\/saveourseasfoundation.png&#8221; url=&#8221;https:\/\/saveourseas.com\/&#8221; url_new_window=&#8221;on&#8221; align=&#8221;center&#8221; _builder_version=&#8221;4.4.3&#8243;][\/et_pb_image][\/et_pb_column][\/et_pb_row][\/et_pb_section]\" \/>\n<meta property=\"og:url\" content=\"https:\/\/mantacatalog.org\/pt\/research\/\" \/>\n<meta property=\"og:site_name\" content=\"Manta Catalog\" \/>\n<meta property=\"article:modified_time\" content=\"2023-05-19T00:43:55+00:00\" \/>\n<meta name=\"twitter:card\" content=\"summary_large_image\" \/>\n<meta name=\"twitter:label1\" content=\"Tempo estimado de leitura\" \/>\n\t<meta name=\"twitter:data1\" content=\"1 minuto\" \/>\n<script type=\"application\/ld+json\" class=\"yoast-schema-graph\">{\"@context\":\"https:\/\/schema.org\",\"@graph\":[{\"@type\":\"WebPage\",\"@id\":\"https:\/\/mantacatalog.org\/research\/\",\"url\":\"https:\/\/mantacatalog.org\/research\/\",\"name\":\"Research - Manta Catalog\",\"isPartOf\":{\"@id\":\"https:\/\/mantacatalog.org\/en\/#website\"},\"datePublished\":\"2020-10-01T19:27:08+00:00\",\"dateModified\":\"2023-05-19T00:43:55+00:00\",\"breadcrumb\":{\"@id\":\"https:\/\/mantacatalog.org\/research\/#breadcrumb\"},\"inLanguage\":\"pt-PT\",\"potentialAction\":[{\"@type\":\"ReadAction\",\"target\":[\"https:\/\/mantacatalog.org\/research\/\"]}]},{\"@type\":\"BreadcrumbList\",\"@id\":\"https:\/\/mantacatalog.org\/research\/#breadcrumb\",\"itemListElement\":[{\"@type\":\"ListItem\",\"position\":1,\"name\":\"Home\",\"item\":\"https:\/\/mantacatalog.org\/en\/\"},{\"@type\":\"ListItem\",\"position\":2,\"name\":\"Research\"}]},{\"@type\":\"WebSite\",\"@id\":\"https:\/\/mantacatalog.org\/en\/#website\",\"url\":\"https:\/\/mantacatalog.org\/en\/\",\"name\":\"Manta Catalog\",\"description\":\"Research &amp; Conservation\",\"potentialAction\":[{\"@type\":\"SearchAction\",\"target\":{\"@type\":\"EntryPoint\",\"urlTemplate\":\"https:\/\/mantacatalog.org\/en\/?s={search_term_string}\"},\"query-input\":{\"@type\":\"PropertyValueSpecification\",\"valueRequired\":true,\"valueName\":\"search_term_string\"}}],\"inLanguage\":\"pt-PT\"}]}<\/script>\n<!-- \/ Yoast SEO plugin. -->","yoast_head_json":{"title":"Pesquisa - Cat\u00e1logo Manta","robots":{"index":"index","follow":"follow","max-snippet":"max-snippet:-1","max-image-preview":"max-image-preview:large","max-video-preview":"max-video-preview:-1"},"canonical":"https:\/\/mantacatalog.org\/pt\/research\/","og_locale":"pt_PT","og_type":"article","og_title":"Research - Manta Catalog","og_description":"[et_pb_section fb_built=&#8221;1&#8243; admin_label=&#8221;section&#8221; _builder_version=&#8221;3.22&#8243;][et_pb_row _builder_version=&#8221;4.4.3&#8243; custom_padding=&#8221;||35px|||&#8221;][et_pb_column type=&#8221;4_4&#8243; _builder_version=&#8221;4.4.3&#8243;][et_pb_text _builder_version=&#8221;4.4.3&#8243; custom_margin=&#8221;||-23px|||&#8221;] Participe [\/et_pb_text][\/et_pb_column][\/et_pb_row][\/et_pb_section][et_pb_section fb_built=&#8221;1&#8243; _builder_version=&#8221;4.4.3&#8243; background_color=&#8221;#0474ac&#8221; saved_tabs=&#8221;all&#8221;][et_pb_row column_structure=&#8221;1_3,1_3,1_3&#8243; _builder_version=&#8221;4.4.3&#8243;][et_pb_column type=&#8221;1_3&#8243; _builder_version=&#8221;4.4.3&#8243;][et_pb_image src=&#8221;https:\/\/mantacatalog.org\/wp-content\/uploads\/2020\/10\/oceanariodelisboa.png&#8221; url=&#8221;https:\/\/www.oceanario.pt\/&#8221; url_new_window=&#8221;on&#8221; align=&#8221;center&#8221; _builder_version=&#8221;4.4.3&#8243;][\/et_pb_image][\/et_pb_column][et_pb_column type=&#8221;1_3&#8243; _builder_version=&#8221;4.4.3&#8243;][et_pb_image src=&#8221;https:\/\/mantacatalog.org\/wp-content\/uploads\/2020\/10\/foundationyvesrocher.png&#8221; url=&#8221;https:\/\/www.yves-rocher-fondation.org\/&#8221; url_new_window=&#8221;on&#8221; align=&#8221;center&#8221; _builder_version=&#8221;4.4.3&#8243;][\/et_pb_image][\/et_pb_column][et_pb_column type=&#8221;1_3&#8243; _builder_version=&#8221;4.4.3&#8243;][et_pb_image src=&#8221;https:\/\/mantacatalog.org\/wp-content\/uploads\/2020\/10\/saveourseasfoundation.png&#8221; url=&#8221;https:\/\/saveourseas.com\/&#8221; url_new_window=&#8221;on&#8221; align=&#8221;center&#8221; _builder_version=&#8221;4.4.3&#8243;][\/et_pb_image][\/et_pb_column][\/et_pb_row][\/et_pb_section]","og_url":"https:\/\/mantacatalog.org\/pt\/research\/","og_site_name":"Manta Catalog","article_modified_time":"2023-05-19T00:43:55+00:00","twitter_card":"summary_large_image","twitter_misc":{"Tempo estimado de leitura":"1 minuto"},"schema":{"@context":"https:\/\/schema.org","@graph":[{"@type":"WebPage","@id":"https:\/\/mantacatalog.org\/research\/","url":"https:\/\/mantacatalog.org\/research\/","name":"Pesquisa - Cat\u00e1logo Manta","isPartOf":{"@id":"https:\/\/mantacatalog.org\/en\/#website"},"datePublished":"2020-10-01T19:27:08+00:00","dateModified":"2023-05-19T00:43:55+00:00","breadcrumb":{"@id":"https:\/\/mantacatalog.org\/research\/#breadcrumb"},"inLanguage":"pt-PT","potentialAction":[{"@type":"ReadAction","target":["https:\/\/mantacatalog.org\/research\/"]}]},{"@type":"BreadcrumbList","@id":"https:\/\/mantacatalog.org\/research\/#breadcrumb","itemListElement":[{"@type":"ListItem","position":1,"name":"Home","item":"https:\/\/mantacatalog.org\/en\/"},{"@type":"ListItem","position":2,"name":"Research"}]},{"@type":"WebSite","@id":"https:\/\/mantacatalog.org\/en\/#website","url":"https:\/\/mantacatalog.org\/en\/","name":"Cat\u00e1logo Manta","description":"Investiga\u00e7\u00e3o e conserva\u00e7\u00e3o","potentialAction":[{"@type":"SearchAction","target":{"@type":"EntryPoint","urlTemplate":"https:\/\/mantacatalog.org\/en\/?s={search_term_string}"},"query-input":{"@type":"PropertyValueSpecification","valueRequired":true,"valueName":"search_term_string"}}],"inLanguage":"pt-PT"}]}},"_links":{"self":[{"href":"https:\/\/mantacatalog.org\/pt\/wp-json\/wp\/v2\/pages\/98","targetHints":{"allow":["GET"]}}],"collection":[{"href":"https:\/\/mantacatalog.org\/pt\/wp-json\/wp\/v2\/pages"}],"about":[{"href":"https:\/\/mantacatalog.org\/pt\/wp-json\/wp\/v2\/types\/page"}],"author":[{"embeddable":true,"href":"https:\/\/mantacatalog.org\/pt\/wp-json\/wp\/v2\/users\/1"}],"replies":[{"embeddable":true,"href":"https:\/\/mantacatalog.org\/pt\/wp-json\/wp\/v2\/comments?post=98"}],"version-history":[{"count":17,"href":"https:\/\/mantacatalog.org\/pt\/wp-json\/wp\/v2\/pages\/98\/revisions"}],"predecessor-version":[{"id":550,"href":"https:\/\/mantacatalog.org\/pt\/wp-json\/wp\/v2\/pages\/98\/revisions\/550"}],"wp:attachment":[{"href":"https:\/\/mantacatalog.org\/pt\/wp-json\/wp\/v2\/media?parent=98"}],"curies":[{"name":"wp","href":"https:\/\/api.w.org\/{rel}","templated":true}]}}